{"id":5597,"date":"2020-02-07T20:28:30","date_gmt":"2020-02-07T19:28:30","guid":{"rendered":"http:\/\/klubmamgdynia.pl\/index.php\/produkt\/eurographics-550el-christmas-tree-tin-8551-5663\/"},"modified":"2026-05-17T22:21:02","modified_gmt":"2026-05-17T20:21:02","slug":"eurographics-550el-christmas-tree-tin-8551-5663","status":"publish","type":"product","link":"http:\/\/klubmamgdynia.pl\/index.php\/produkt\/eurographics-550el-christmas-tree-tin-8551-5663\/","title":{"rendered":"Eurographics 550El. Christmas Tree Tin 8551 5663"},"content":{"rendered":"<h2>Eurographics 550El. Christmas Tree Tin 8551 5663 Eurographics<\/h2>\n<p>malowanka, test z lektury felix net i nika oraz gang niewidzialnych ludzi, z\u0142ote my\u015bli pedagogiczne, cookie dough przepis, mi\u0142osz imi\u0119, izabela imie, m\u0105dra my\u015bl na dobranoc, magiczne drzewo czerwone krzes\u0142o test, dary jesieni kolorowanki jesie\u0144, choinko pi\u0119kna jak las tekst, opisy rodzina, niech \u017cyj\u0105 wakacje tekst, kolorowanka do druku kotek, mapa europy do druku, wydarzenia dla dzieci warszawa, zagadka matematyczna, bajki do czytania psi patrol, rebusy i krzy\u017c\u00f3wki dla dzieci do druku<\/p>\n<p>yyyyy<\/p>\n<p>&nbsp;<\/p>\n","protected":false},"excerpt":{"rendered":"<p>Eurographics 550El. Christmas Tree Tin 8551 5663 Eurographics malowanka, test z lektury felix net i nika oraz gang niewidzialnych ludzi, z\u0142ote my\u015bli pedagogiczne, cookie dough przepis, mi\u0142osz imi\u0119, izabela imie, m\u0105dra my\u015bl na dobranoc, magiczne drzewo czerwone krzes\u0142o test, dary jesieni kolorowanki jesie\u0144, choinko pi\u0119kna jak las tekst, opisy rodzina, niech \u017cyj\u0105 wakacje tekst, kolorowanka [&hellip;]<\/p>\n","protected":false},"featured_media":5598,"comment_status":"closed","ping_status":"open","template":"","meta":[],"product_cat":[1373,90],"product_tag":[758,705,868],"class_list":["post-5597","product","type-product","status-publish","has-post-thumbnail","hentry","product_cat-eurographics","product_cat-puzzle","product_tag-julian","product_tag-prezent-na-roczek-dla-chlopca","product_tag-quizy-dla-dzieci"],"_links":{"self":[{"href":"http:\/\/klubmamgdynia.pl\/index.php\/wp-json\/wp\/v2\/product\/5597","targetHints":{"allow":["GET"]}}],"collection":[{"href":"http:\/\/klubmamgdynia.pl\/index.php\/wp-json\/wp\/v2\/product"}],"about":[{"href":"http:\/\/klubmamgdynia.pl\/index.php\/wp-json\/wp\/v2\/types\/product"}],"replies":[{"embeddable":true,"href":"http:\/\/klubmamgdynia.pl\/index.php\/wp-json\/wp\/v2\/comments?post=5597"}],"wp:featuredmedia":[{"embeddable":true,"href":"http:\/\/klubmamgdynia.pl\/index.php\/wp-json\/wp\/v2\/media\/5598"}],"wp:attachment":[{"href":"http:\/\/klubmamgdynia.pl\/index.php\/wp-json\/wp\/v2\/media?parent=5597"}],"wp:term":[{"taxonomy":"product_cat","embeddable":true,"href":"http:\/\/klubmamgdynia.pl\/index.php\/wp-json\/wp\/v2\/product_cat?post=5597"},{"taxonomy":"product_tag","embeddable":true,"href":"http:\/\/klubmamgdynia.pl\/index.php\/wp-json\/wp\/v2\/product_tag?post=5597"}],"curies":[{"name":"wp","href":"https:\/\/api.w.org\/{rel}","templated":true}]}}