{"id":56,"date":"2011-08-30T08:48:59","date_gmt":"2011-08-30T06:48:59","guid":{"rendered":"http:\/\/klubmamgdynia.pl\/index.php\/produkt\/trixie-mr-raccoon-wobbly-stacking-animal\/"},"modified":"2026-04-06T02:48:46","modified_gmt":"2026-04-06T00:48:46","slug":"trixie-mr-raccoon-wobbly-stacking-animal","status":"publish","type":"product","link":"http:\/\/klubmamgdynia.pl\/index.php\/produkt\/trixie-mr-raccoon-wobbly-stacking-animal\/","title":{"rendered":"Trixie Mr.Raccoon Wobbly Stacking Animal"},"content":{"rendered":"<h2>Trixie Mr.Raccoon Wobbly Stacking Animal Trixie<\/h2>\n<p>warszawa dla dzieci, cytaty ma\u0142y ksi\u0105\u017ce, peppa kolorowanka, mini zoo mazowieckie, andrzejki kolorowanki do druku, estera, prezent dla 16 latki, wierszyk o choince, ko\u0142ysanka tekst, kr\u00f3tkie bajki dla dzieci do czytania, czytanki na dobranoc<\/p>\n<p>yyyyy<\/p>\n<p>&nbsp;<\/p>\n","protected":false},"excerpt":{"rendered":"<p>Trixie Mr.Raccoon Wobbly Stacking Animal Trixie warszawa dla dzieci, cytaty ma\u0142y ksi\u0105\u017ce, peppa kolorowanka, mini zoo mazowieckie, andrzejki kolorowanki do druku, estera, prezent dla 16 latki, wierszyk o choince, ko\u0142ysanka tekst, kr\u00f3tkie bajki dla dzieci do czytania, czytanki na dobranoc yyyyy &nbsp;<\/p>\n","protected":false},"featured_media":57,"comment_status":"closed","ping_status":"open","template":"","meta":[],"product_cat":[43,26],"product_tag":[789,713,712],"class_list":["post-56","product","type-product","status-publish","has-post-thumbnail","hentry","product_cat-trixie","product_cat-zabawki-do-wozka-lozeczka-i-fotelika","product_tag-kaczuszka","product_tag-zagadki-logiczne-z-odpowiedziami","product_tag-zagadki-o-zwierzetach"],"_links":{"self":[{"href":"http:\/\/klubmamgdynia.pl\/index.php\/wp-json\/wp\/v2\/product\/56","targetHints":{"allow":["GET"]}}],"collection":[{"href":"http:\/\/klubmamgdynia.pl\/index.php\/wp-json\/wp\/v2\/product"}],"about":[{"href":"http:\/\/klubmamgdynia.pl\/index.php\/wp-json\/wp\/v2\/types\/product"}],"replies":[{"embeddable":true,"href":"http:\/\/klubmamgdynia.pl\/index.php\/wp-json\/wp\/v2\/comments?post=56"}],"wp:featuredmedia":[{"embeddable":true,"href":"http:\/\/klubmamgdynia.pl\/index.php\/wp-json\/wp\/v2\/media\/57"}],"wp:attachment":[{"href":"http:\/\/klubmamgdynia.pl\/index.php\/wp-json\/wp\/v2\/media?parent=56"}],"wp:term":[{"taxonomy":"product_cat","embeddable":true,"href":"http:\/\/klubmamgdynia.pl\/index.php\/wp-json\/wp\/v2\/product_cat?post=56"},{"taxonomy":"product_tag","embeddable":true,"href":"http:\/\/klubmamgdynia.pl\/index.php\/wp-json\/wp\/v2\/product_tag?post=56"}],"curies":[{"name":"wp","href":"https:\/\/api.w.org\/{rel}","templated":true}]}}