{"id":5601,"date":"2015-01-17T09:24:40","date_gmt":"2015-01-17T08:24:40","guid":{"rendered":"http:\/\/klubmamgdynia.pl\/index.php\/produkt\/djeco-tukan-tekturowe-puzzle-24el\/"},"modified":"2026-04-30T13:08:09","modified_gmt":"2026-04-30T11:08:09","slug":"djeco-tukan-tekturowe-puzzle-24el","status":"publish","type":"product","link":"http:\/\/klubmamgdynia.pl\/index.php\/produkt\/djeco-tukan-tekturowe-puzzle-24el\/","title":{"rendered":"Djeco Tukan Tekturowe Puzzle 24El."},"content":{"rendered":"<p>Uk\u0142adanie puzzli \u0107wiczy cierpliwo\u015b\u0107, ma\u0142\u0105 motoryk\u0119.Puzzle wykonane z grubego, lakierowanego kartonu.Produkt z papieru i tektury z certyfikatem FSC\u00ae.WYMIARY OPAKOWANIA: 23 x 26 x 6 cmWYMIARY UK\u0141ADANKI: 42 x 30 cmWIEK: od 3 latPuzzle s\u0105 nowe, zapakowane w kartonik ilustrowany pi\u0119knym tukanem.<\/p>\n<h2>Djeco Tukan Tekturowe Puzzle 24El. Djeco<\/h2>\n<p>\u015bmieszne zagadki z odpowiedziami, quiz flagi europy, krok jak narysowa\u0107 konia, wobies, prezent dla 17 latka, prezenty roczek, lukrecja imi\u0119, kolorowanki miasto dzieci, bajki dla chlopcow, znaki drogowe quiz, bajki dla dzieci do czytania na dobranoc, kolorowanki do druku konie, jeziora blisko warszawy, zagadki nie do rozwi\u0105zania, test z dynastii mizio\u0142k\u00f3w, zgadywanki<\/p>\n<p>yyyyy<\/p>\n<p>&nbsp;<\/p>\n","protected":false},"excerpt":{"rendered":"<p>Uk\u0142adanie puzzli \u0107wiczy cierpliwo\u015b\u0107, ma\u0142\u0105 motoryk\u0119.Puzzle wykonane z grubego, lakierowanego kartonu.Produkt z papieru i tektury z certyfikatem FSC\u00ae.WYMIARY OPAKOWANIA: 23 x 26 x 6 cmWYMIARY UK\u0141ADANKI: 42 x 30 cmWIEK: od 3 latPuzzle s\u0105 nowe, zapakowane w kartonik ilustrowany pi\u0119knym tukanem. Djeco Tukan Tekturowe Puzzle 24El. Djeco \u015bmieszne zagadki z odpowiedziami, quiz flagi europy, krok [&hellip;]<\/p>\n","protected":false},"featured_media":5602,"comment_status":"closed","ping_status":"open","template":"","meta":[],"product_cat":[434,90],"product_tag":[582,690,594,769,840,736,709],"class_list":["post-5601","product","type-product","status-publish","has-post-thumbnail","hentry","product_cat-djeco","product_cat-puzzle","product_tag-nauka-pisania-literek-do-wydruku-pdf","product_tag-pieski-male-dwa-tekst","product_tag-podchwytliwe-zagadki-dla-dzieci","product_tag-psi-patrol-do-czytania","product_tag-stare-bajki","product_tag-zabawki-na-roczek","product_tag-zagadki-dla-dzieci-6-7-lat"],"_links":{"self":[{"href":"http:\/\/klubmamgdynia.pl\/index.php\/wp-json\/wp\/v2\/product\/5601","targetHints":{"allow":["GET"]}}],"collection":[{"href":"http:\/\/klubmamgdynia.pl\/index.php\/wp-json\/wp\/v2\/product"}],"about":[{"href":"http:\/\/klubmamgdynia.pl\/index.php\/wp-json\/wp\/v2\/types\/product"}],"replies":[{"embeddable":true,"href":"http:\/\/klubmamgdynia.pl\/index.php\/wp-json\/wp\/v2\/comments?post=5601"}],"wp:featuredmedia":[{"embeddable":true,"href":"http:\/\/klubmamgdynia.pl\/index.php\/wp-json\/wp\/v2\/media\/5602"}],"wp:attachment":[{"href":"http:\/\/klubmamgdynia.pl\/index.php\/wp-json\/wp\/v2\/media?parent=5601"}],"wp:term":[{"taxonomy":"product_cat","embeddable":true,"href":"http:\/\/klubmamgdynia.pl\/index.php\/wp-json\/wp\/v2\/product_cat?post=5601"},{"taxonomy":"product_tag","embeddable":true,"href":"http:\/\/klubmamgdynia.pl\/index.php\/wp-json\/wp\/v2\/product_tag?post=5601"}],"curies":[{"name":"wp","href":"https:\/\/api.w.org\/{rel}","templated":true}]}}