{"id":5603,"date":"2018-10-21T15:39:25","date_gmt":"2018-10-21T13:39:25","guid":{"rendered":"http:\/\/klubmamgdynia.pl\/index.php\/produkt\/holle-mus-owocowy-w-tubce-gruszka-jablko-koper-wloski-bio-od-6-miesiaca-100g\/"},"modified":"2026-04-29T19:08:04","modified_gmt":"2026-04-29T17:08:04","slug":"holle-mus-owocowy-w-tubce-gruszka-jablko-koper-wloski-bio-od-6-miesiaca-100g","status":"publish","type":"product","link":"http:\/\/klubmamgdynia.pl\/index.php\/produkt\/holle-mus-owocowy-w-tubce-gruszka-jablko-koper-wloski-bio-od-6-miesiaca-100g\/","title":{"rendered":"Holle Mus Owocowy W Tubce Gruszka Jab\u0142ko Koper W\u0142oski Bio Od 6 Miesi\u0105ca 100G"},"content":{"rendered":"<p>HOLLE MUS Z GRUSZKI, JABAK I KOPRU WOSKIEGOWskazania:HOLLE Mus z gruszki, jabka i kopru woskiego Koperkowa abka to produkt spoywczy dedykowany niemowltom powyej 6. miesica ycia i straszych dzieci. Idealnie sprawdza si stosowany jako zdrowa i smaczna przekska midzy gwnymi posikami lub jako deser.Waciwoci:Koperkowa abkaMus z gruszki, jabka i kopru woskiego marki Holle stanowi 90% owocw + warzywa. Jest to produkt rolnictwa ekologicznego, ktry nie zawiera dodatku cukru i jest zamknity w wygodnej w uyciu saszetce z moliwoci ponownego zamknicia: praktycznej w podry, atwej do uycia. Zawiera wycznie naturalnie wystpujce cukry. Jednostka certyfikujca: IT-BIO-013.Skad:gruszka* 80%, jabko* 10%, koper woski**10%.*rolnictwo biodynamiczne (Demeter)**rolnictwo ekologiczneWarto odywcza w 100 g:Warto energetyczna &#8211; 239 kJ\/56 kcalTuszcz &#8211; 0,3 g, w tym:- kwasy tuszczowe nasycone &#8211; 0,03 gWglowodany &#8211; 11,5 g, w tym:- cukier &#8211; 9,3 gBiako &#8211; 0,6 gSl &#8211; 0,011 gSd &#8211; 0,004.Stosowanie:Mus podawa yeczk. Nie dopuszcza, aby dziecko przez duszy czas ssao tubk, co moe prowadzi do uszkodzenia zbw. Nakrtk przechowywa poza zasigiem dzieci. Po otwarciu przechowywa w lodwce do 2 dni.Opakowanie:100 g<\/p>\n<h2>Holle Mus Owocowy W Tubce Gruszka Jab\u0142ko Koper W\u0142oski Bio Od 6 Miesi\u0105ca 100G Holle<\/h2>\n<p>sentencja rodzina, dzieci pl, mia, pierwszy obudzi\u0142 si\u0119 pierwiosnek tekst, \u0142\u0105czenie kropek, zak\u0142adka do ksi\u0105\u017cki szablon do druku, quiz o miko\u0142ajku, wzruszaj\u0105ce s\u0142owa dla przyjaciela, mia\u0142a baba koguta tekst, kolorowanki konie z je\u017ad\u017acem, wroc\u0142aw dla dzieci, zagadki \u015bwi\u0105teczne dla dzieci, daria imie, cytaty o macierzy\u0144stwie, wroc\u0142aw atrakcje dla m\u0142odzie\u017cy, u\u015bmiech dziecka wiersz, opisy do zdj z dzieckiem, zagadki o zimie, zaproszenie na urodziny do druku<\/p>\n<p>yyyyy<\/p>\n<p>&nbsp;<\/p>\n","protected":false},"excerpt":{"rendered":"<p>HOLLE MUS Z GRUSZKI, JABAK I KOPRU WOSKIEGOWskazania:HOLLE Mus z gruszki, jabka i kopru woskiego Koperkowa abka to produkt spoywczy dedykowany niemowltom powyej 6. miesica ycia i straszych dzieci. Idealnie sprawdza si stosowany jako zdrowa i smaczna przekska midzy gwnymi posikami lub jako deser.Waciwoci:Koperkowa abkaMus z gruszki, jabka i kopru woskiego marki Holle stanowi 90% [&hellip;]<\/p>\n","protected":false},"featured_media":5604,"comment_status":"closed","ping_status":"open","template":"","meta":[],"product_cat":[112,106],"product_tag":[728,775,688,618,809],"class_list":["post-5603","product","type-product","status-publish","has-post-thumbnail","hentry","product_cat-deserki-dla-dzieci","product_cat-holle","product_tag-bezwarunkowa-milosc-do-dziecka-cytaty","product_tag-kolorowanki-do-druku-pokemon","product_tag-kolysanki-tekst","product_tag-lato-lato-lato-czeka-tekst","product_tag-zagadki"],"_links":{"self":[{"href":"http:\/\/klubmamgdynia.pl\/index.php\/wp-json\/wp\/v2\/product\/5603","targetHints":{"allow":["GET"]}}],"collection":[{"href":"http:\/\/klubmamgdynia.pl\/index.php\/wp-json\/wp\/v2\/product"}],"about":[{"href":"http:\/\/klubmamgdynia.pl\/index.php\/wp-json\/wp\/v2\/types\/product"}],"replies":[{"embeddable":true,"href":"http:\/\/klubmamgdynia.pl\/index.php\/wp-json\/wp\/v2\/comments?post=5603"}],"wp:featuredmedia":[{"embeddable":true,"href":"http:\/\/klubmamgdynia.pl\/index.php\/wp-json\/wp\/v2\/media\/5604"}],"wp:attachment":[{"href":"http:\/\/klubmamgdynia.pl\/index.php\/wp-json\/wp\/v2\/media?parent=5603"}],"wp:term":[{"taxonomy":"product_cat","embeddable":true,"href":"http:\/\/klubmamgdynia.pl\/index.php\/wp-json\/wp\/v2\/product_cat?post=5603"},{"taxonomy":"product_tag","embeddable":true,"href":"http:\/\/klubmamgdynia.pl\/index.php\/wp-json\/wp\/v2\/product_tag?post=5603"}],"curies":[{"name":"wp","href":"https:\/\/api.w.org\/{rel}","templated":true}]}}