{"id":5605,"date":"2015-11-26T04:02:30","date_gmt":"2015-11-26T03:02:30","guid":{"rendered":"http:\/\/klubmamgdynia.pl\/index.php\/produkt\/usaopoly-puzzle-1000el-super-mario-happy-holidays\/"},"modified":"2026-04-04T00:55:00","modified_gmt":"2026-04-03T22:55:00","slug":"usaopoly-puzzle-1000el-super-mario-happy-holidays","status":"publish","type":"product","link":"http:\/\/klubmamgdynia.pl\/index.php\/produkt\/usaopoly-puzzle-1000el-super-mario-happy-holidays\/","title":{"rendered":"Usaopoly Puzzle 1000El. Super Mario Happy Holidays"},"content":{"rendered":"<p>PUZZLE: 1000 ELEMENT\u00d3W PRODUCENT: USAopolyNAZWA: SUPER MARIO &#8211; HAPPY HOLIDAYS INDEX: 15562KOD EAN: 700304155627ROZMIAR: 680 x 490 mmWYMIARY PUDE\u0141KA: 255 x 205 x 50 mm SUPER MARIO &#8211; HAPPY HOLIDAYSSUPER MARIO wraz ze swoimi przyjaci\u00f3\u0142mi \u017cyczy Weso\u0142ych \u015awi\u0105t! Fantastyczne puzzle w \u015bwi\u0105tecznym klimacie zachwyc\u0105 ka\u017cdego fana SUPER MARIO i nie tylko! USAopoly to znakomity producent puzzli i gier planszowych z Po\u0142udniowej Kalifornii w Stanach Zjednoczonych.Puzzle \u015bwietnej jako\u015bci, precyzyjnie wykonane, s\u0105 produkowane w USA.<\/p>\n<h2>Usaopoly Puzzle 1000El. Super Mario Happy Holidays Usaopoly<\/h2>\n<p>atrakcje dla dzieci warszawa i okolice, mega trudne zagadki logiczne, literki do druku, szlaczki do druku, adriana imie, mi\u015b z filmu animowanego, estera, izabela imie<\/p>\n<p>yyyyy<\/p>\n<p>&nbsp;<\/p>\n","protected":false},"excerpt":{"rendered":"<p>PUZZLE: 1000 ELEMENT\u00d3W PRODUCENT: USAopolyNAZWA: SUPER MARIO &#8211; HAPPY HOLIDAYS INDEX: 15562KOD EAN: 700304155627ROZMIAR: 680 x 490 mmWYMIARY PUDE\u0141KA: 255 x 205 x 50 mm SUPER MARIO &#8211; HAPPY HOLIDAYSSUPER MARIO wraz ze swoimi przyjaci\u00f3\u0142mi \u017cyczy Weso\u0142ych \u015awi\u0105t! Fantastyczne puzzle w \u015bwi\u0105tecznym klimacie zachwyc\u0105 ka\u017cdego fana SUPER MARIO i nie tylko! USAopoly to znakomity producent [&hellip;]<\/p>\n","protected":false},"featured_media":5606,"comment_status":"closed","ping_status":"open","template":"","meta":[],"product_cat":[90,1352],"product_tag":[681,655,659],"class_list":["post-5605","product","type-product","status-publish","has-post-thumbnail","hentry","product_cat-puzzle","product_cat-usaopoly","product_tag-flagi-europy-quiz","product_tag-najlepsze-zagadki","product_tag-tupu-tup-po-sniegu-tekst"],"_links":{"self":[{"href":"http:\/\/klubmamgdynia.pl\/index.php\/wp-json\/wp\/v2\/product\/5605","targetHints":{"allow":["GET"]}}],"collection":[{"href":"http:\/\/klubmamgdynia.pl\/index.php\/wp-json\/wp\/v2\/product"}],"about":[{"href":"http:\/\/klubmamgdynia.pl\/index.php\/wp-json\/wp\/v2\/types\/product"}],"replies":[{"embeddable":true,"href":"http:\/\/klubmamgdynia.pl\/index.php\/wp-json\/wp\/v2\/comments?post=5605"}],"wp:featuredmedia":[{"embeddable":true,"href":"http:\/\/klubmamgdynia.pl\/index.php\/wp-json\/wp\/v2\/media\/5606"}],"wp:attachment":[{"href":"http:\/\/klubmamgdynia.pl\/index.php\/wp-json\/wp\/v2\/media?parent=5605"}],"wp:term":[{"taxonomy":"product_cat","embeddable":true,"href":"http:\/\/klubmamgdynia.pl\/index.php\/wp-json\/wp\/v2\/product_cat?post=5605"},{"taxonomy":"product_tag","embeddable":true,"href":"http:\/\/klubmamgdynia.pl\/index.php\/wp-json\/wp\/v2\/product_tag?post=5605"}],"curies":[{"name":"wp","href":"https:\/\/api.w.org\/{rel}","templated":true}]}}