{"id":5607,"date":"2013-01-25T10:19:39","date_gmt":"2013-01-25T09:19:39","guid":{"rendered":"http:\/\/klubmamgdynia.pl\/index.php\/produkt\/mega-creative-kierownica-edukacyjna-z-efektami-dzwiekowymi-i-swietlnymi-15cm\/"},"modified":"2026-04-22T14:22:24","modified_gmt":"2026-04-22T12:22:24","slug":"mega-creative-kierownica-edukacyjna-z-efektami-dzwiekowymi-i-swietlnymi-15cm","status":"publish","type":"product","link":"http:\/\/klubmamgdynia.pl\/index.php\/produkt\/mega-creative-kierownica-edukacyjna-z-efektami-dzwiekowymi-i-swietlnymi-15cm\/","title":{"rendered":"Mega Creative Kierownica Edukacyjna Z Efektami D\u017awi\u0119kowymi I \u015awietlnymi 15Cm"},"content":{"rendered":"<p>Zalety produktu: Edukacyjna kierownica dla maluszka od MEGA CREATIVE. Kierownica \u015bwieci i wydaje d\u017cwi\u0119ki. Posiada te\u017c na tarczy kierownicy dwa autka Ambulans\/Stra\u017c w zale\u017cno\u015bci od ustawienia wydaj\u0119 dzik syreny Ambulansu\/Stra\u017cy po\u017carnej. Zabawka zapewni du\u017c\u0105 frajd\u0119 twojemu dziecku a dzi\u0119ki niewielkim rozmiarom twoja pociecha b\u0119dzie j\u0105 mog\u0142o zabra\u0107 ze sob\u0105 na spacer, do przedszkola, do znajomych na wsp\u00f3lne zabawy z r\u00f3wie\u015bnikami. Zabawka wykonana z plastiku. Wymiary\/waga\/baterie: Wymiary produktu w opakowaniu d\u0142. x wys. szer. cm :46x5x30 .Waga produktu w opakowaniu Display kg. 0,86 kg. Wymiary produktu bez opakowania : d\u0142. x wys. cm 14&#215;14 Waga produktu bez opakowania kg. 0,09 kg. Wymaga zasilania bateriami 2x 1,5VAAA- Nie do\u0142\u0105czone do zestawu. Zabawka przeznaczona dla dzieci w wieku: 3 . Pakowana Display A&amp; 39;6&#8230;.<\/p>\n<h2>Mega Creative Kierownica Edukacyjna Z Efektami D\u017awi\u0119kowymi I \u015awietlnymi 15Cm Mega Creative<\/h2>\n<p>prezent na roczek nie zabawka, kolorowanki pokemon do druku, ferie warszawa 2022, walentynka kolorowanka, pomys\u0142y na pakowanie prezent\u00f3w, quiz o minecraft, cytat dziecko, laura, walentynka kolorowanka, kolorowanki antystresowe do druku, karty pracy dla dzieci z ukrainy do druku, testy na znaki drogowe, mi\u0142osz imie, gad\u017cety dla nastolatk\u00f3w 2021, dziwne zagadki, bajki dla niemowlakow, 20 pytania do lektury ma\u0142y ksi\u0105\u017c\u0119, zagadki dla dzieci 14 lat<\/p>\n<p>yyyyy<\/p>\n<p>&nbsp;<\/p>\n","protected":false},"excerpt":{"rendered":"<p>Zalety produktu: Edukacyjna kierownica dla maluszka od MEGA CREATIVE. Kierownica \u015bwieci i wydaje d\u017cwi\u0119ki. Posiada te\u017c na tarczy kierownicy dwa autka Ambulans\/Stra\u017c w zale\u017cno\u015bci od ustawienia wydaj\u0119 dzik syreny Ambulansu\/Stra\u017cy po\u017carnej. Zabawka zapewni du\u017c\u0105 frajd\u0119 twojemu dziecku a dzi\u0119ki niewielkim rozmiarom twoja pociecha b\u0119dzie j\u0105 mog\u0142o zabra\u0107 ze sob\u0105 na spacer, do przedszkola, do znajomych [&hellip;]<\/p>\n","protected":false},"featured_media":5608,"comment_status":"closed","ping_status":"open","template":"","meta":[],"product_cat":[64,61],"product_tag":[669,618,840],"class_list":["post-5607","product","type-product","status-publish","has-post-thumbnail","hentry","product_cat-mega-creative","product_cat-zabawki-edukacyjne-dla-niemowlat","product_tag-kolorowanki","product_tag-lato-lato-lato-czeka-tekst","product_tag-stare-bajki"],"_links":{"self":[{"href":"http:\/\/klubmamgdynia.pl\/index.php\/wp-json\/wp\/v2\/product\/5607","targetHints":{"allow":["GET"]}}],"collection":[{"href":"http:\/\/klubmamgdynia.pl\/index.php\/wp-json\/wp\/v2\/product"}],"about":[{"href":"http:\/\/klubmamgdynia.pl\/index.php\/wp-json\/wp\/v2\/types\/product"}],"replies":[{"embeddable":true,"href":"http:\/\/klubmamgdynia.pl\/index.php\/wp-json\/wp\/v2\/comments?post=5607"}],"wp:featuredmedia":[{"embeddable":true,"href":"http:\/\/klubmamgdynia.pl\/index.php\/wp-json\/wp\/v2\/media\/5608"}],"wp:attachment":[{"href":"http:\/\/klubmamgdynia.pl\/index.php\/wp-json\/wp\/v2\/media?parent=5607"}],"wp:term":[{"taxonomy":"product_cat","embeddable":true,"href":"http:\/\/klubmamgdynia.pl\/index.php\/wp-json\/wp\/v2\/product_cat?post=5607"},{"taxonomy":"product_tag","embeddable":true,"href":"http:\/\/klubmamgdynia.pl\/index.php\/wp-json\/wp\/v2\/product_tag?post=5607"}],"curies":[{"name":"wp","href":"https:\/\/api.w.org\/{rel}","templated":true}]}}