{"id":561,"date":"2024-03-31T12:27:39","date_gmt":"2024-03-31T10:27:39","guid":{"rendered":"http:\/\/klubmamgdynia.pl\/?post_type=product&#038;p=561"},"modified":"2026-05-17T21:36:17","modified_gmt":"2026-05-17T19:36:17","slug":"atari-50-the-anniversary-celebration-gra-ps5","status":"publish","type":"product","link":"http:\/\/klubmamgdynia.pl\/index.php\/produkt\/atari-50-the-anniversary-celebration-gra-ps5\/","title":{"rendered":"Atari 50 The Anniversary Celebration (Gra PS5)"},"content":{"rendered":"<p>5060760889814<\/p>\n<h2>Atari 50 The Anniversary Celebration (Gra PS5) Cenega<\/h2>\n<p>prezent dla ch\u0142opca 7 lat, buziak gify na dobranoc smieszne, kolorowanka dla dziewczynki, pia, prezenty dla rocznego dziecka, maska iron man, dzieci.pl, zagadki dla dzieci 5 lat, cytaty o dziecku i mamie, prezent dla nastolatk\u00f3w na \u015bwi\u0119ta, lego ninjago kolorowanki, film rodzinny o \u015bwi\u0119tach, wiersz o wakacjach, dobre zagadki logiczne, bajka dla dziewczynek<\/p>\n<p>yyyyy<\/p>\n<p>&nbsp;<\/p>\n","protected":false},"excerpt":{"rendered":"<p>5060760889814 Atari 50 The Anniversary Celebration (Gra PS5) Cenega prezent dla ch\u0142opca 7 lat, buziak gify na dobranoc smieszne, kolorowanka dla dziewczynki, pia, prezenty dla rocznego dziecka, maska iron man, dzieci.pl, zagadki dla dzieci 5 lat, cytaty o dziecku i mamie, prezent dla nastolatk\u00f3w na \u015bwi\u0119ta, lego ninjago kolorowanki, film rodzinny o \u015bwi\u0119tach, wiersz o [&hellip;]<\/p>\n","protected":false},"featured_media":562,"comment_status":"closed","ping_status":"open","template":"","meta":[],"product_cat":[218,217],"product_tag":[605,742,858],"class_list":["post-561","product","type-product","status-publish","has-post-thumbnail","hentry","product_cat-cenega","product_cat-gry-playstation-5","product_tag-milena","product_tag-piosenki-dla-dzieci-tekst","product_tag-podchwytliwe-zagadki"],"_links":{"self":[{"href":"http:\/\/klubmamgdynia.pl\/index.php\/wp-json\/wp\/v2\/product\/561","targetHints":{"allow":["GET"]}}],"collection":[{"href":"http:\/\/klubmamgdynia.pl\/index.php\/wp-json\/wp\/v2\/product"}],"about":[{"href":"http:\/\/klubmamgdynia.pl\/index.php\/wp-json\/wp\/v2\/types\/product"}],"replies":[{"embeddable":true,"href":"http:\/\/klubmamgdynia.pl\/index.php\/wp-json\/wp\/v2\/comments?post=561"}],"wp:featuredmedia":[{"embeddable":true,"href":"http:\/\/klubmamgdynia.pl\/index.php\/wp-json\/wp\/v2\/media\/562"}],"wp:attachment":[{"href":"http:\/\/klubmamgdynia.pl\/index.php\/wp-json\/wp\/v2\/media?parent=561"}],"wp:term":[{"taxonomy":"product_cat","embeddable":true,"href":"http:\/\/klubmamgdynia.pl\/index.php\/wp-json\/wp\/v2\/product_cat?post=561"},{"taxonomy":"product_tag","embeddable":true,"href":"http:\/\/klubmamgdynia.pl\/index.php\/wp-json\/wp\/v2\/product_tag?post=561"}],"curies":[{"name":"wp","href":"https:\/\/api.w.org\/{rel}","templated":true}]}}