{"id":5611,"date":"2025-05-21T19:07:29","date_gmt":"2025-05-21T17:07:29","guid":{"rendered":"http:\/\/klubmamgdynia.pl\/?post_type=product&#038;p=5611"},"modified":"2026-04-20T16:23:20","modified_gmt":"2026-04-20T14:23:20","slug":"holle-danie-dla-niemowlat-bio-warzywa-z-ryzem-risotto-220g","status":"publish","type":"product","link":"http:\/\/klubmamgdynia.pl\/index.php\/produkt\/holle-danie-dla-niemowlat-bio-warzywa-z-ryzem-risotto-220g\/","title":{"rendered":"Holle Danie Dla Niemowl\u0105t Bio Warzywa Z Ry\u017cem Risotto 220G"},"content":{"rendered":"<p>SK\u0141ADNIKIwarzywa (55%) [marchew* (39%), ziemniaki*, szpinak* (6%), pomidory* (1,5%)], woda, ugotowany ry\u017c pe\u0142noziarnisty* (9%), m\u0105ka ry\u017cowa pe\u0142no-ziarnista* (*certyfikowany sk\u0142adnik ekologiczny)OPISBezglutenowe. Bez dodatku cukr\u00f3w. Zawiera naturalnie wyst\u0119puj\u0105ce cukry. \u015arodek spo\u017cywczy specjalnego przeznaczenia \u017cywieniowego dla dzieci powy\u017cej 8 m-ca \u017cycia.SPOS\u00d3B PRZYGOTOWANIAWymiesza\u0107 i podgrza\u0107 przed podaniem. Sprawdzi\u0107 temp. WARTO\u015a\u0106 OD\u017bYWCZA W 100 gWaro\u015b\u0107 energetyczna: 146 kJ \/ 35 kcal; T\u0142uszcz: 0,4 g;w tym kwasy t\u0142uszczowe nasycone: 0,1 g;W\u0119glowodany: 6,2 g; w tym cukry: 0,8 g; Bia\u0142ko: 0,8 g; S\u00f3l: 0,036 gINFORMACJA ALERGENNAZALECANE WARUNKI PRZECHOWYWANIAPo otwarciu przechowywa\u0107 w lod\u00f3wce i spo\u017cy\u0107 w ci\u0105gu 2 dni.Certyfikat bio: jestGwarantowany termin przydatno\u015bci (w dniach): 120G\u0142\u0119boko\u015b\u0107 opakowania jednostkowego (cm): 6.00Inne: BEZ GLUTENUinne filtry5: DLA NIEMOWL\u0104TInne3: WEGETARIA\u0143SKIInne4: WEGA\u0143SKIKod kreskowy: 7640104955610Kraj pochodzenia sk\u0142adnik\u00f3w: -Szeroko\u015b\u0107 opakowania jednostkowego (cm): 6.00Wysoko\u015b\u0107 opakowania jednostkowego (cm): 11.50<\/p>\n<h2>Holle Danie Dla Niemowl\u0105t Bio Warzywa Z Ry\u017cem Risotto 220G Holle<\/h2>\n<p>aniela imie, samochwa\u0142a, imie nadia, jednorozec z dyni, zabawy na dworze dla 10 latk\u00f3w, mia i ja kolorowanka, dzie\u0144 dziecka dla nastolatk\u00f3w, krecik bajka, opisy do zdj dziecka, zagadki logiczne \u015bmieszne, gry dla m\u0142odzie\u017cy, dla nastolatk\u00f3w prezenty, quizy o miko\u0142ajku, quizy o minecraft, trudne zagadki, zagadki rymowane, quiz bo\u017ce narodzenie<\/p>\n<p>yyyyy<\/p>\n<p>&nbsp;<\/p>\n","protected":false},"excerpt":{"rendered":"<p>SK\u0141ADNIKIwarzywa (55%) [marchew* (39%), ziemniaki*, szpinak* (6%), pomidory* (1,5%)], woda, ugotowany ry\u017c pe\u0142noziarnisty* (9%), m\u0105ka ry\u017cowa pe\u0142no-ziarnista* (*certyfikowany sk\u0142adnik ekologiczny)OPISBezglutenowe. Bez dodatku cukr\u00f3w. Zawiera naturalnie wyst\u0119puj\u0105ce cukry. \u015arodek spo\u017cywczy specjalnego przeznaczenia \u017cywieniowego dla dzieci powy\u017cej 8 m-ca \u017cycia.SPOS\u00d3B PRZYGOTOWANIAWymiesza\u0107 i podgrza\u0107 przed podaniem. Sprawdzi\u0107 temp. WARTO\u015a\u0106 OD\u017bYWCZA W 100 gWaro\u015b\u0107 energetyczna: 146 kJ \/ 35 [&hellip;]<\/p>\n","protected":false},"featured_media":5612,"comment_status":"closed","ping_status":"open","template":"","meta":[],"product_cat":[81,106],"product_tag":[702,612,806,738,733],"class_list":["post-5611","product","type-product","status-publish","has-post-thumbnail","hentry","product_cat-dania-dla-dzieci","product_cat-holle","product_tag-co-kupic-na-roczek-dla-dziewczynki","product_tag-kolorowanki-do-druku","product_tag-prezent-dla-dziecka-na-roczek","product_tag-wroclaw-dla-dzieci","product_tag-zarty-na-prima-aprilis"],"_links":{"self":[{"href":"http:\/\/klubmamgdynia.pl\/index.php\/wp-json\/wp\/v2\/product\/5611","targetHints":{"allow":["GET"]}}],"collection":[{"href":"http:\/\/klubmamgdynia.pl\/index.php\/wp-json\/wp\/v2\/product"}],"about":[{"href":"http:\/\/klubmamgdynia.pl\/index.php\/wp-json\/wp\/v2\/types\/product"}],"replies":[{"embeddable":true,"href":"http:\/\/klubmamgdynia.pl\/index.php\/wp-json\/wp\/v2\/comments?post=5611"}],"wp:featuredmedia":[{"embeddable":true,"href":"http:\/\/klubmamgdynia.pl\/index.php\/wp-json\/wp\/v2\/media\/5612"}],"wp:attachment":[{"href":"http:\/\/klubmamgdynia.pl\/index.php\/wp-json\/wp\/v2\/media?parent=5611"}],"wp:term":[{"taxonomy":"product_cat","embeddable":true,"href":"http:\/\/klubmamgdynia.pl\/index.php\/wp-json\/wp\/v2\/product_cat?post=5611"},{"taxonomy":"product_tag","embeddable":true,"href":"http:\/\/klubmamgdynia.pl\/index.php\/wp-json\/wp\/v2\/product_tag?post=5611"}],"curies":[{"name":"wp","href":"https:\/\/api.w.org\/{rel}","templated":true}]}}