{"id":5615,"date":"2022-12-07T08:49:27","date_gmt":"2022-12-07T07:49:27","guid":{"rendered":"http:\/\/klubmamgdynia.pl\/?post_type=product&#038;p=5615"},"modified":"2026-04-27T21:08:23","modified_gmt":"2026-04-27T19:08:23","slug":"smily-play-telefon-zolty-ze-swiatlem-i-dzwiekiem","status":"publish","type":"product","link":"http:\/\/klubmamgdynia.pl\/index.php\/produkt\/smily-play-telefon-zolty-ze-swiatlem-i-dzwiekiem\/","title":{"rendered":"Smily Play Telefon \u017b\u00f3\u0142ty Ze \u015awiat\u0142em I D\u017awi\u0119kiem"},"content":{"rendered":"<p>TELEFON ZE \u015aWIAT\u0141EM I D\u0179WI\u0118KIEM \u017b\u00d3\u0141TY SMILY PLAY 48\/96SPECYFIKACJA:o SP83667o Wiek:6m+o EAN: 5905375836771o Wymiary produktu: szer. 12 cm., wys. 21,5 cm., g\u0142. 5 cm.o Baterie: 2 x AAA do\u0142\u0105czoneo Bezpiecze\u0144stwo: EN71-1, EN71-2, ENT1-3, EN62115o Marka : SMILY PLAY NAZWA TELEFON \u017b\u00d3\u0141TY ZE \u015aWIAT\u0141EM I D\u0179WI\u0118KIEM PRODUCENT SMILY PLAY WIEK 6M+ EAN 5905375836771 Znajd\u017a podobne wed\u0142ug klucza: SMILY_PLAY TELEFON (450415)<\/p>\n<h2>Smily Play Telefon \u017b\u00f3\u0142ty Ze \u015awiat\u0142em I D\u017awi\u0119kiem Smily Play<\/h2>\n<p>zagadki wielkanocne dla doros\u0142ych, prima aprilis zarty, kolorowanki star wars, prezent dla m\u0142odzie\u017cy, kolorowanka super zings<\/p>\n<p>yyyyy<\/p>\n<p>&nbsp;<\/p>\n","protected":false},"excerpt":{"rendered":"<p>TELEFON ZE \u015aWIAT\u0141EM I D\u0179WI\u0118KIEM \u017b\u00d3\u0141TY SMILY PLAY 48\/96SPECYFIKACJA:o SP83667o Wiek:6m+o EAN: 5905375836771o Wymiary produktu: szer. 12 cm., wys. 21,5 cm., g\u0142. 5 cm.o Baterie: 2 x AAA do\u0142\u0105czoneo Bezpiecze\u0144stwo: EN71-1, EN71-2, ENT1-3, EN62115o Marka : SMILY PLAY NAZWA TELEFON \u017b\u00d3\u0141TY ZE \u015aWIAT\u0141EM I D\u0179WI\u0118KIEM PRODUCENT SMILY PLAY WIEK 6M+ EAN 5905375836771 Znajd\u017a podobne wed\u0142ug [&hellip;]<\/p>\n","protected":false},"featured_media":5616,"comment_status":"closed","ping_status":"open","template":"","meta":[],"product_cat":[62,61],"product_tag":[836,865,862,675],"class_list":["post-5615","product","type-product","status-publish","has-post-thumbnail","hentry","product_cat-smily-play","product_cat-zabawki-edukacyjne-dla-niemowlat","product_tag-co-kupic-dziecku-na-roczek","product_tag-cytaty-o-dzieciach","product_tag-nasza-zima-zla-tekst","product_tag-test-z-lektury-kajko-i-kokosz-szkola-latania"],"_links":{"self":[{"href":"http:\/\/klubmamgdynia.pl\/index.php\/wp-json\/wp\/v2\/product\/5615","targetHints":{"allow":["GET"]}}],"collection":[{"href":"http:\/\/klubmamgdynia.pl\/index.php\/wp-json\/wp\/v2\/product"}],"about":[{"href":"http:\/\/klubmamgdynia.pl\/index.php\/wp-json\/wp\/v2\/types\/product"}],"replies":[{"embeddable":true,"href":"http:\/\/klubmamgdynia.pl\/index.php\/wp-json\/wp\/v2\/comments?post=5615"}],"wp:featuredmedia":[{"embeddable":true,"href":"http:\/\/klubmamgdynia.pl\/index.php\/wp-json\/wp\/v2\/media\/5616"}],"wp:attachment":[{"href":"http:\/\/klubmamgdynia.pl\/index.php\/wp-json\/wp\/v2\/media?parent=5615"}],"wp:term":[{"taxonomy":"product_cat","embeddable":true,"href":"http:\/\/klubmamgdynia.pl\/index.php\/wp-json\/wp\/v2\/product_cat?post=5615"},{"taxonomy":"product_tag","embeddable":true,"href":"http:\/\/klubmamgdynia.pl\/index.php\/wp-json\/wp\/v2\/product_tag?post=5615"}],"curies":[{"name":"wp","href":"https:\/\/api.w.org\/{rel}","templated":true}]}}