{"id":5617,"date":"2022-04-15T00:05:32","date_gmt":"2022-04-14T22:05:32","guid":{"rendered":"http:\/\/klubmamgdynia.pl\/index.php\/produkt\/gibsons-puzzle-1000el-zima-na-wsi-g3\/"},"modified":"2026-04-29T05:52:05","modified_gmt":"2026-04-29T03:52:05","slug":"gibsons-puzzle-1000el-zima-na-wsi-g3","status":"publish","type":"product","link":"http:\/\/klubmamgdynia.pl\/index.php\/produkt\/gibsons-puzzle-1000el-zima-na-wsi-g3\/","title":{"rendered":"Gibsons Puzzle 1000El. Zima Na Wsi G3"},"content":{"rendered":"<p>PUZZLE: 1000 ELEMENT\u00d3W PRODUCENT: GIBSONS NAZWA: WINTER COTTAGES &#8211; ZIMA NA WSIAUTOR: KEVIN WALSHINDEX: G6326 KOD EAN: 5012269063264ROZMIAR: 490 x 680 mm WYMIARY PUDE\u0141KA: 240 x 240 x 65 mm WINTER COTTAGES &#8211; ZIMA NA WSI \u017bycie podczas zimy daje wiele mo\u017cliwo\u015bci. Jazda na \u0142y\u017cwach, walka na \u015bnie\u017cki, lepienie ba\u0142wana, to tylko cz\u0119\u015b\u0107 zimowych aktywno\u015bci. No i jak pi\u0119knie wygl\u0105da miasto pokryte bia\u0142ym puchem. Mi\u0142ego uk\u0142adania. Puzzle z serii NOSTALGIA COLLECTION. Gibsons to rodzinna firma zajmuj\u0105ca si\u0119 produkcj\u0105 puzzli i gier planszowych. Za\u0142o\u017cona w Londynie w 1919 roku, dostarcza rozrywk\u0119 pokoleniom od ponad 100 lat, a ich motywem przewodnim jest tworzenie produkt\u00f3w najwy\u017cszej jako\u015bci dla wszystkich grup wiekowych. Puzzle wytwarzane s\u0105 w Wielkiej Brytanii i Europie, a do ich produkcji u\u017cywany jest karton o najwy\u017cszej gramaturze na rynku. Wsp\u00f3\u0142praca z ca\u0142\u0105 rzesz\u0105 utalentowanych artyst\u00f3w pozwala stworzy\u0107 nowoczesne i ciekawe wzory, od nostalgicznych scen po hipnotyzuj\u0105ce nadruki. Pi\u0119knie ilustrowane elementy s\u0105 zaprojektowane tak, aby idealnie do siebie pasowa\u0142y.Puzzle marki Gibsons s\u0105 przyjazne dla planety. Wykonane s\u0105 w 100% z tektury pochodz\u0105cej z recyklingu i zabezpieczone zak\u0142adkami, a nie foli\u0105 termokurczliw\u0105, aby zmniejszy\u0107 ilo\u015b\u0107 plastiku jednorazowego u\u017cytku. Pude\u0142ko ma b\u0142yszcz\u0105c\u0105 pow\u0142ok\u0119 dla dodatkowej ochrony, ale dzi\u0119ki temu zyska\u0142o tak\u017ce nowy, \u015bwie\u017cy wygl\u0105d.<\/p>\n<h2>Gibsons Puzzle 1000El. Zima Na Wsi G3 Gibsons<\/h2>\n<p>historia pluszowego misia, imie aron, zagadka o wio\u015bnie, kartka walentynkowa r\u0119cznie robiona \u0142atwa, test z lektury spos\u00f3b na alcybiadesa, misie z bajek, kolorowanki do druku lol, kr\u00f3tkie czytanki dla dzieci do wydruku, kanapki dla dzieci, miasto dzieci.pl, babcia z dziadkiem to jest to tekst<\/p>\n<p>yyyyy<\/p>\n<p>&nbsp;<\/p>\n","protected":false},"excerpt":{"rendered":"<p>PUZZLE: 1000 ELEMENT\u00d3W PRODUCENT: GIBSONS NAZWA: WINTER COTTAGES &#8211; ZIMA NA WSIAUTOR: KEVIN WALSHINDEX: G6326 KOD EAN: 5012269063264ROZMIAR: 490 x 680 mm WYMIARY PUDE\u0141KA: 240 x 240 x 65 mm WINTER COTTAGES &#8211; ZIMA NA WSI \u017bycie podczas zimy daje wiele mo\u017cliwo\u015bci. Jazda na \u0142y\u017cwach, walka na \u015bnie\u017cki, lepienie ba\u0142wana, to tylko cz\u0119\u015b\u0107 zimowych aktywno\u015bci. [&hellip;]<\/p>\n","protected":false},"featured_media":5618,"comment_status":"closed","ping_status":"open","template":"","meta":[],"product_cat":[1360,90],"product_tag":[831,844,619,608],"class_list":["post-5617","product","type-product","status-publish","has-post-thumbnail","hentry","product_cat-gibsons","product_cat-puzzle","product_tag-bruno","product_tag-co-kupic-na-roczek","product_tag-iwo-imie","product_tag-zagadki-i-odpowiedzi"],"_links":{"self":[{"href":"http:\/\/klubmamgdynia.pl\/index.php\/wp-json\/wp\/v2\/product\/5617","targetHints":{"allow":["GET"]}}],"collection":[{"href":"http:\/\/klubmamgdynia.pl\/index.php\/wp-json\/wp\/v2\/product"}],"about":[{"href":"http:\/\/klubmamgdynia.pl\/index.php\/wp-json\/wp\/v2\/types\/product"}],"replies":[{"embeddable":true,"href":"http:\/\/klubmamgdynia.pl\/index.php\/wp-json\/wp\/v2\/comments?post=5617"}],"wp:featuredmedia":[{"embeddable":true,"href":"http:\/\/klubmamgdynia.pl\/index.php\/wp-json\/wp\/v2\/media\/5618"}],"wp:attachment":[{"href":"http:\/\/klubmamgdynia.pl\/index.php\/wp-json\/wp\/v2\/media?parent=5617"}],"wp:term":[{"taxonomy":"product_cat","embeddable":true,"href":"http:\/\/klubmamgdynia.pl\/index.php\/wp-json\/wp\/v2\/product_cat?post=5617"},{"taxonomy":"product_tag","embeddable":true,"href":"http:\/\/klubmamgdynia.pl\/index.php\/wp-json\/wp\/v2\/product_tag?post=5617"}],"curies":[{"name":"wp","href":"https:\/\/api.w.org\/{rel}","templated":true}]}}