{"id":5619,"date":"2025-08-11T07:38:30","date_gmt":"2025-08-11T05:38:30","guid":{"rendered":"http:\/\/klubmamgdynia.pl\/?post_type=product&#038;p=5619"},"modified":"2026-04-20T12:25:09","modified_gmt":"2026-04-20T10:25:09","slug":"new-york-company-puzzle-500el-mala-kobieta-xxl","status":"publish","type":"product","link":"http:\/\/klubmamgdynia.pl\/index.php\/produkt\/new-york-company-puzzle-500el-mala-kobieta-xxl\/","title":{"rendered":"New York Company Puzzle 500El. Ma\u0142a Kobieta Xxl"},"content":{"rendered":"<p>Puzzle z ameryka\u0144skiej firmy New York Puzzle Company s\u0105 eko przyjazne, farba do ich produkcji jest na bazie soi, sk\u0142adaj\u0105 si\u0119 z 500 element\u00f3w po u\u0142o\u017ceniu tworz\u0105 obraz o wymiarach 61 x 46 cm. Elementy puzzli w wersji XXL. NAZWA PUZZLE 500 MA\u0141A KOBIETA XXL PRODUCENT NEW YORK COMPANY WIEK 9+ ILO\u015a\u0106 ELEMENT\u00d3W 500 EAN 0819844015312 Znajd\u017a podobne wed\u0142ug klucza: NEW_YORK_COMPANY PUZZLE PUZZLE_500 (479659)<\/p>\n<h2>New York Company Puzzle 500El. Ma\u0142a Kobieta Xxl <\/h2>\n<p>\u015bmieszne \u0142ama\u0144ce j\u0119zykowe, rymowane zagadki, sandra imie, jak zrobi\u0107 wulkan, prezenty na roczek dla dziewczynki, prezenty dla nastolatki, milan znaczenie imienia<\/p>\n<p>yyyyy<\/p>\n<p>&nbsp;<\/p>\n","protected":false},"excerpt":{"rendered":"<p>Puzzle z ameryka\u0144skiej firmy New York Puzzle Company s\u0105 eko przyjazne, farba do ich produkcji jest na bazie soi, sk\u0142adaj\u0105 si\u0119 z 500 element\u00f3w po u\u0142o\u017ceniu tworz\u0105 obraz o wymiarach 61 x 46 cm. Elementy puzzli w wersji XXL. NAZWA PUZZLE 500 MA\u0141A KOBIETA XXL PRODUCENT NEW YORK COMPANY WIEK 9+ ILO\u015a\u0106 ELEMENT\u00d3W 500 EAN [&hellip;]<\/p>\n","protected":false},"featured_media":5620,"comment_status":"closed","ping_status":"open","template":"","meta":[],"product_cat":[90],"product_tag":[671,705,718,798],"class_list":["post-5619","product","type-product","status-publish","has-post-thumbnail","hentry","product_cat-puzzle","product_tag-cicha-noc-po-angielsku-tekst","product_tag-prezent-na-roczek-dla-chlopca","product_tag-prezent-na-roczek-dla-chrzesniaka","product_tag-prezenty-dla-nastolatki"],"_links":{"self":[{"href":"http:\/\/klubmamgdynia.pl\/index.php\/wp-json\/wp\/v2\/product\/5619","targetHints":{"allow":["GET"]}}],"collection":[{"href":"http:\/\/klubmamgdynia.pl\/index.php\/wp-json\/wp\/v2\/product"}],"about":[{"href":"http:\/\/klubmamgdynia.pl\/index.php\/wp-json\/wp\/v2\/types\/product"}],"replies":[{"embeddable":true,"href":"http:\/\/klubmamgdynia.pl\/index.php\/wp-json\/wp\/v2\/comments?post=5619"}],"wp:featuredmedia":[{"embeddable":true,"href":"http:\/\/klubmamgdynia.pl\/index.php\/wp-json\/wp\/v2\/media\/5620"}],"wp:attachment":[{"href":"http:\/\/klubmamgdynia.pl\/index.php\/wp-json\/wp\/v2\/media?parent=5619"}],"wp:term":[{"taxonomy":"product_cat","embeddable":true,"href":"http:\/\/klubmamgdynia.pl\/index.php\/wp-json\/wp\/v2\/product_cat?post=5619"},{"taxonomy":"product_tag","embeddable":true,"href":"http:\/\/klubmamgdynia.pl\/index.php\/wp-json\/wp\/v2\/product_tag?post=5619"}],"curies":[{"name":"wp","href":"https:\/\/api.w.org\/{rel}","templated":true}]}}