{"id":5621,"date":"2024-01-17T03:06:10","date_gmt":"2024-01-17T02:06:10","guid":{"rendered":"http:\/\/klubmamgdynia.pl\/?post_type=product&#038;p=5621"},"modified":"2026-05-17T23:22:38","modified_gmt":"2026-05-17T21:22:38","slug":"castorland-1000el-mosty-we-florencji","status":"publish","type":"product","link":"http:\/\/klubmamgdynia.pl\/index.php\/produkt\/castorland-1000el-mosty-we-florencji\/","title":{"rendered":"Castorland 1000El. Mosty We Florencji"},"content":{"rendered":"<p>PUZZLE: 1000 ELEMENT\u00d3W PRODUCENT: CASTORLAND NAZWA: BRIDGES OF FLORENCE INDEX: C-104826 KOD EAN: 5904438104826 ROZMIAR: 680 x 470 mm WYMIARY PUDE\u0141KA: 350 x 250 x 50 mmBRIDGES OF FLORENCE Puzzle Castorland s\u0105 owocem pracy ludzi, kt\u00f3rych \u0142\u0105czy pasja i profesjonalizm. Zesp\u00f3\u0142 ten stworzy\u0142 mark\u0119, kt\u00f3ra gwarantuje wysokie walory estetyczne oraz u\u017cytkowe produkt\u00f3w i tym samym zapewnia pe\u0142n\u0105 satysfakcj\u0119 mi\u0142o\u015bnikom puzzli. Wszystkie wyroby marki Castorland spe\u0142niaj\u0105 mi\u0119dzynarodowe standardy jako\u015bci i bezpiecze\u0144stwa, gwarantowane rzetelnym system organizacji pracy oraz stosowanymi technologiami.<\/p>\n<h2>Castorland 1000El. Mosty We Florencji Castorland<\/h2>\n<p>darmowe kolorowanki do druku, ekskluzywny prezent na roczek, imi\u0119 nadia, gry i zabawy dla dzieci, bajki na dobranoc do czytania<\/p>\n<p>yyyyy<\/p>\n<p>&nbsp;<\/p>\n","protected":false},"excerpt":{"rendered":"<p>PUZZLE: 1000 ELEMENT\u00d3W PRODUCENT: CASTORLAND NAZWA: BRIDGES OF FLORENCE INDEX: C-104826 KOD EAN: 5904438104826 ROZMIAR: 680 x 470 mm WYMIARY PUDE\u0141KA: 350 x 250 x 50 mmBRIDGES OF FLORENCE Puzzle Castorland s\u0105 owocem pracy ludzi, kt\u00f3rych \u0142\u0105czy pasja i profesjonalizm. Zesp\u00f3\u0142 ten stworzy\u0142 mark\u0119, kt\u00f3ra gwarantuje wysokie walory estetyczne oraz u\u017cytkowe produkt\u00f3w i tym samym [&hellip;]<\/p>\n","protected":false},"featured_media":5622,"comment_status":"closed","ping_status":"open","template":"","meta":[],"product_cat":[1374,90],"product_tag":[872,860,805],"class_list":["post-5621","product","type-product","status-publish","has-post-thumbnail","hentry","product_cat-castorland","product_cat-puzzle","product_tag-zagadki-dla-dzieci-6-lat","product_tag-zagadki-logiczne-dla-doroslych","product_tag-znaczenie-imienia-alan"],"_links":{"self":[{"href":"http:\/\/klubmamgdynia.pl\/index.php\/wp-json\/wp\/v2\/product\/5621","targetHints":{"allow":["GET"]}}],"collection":[{"href":"http:\/\/klubmamgdynia.pl\/index.php\/wp-json\/wp\/v2\/product"}],"about":[{"href":"http:\/\/klubmamgdynia.pl\/index.php\/wp-json\/wp\/v2\/types\/product"}],"replies":[{"embeddable":true,"href":"http:\/\/klubmamgdynia.pl\/index.php\/wp-json\/wp\/v2\/comments?post=5621"}],"wp:featuredmedia":[{"embeddable":true,"href":"http:\/\/klubmamgdynia.pl\/index.php\/wp-json\/wp\/v2\/media\/5622"}],"wp:attachment":[{"href":"http:\/\/klubmamgdynia.pl\/index.php\/wp-json\/wp\/v2\/media?parent=5621"}],"wp:term":[{"taxonomy":"product_cat","embeddable":true,"href":"http:\/\/klubmamgdynia.pl\/index.php\/wp-json\/wp\/v2\/product_cat?post=5621"},{"taxonomy":"product_tag","embeddable":true,"href":"http:\/\/klubmamgdynia.pl\/index.php\/wp-json\/wp\/v2\/product_tag?post=5621"}],"curies":[{"name":"wp","href":"https:\/\/api.w.org\/{rel}","templated":true}]}}