{"id":5623,"date":"2022-04-25T20:26:42","date_gmt":"2022-04-25T18:26:42","guid":{"rendered":"http:\/\/klubmamgdynia.pl\/index.php\/produkt\/telforceone-mata-edukacyjna-qkids-park-muzyka-swiatla-led\/"},"modified":"2026-04-24T21:34:35","modified_gmt":"2026-04-24T19:34:35","slug":"telforceone-mata-edukacyjna-qkids-park-muzyka-swiatla-led","status":"publish","type":"product","link":"http:\/\/klubmamgdynia.pl\/index.php\/produkt\/telforceone-mata-edukacyjna-qkids-park-muzyka-swiatla-led\/","title":{"rendered":"Telforceone Mata Edukacyjna Qkids Park Muzyka \u015awiat\u0142a Led"},"content":{"rendered":"<p>Dzieci kochaj\u0105 zabaw\u0119, nawet te najmniejsze! Mata edukacyjna PARK to pierwszy plac zabaw dla Twojego Malucha. Bezpieczny i tak atrakcyjny, \u017ce nigdy si\u0119 nie nudzi!MATA EDUKACYJNA QKIDS PARK ZABAWKI + POD\u015aWIETLENIE LEDMODEL: PARKKOD: MAED00007Spacer w parku, bez wychodzenia z domu? Dlaczego nie! Zobacz co oferuje Wam mata edukacyjna PARK:zosta\u0142a wykonana z pluszu, co powoduje, \u017ce jest mi\u0142a i delikatna, idealna dla sk\u00f3ry Malucha,zapewnia odpowiedni\u0105 termoizolacj\u0119, dzi\u0119ki czemu Twojemu dziecku b\u0119dzie ciep\u0142o,pa\u0142\u0105ki s\u0105 regulowane i posiadaj\u0105 wygodne suwaki, kt\u00f3re pozwalaj\u0105 Ci na zmian\u0119 ich pozycji,do maty do\u0142\u0105czonych zosta\u0142o 5 r\u00f3\u017cnorodnych zabawek, kt\u00f3rych u\u0142o\u017cenie mo\u017cna dowolnie zmienia\u0107, mo\u017cna ich te\u017c u\u017cywa\u0107 samodzielnie. W zestawie znajduj\u0105 si\u0119: 3 piszcz\u0105ce pluszaki, szeleszcz\u0105ca i piszcz\u0105ca ksi\u0105\u017ceczka oraz lusterko,mata posiada panel sensoryczny wyposa\u017cony w melodie oraz \u015bwiat\u0142o, ma te\u017c regulacje g\u0142o\u015bno\u015bci, co pozwoli Ci dostosowa\u0107 moc g\u0142osu do Twoich preferencjiPosiada zgodno\u015b\u0107 z europejsk\u0105 norm\u0105 EN-71Odpowiednia dla dzieci od pierwszych dni \u017cyciaZALETY:\u2714\ufe0f Mata edukacyjna to bezpieczne miejsce do zabawy \u2013 mata PARK to atrakcyjny plac zabaw, dodatkowo ogrodzony pluszow\u0105 barier\u0105, kt\u00f3ra pozwoli Ci zostawi\u0107 pe\u0142zaj\u0105cego Malucha na chwil\u0119 samego i nie martwi\u0107 si\u0119, \u017ce samotnie w\u0119drowa\u0107 b\u0119dzie po mieszkaniu.\u2714\ufe0f Mata edukacyjna wspomaga koordynacj\u0119 wzrokow\u0105 \u2013 kolorowe zabawki umieszczone na pa\u0142\u0105kach maty PARK przyci\u0105gaj\u0105 wzrok ciekawskiego Maluszka, jednocze\u015bnie wspomagaj\u0105c jego rozw\u00f3j. Stonowane delikatne kolory pomagaj\u0105 dziecku skupi\u0107 si\u0119 na wybranym elemencie.\u2714\ufe0f Mata edukacyjna wspomaga rozw\u00f3j motoryki ma\u0142ej i du\u017cej &#8211; Zabawki na macie powinny wi\u0119c by\u0107 rozmieszczone mo\u017cliwie szeroko, tak, by dziecko d\u0105\u017cy\u0142o do wyci\u0105gania d\u0142oni, chwytania, przemieszczania si\u0119. Zabawki w macie PARK s\u0105 powieszone po ka\u017cdej stronie, co wymusza u Malucha ruch, s\u0105 te\u017c zr\u00f3\u017cnicowane, tak, by chcia\u0142 po chwili zabawy spr\u00f3bowa\u0107 nowych bod\u017ac\u00f3w. Szeleszcz\u0105ca ksi\u0105\u017ceczka oraz piszcz\u0105ce zabawki b\u0119d\u0119 te\u017c zach\u0119ca\u0107 do pracy d\u0142onie Twojego dziecka.\u2714\ufe0f Mata edukacyjna pobudza zmys\u0142y \u2013 dzi\u0119ki sensorycznemu panelowi z d\u017awi\u0119kiem oraz \u015bwiat\u0142em Tw\u00f3j Maluch \u0107wiczy wzrok i s\u0142uch. Regulacja g\u0142o\u015bno\u015bci pozwoli Ci na zabaw\u0119 z Twoim dzieckiem w poszukiwanie d\u017awi\u0119ku. Zmys\u0142 dotyku pobudza natomiast delikatny i mi\u0119kki materia\u0142, kt\u00f3rym wyko\u0144czona jest mata i zabawki.Baterie nie zosta\u0142y do\u0142\u0105czone do zestawu.Mata zapewni chwil\u0119 relaksu Mamie &#8211; \u015bwiat\u0142o, d\u017awi\u0119k, sensoryczne zabawki to wszystko, co Twoje dziecko uwielbia. Kiedy Maluch zajmie si\u0119 tymi atrakcjami, Ty masz chwil\u0119 dla siebie \u2013 zaparz kaw\u0119 i odpocznij.Te zabawki na pewno zainteresuj\u0105 Twoje Male\u0144stwo:3 piszcz\u0105ce pluszaki, kt\u00f3re pobudz\u0105 zmys\u0142 s\u0142uchu Twojego Malucha.Szeleszcz\u0105ca i piszcz\u0105ca ksi\u0105\u017ceczka wspomagaj\u0105ca rozw\u00f3j zmys\u0142u dotyku i s\u0142uchu.Lusterko, w kt\u00f3rym Maluch b\u0119dzie obserwowa\u0142 pierwsze swoje u\u015bmiechy.Udanej zabawy!<\/p>\n<h2>Telforceone Mata Edukacyjna Qkids Park Muzyka \u015awiat\u0142a Led Qkids<\/h2>\n<p>\u015bmieszne \u0142ama\u0144ce j\u0119zykowe, sentencje ma\u0142y ksi\u0105\u017ce cytaty, co kupi\u0107 nastolatce na \u015bwi\u0119ta, test czerwone krzes\u0142o, alfons, anio\u0142 rysunek prosty, imiona \u017ce\u0144skie nietypowe, gabriel imie, quiz flagi \u015bwiata, kolorowanka harry potter do druku, miko\u0142ajek test z lektury, marcelina imi\u0119, \u015bw przemys\u0142aw<\/p>\n<p>yyyyy<\/p>\n<p>&nbsp;<\/p>\n","protected":false},"excerpt":{"rendered":"<p>Dzieci kochaj\u0105 zabaw\u0119, nawet te najmniejsze! Mata edukacyjna PARK to pierwszy plac zabaw dla Twojego Malucha. Bezpieczny i tak atrakcyjny, \u017ce nigdy si\u0119 nie nudzi!MATA EDUKACYJNA QKIDS PARK ZABAWKI + POD\u015aWIETLENIE LEDMODEL: PARKKOD: MAED00007Spacer w parku, bez wychodzenia z domu? Dlaczego nie! Zobacz co oferuje Wam mata edukacyjna PARK:zosta\u0142a wykonana z pluszu, co powoduje, \u017ce [&hellip;]<\/p>\n","protected":false},"featured_media":5624,"comment_status":"closed","ping_status":"open","template":"","meta":[],"product_cat":[55,1375],"product_tag":[819,816,588,608,779],"class_list":["post-5623","product","type-product","status-publish","has-post-thumbnail","hentry","product_cat-maty-edukacyjne","product_cat-qkids","product_tag-co-kupic-nastolatce-na-swieta","product_tag-place-zabaw-warszawa","product_tag-wzruszajace-slowa-dla-przyjaciela","product_tag-zagadki-i-odpowiedzi","product_tag-zarty-na-prima-aprilis-w-domu"],"_links":{"self":[{"href":"http:\/\/klubmamgdynia.pl\/index.php\/wp-json\/wp\/v2\/product\/5623","targetHints":{"allow":["GET"]}}],"collection":[{"href":"http:\/\/klubmamgdynia.pl\/index.php\/wp-json\/wp\/v2\/product"}],"about":[{"href":"http:\/\/klubmamgdynia.pl\/index.php\/wp-json\/wp\/v2\/types\/product"}],"replies":[{"embeddable":true,"href":"http:\/\/klubmamgdynia.pl\/index.php\/wp-json\/wp\/v2\/comments?post=5623"}],"wp:featuredmedia":[{"embeddable":true,"href":"http:\/\/klubmamgdynia.pl\/index.php\/wp-json\/wp\/v2\/media\/5624"}],"wp:attachment":[{"href":"http:\/\/klubmamgdynia.pl\/index.php\/wp-json\/wp\/v2\/media?parent=5623"}],"wp:term":[{"taxonomy":"product_cat","embeddable":true,"href":"http:\/\/klubmamgdynia.pl\/index.php\/wp-json\/wp\/v2\/product_cat?post=5623"},{"taxonomy":"product_tag","embeddable":true,"href":"http:\/\/klubmamgdynia.pl\/index.php\/wp-json\/wp\/v2\/product_tag?post=5623"}],"curies":[{"name":"wp","href":"https:\/\/api.w.org\/{rel}","templated":true}]}}