{"id":5625,"date":"2015-06-08T12:53:05","date_gmt":"2015-06-08T10:53:05","guid":{"rendered":"http:\/\/klubmamgdynia.pl\/index.php\/produkt\/zeszyt-a5-60k-kratka-mickey-mouse\/"},"modified":"2026-05-17T22:05:30","modified_gmt":"2026-05-17T20:05:30","slug":"zeszyt-a5-60k-kratka-mickey-mouse","status":"publish","type":"product","link":"http:\/\/klubmamgdynia.pl\/index.php\/produkt\/zeszyt-a5-60k-kratka-mickey-mouse\/","title":{"rendered":"Zeszyt A5\/60K Kratka\/ Mickey Mouse"},"content":{"rendered":"<p>Opis szczeg\u00f3\u0142owyZeszyt A5\/60k kratka\/ Mickey MouseParametry produktuRodzaj: ZeszytFormat: A5Nadruk: W kratk\u0119Liczba stron\/kartek: 60Ok\u0142adka: Mi\u0119kka oprawaWaga brutto: 715 gWymiar opakowania (SxWxG): 210 x 148 x 6 mmMix wzor\u00f3w\/kolor\u00f3w: TakOpakowanie display: NieOpakowanie recyklingowe: NieTyp opakowania pierwszego rz\u0119du: ZgrzewkaLiczba opakowa\u0144 konsumenckich: 5 szt.Kod CN: 4820 20 00Waga jednostkowa brutto: 0,14 kg<\/p>\n<h2>Zeszyt A5\/60K Kratka\/ Mickey Mouse Beniamin<\/h2>\n<p>\u015bmieszne zagadki, przysz\u0142a zima bia\u0142a, najpi\u0119kniejsze cytaty o przyja\u017ani, bajka do czytania o piesku, felix net i nika oraz gang niewidzialnych ludzi pytania i odpowiedzi<\/p>\n<p>yyyyy<\/p>\n<p>&nbsp;<\/p>\n","protected":false},"excerpt":{"rendered":"<p>Opis szczeg\u00f3\u0142owyZeszyt A5\/60k kratka\/ Mickey MouseParametry produktuRodzaj: ZeszytFormat: A5Nadruk: W kratk\u0119Liczba stron\/kartek: 60Ok\u0142adka: Mi\u0119kka oprawaWaga brutto: 715 gWymiar opakowania (SxWxG): 210 x 148 x 6 mmMix wzor\u00f3w\/kolor\u00f3w: TakOpakowanie display: NieOpakowanie recyklingowe: NieTyp opakowania pierwszego rz\u0119du: ZgrzewkaLiczba opakowa\u0144 konsumenckich: 5 szt.Kod CN: 4820 20 00Waga jednostkowa brutto: 0,14 kg Zeszyt A5\/60K Kratka\/ Mickey Mouse Beniamin \u015bmieszne [&hellip;]<\/p>\n","protected":false},"featured_media":5626,"comment_status":"closed","ping_status":"open","template":"","meta":[],"product_cat":[964,1376],"product_tag":[819,808,747,599],"class_list":["post-5625","product","type-product","status-publish","has-post-thumbnail","hentry","product_cat-artykuly-papiernicze","product_cat-beniamin","product_tag-co-kupic-nastolatce-na-swieta","product_tag-imie-mia","product_tag-malowanki-do-druku","product_tag-prezent-dla-nastolatkow-2021"],"_links":{"self":[{"href":"http:\/\/klubmamgdynia.pl\/index.php\/wp-json\/wp\/v2\/product\/5625","targetHints":{"allow":["GET"]}}],"collection":[{"href":"http:\/\/klubmamgdynia.pl\/index.php\/wp-json\/wp\/v2\/product"}],"about":[{"href":"http:\/\/klubmamgdynia.pl\/index.php\/wp-json\/wp\/v2\/types\/product"}],"replies":[{"embeddable":true,"href":"http:\/\/klubmamgdynia.pl\/index.php\/wp-json\/wp\/v2\/comments?post=5625"}],"wp:featuredmedia":[{"embeddable":true,"href":"http:\/\/klubmamgdynia.pl\/index.php\/wp-json\/wp\/v2\/media\/5626"}],"wp:attachment":[{"href":"http:\/\/klubmamgdynia.pl\/index.php\/wp-json\/wp\/v2\/media?parent=5625"}],"wp:term":[{"taxonomy":"product_cat","embeddable":true,"href":"http:\/\/klubmamgdynia.pl\/index.php\/wp-json\/wp\/v2\/product_cat?post=5625"},{"taxonomy":"product_tag","embeddable":true,"href":"http:\/\/klubmamgdynia.pl\/index.php\/wp-json\/wp\/v2\/product_tag?post=5625"}],"curies":[{"name":"wp","href":"https:\/\/api.w.org\/{rel}","templated":true}]}}