{"id":5627,"date":"2019-02-15T12:13:02","date_gmt":"2019-02-15T11:13:02","guid":{"rendered":"http:\/\/klubmamgdynia.pl\/index.php\/produkt\/gra-planszowa-winning-moves-monopoly-naruto-shippuden-wersja-angielska\/"},"modified":"2026-04-21T04:06:31","modified_gmt":"2026-04-21T02:06:31","slug":"gra-planszowa-winning-moves-monopoly-naruto-shippuden-wersja-angielska","status":"publish","type":"product","link":"http:\/\/klubmamgdynia.pl\/index.php\/produkt\/gra-planszowa-winning-moves-monopoly-naruto-shippuden-wersja-angielska\/","title":{"rendered":"Gra planszowa Winning Moves Monopoly Naruto Shippuden (wersja angielska)"},"content":{"rendered":"<p>Monopoly NARUTO SHIPPUDEN &#8211; wersja angloj\u0119zycznaDzi\u0119ki tej edycji Monopoly b\u0119dziesz mie\u0107 okazj\u0119 do odbycia niezwyk\u0142ej podr\u00f3\u017cy, podczas kt\u00f3rej spotkasz ulubionych bohater\u00f3w.Sprawd\u017a, czy uda Ci si\u0119 zebra\u0107 wszystkie akty w\u0142asno\u015bci i doprowadzi\u0107 przeciwnik\u00f3w do bankructwa!Uwaga: gra i instrukcja w j\u0119zyku angielskim!<\/p>\n<h2>Gra planszowa Winning Moves Monopoly Naruto Shippuden (wersja angielska) WINNING MOVES<\/h2>\n<p>prezent na urodziny dla nastolatk\u00f3w, zagadki trudne, kwiatek kwiaty do druku szablony, szablon zaproszenia na urodziny do wydruku czarno bia\u0142e, pozna\u0144 atrakcje dla dzieci, ko\u0142ysanki dla dzieci + tekst, bursztynek, prezent dla rocznego ch\u0142opca, zagadki o wielkanocy dla dzieci, prima aprilis w szkole, najrzadsze imiona, alina, bajki o ksi\u0119\u017cniczkach do czytania<\/p>\n<p>yyyyy<\/p>\n<p>&nbsp;<\/p>\n","protected":false},"excerpt":{"rendered":"<p>Monopoly NARUTO SHIPPUDEN &#8211; wersja angloj\u0119zycznaDzi\u0119ki tej edycji Monopoly b\u0119dziesz mie\u0107 okazj\u0119 do odbycia niezwyk\u0142ej podr\u00f3\u017cy, podczas kt\u00f3rej spotkasz ulubionych bohater\u00f3w.Sprawd\u017a, czy uda Ci si\u0119 zebra\u0107 wszystkie akty w\u0142asno\u015bci i doprowadzi\u0107 przeciwnik\u00f3w do bankructwa!Uwaga: gra i instrukcja w j\u0119zyku angielskim! Gra planszowa Winning Moves Monopoly Naruto Shippuden (wersja angielska) WINNING MOVES prezent na urodziny dla [&hellip;]<\/p>\n","protected":false},"featured_media":5628,"comment_status":"closed","ping_status":"open","template":"","meta":[],"product_cat":[235,226],"product_tag":[610,853,795,589,724],"class_list":["post-5627","product","type-product","status-publish","has-post-thumbnail","hentry","product_cat-gry-planszowe","product_cat-winning-moves","product_tag-co-na-prezent-dla-nastolatkow","product_tag-kolorowanki-do-druku-dla-doroslych","product_tag-mini-zoo-warszawa","product_tag-prezent-dla-rocznego-dziecka","product_tag-zagadki-podchwytliwe"],"_links":{"self":[{"href":"http:\/\/klubmamgdynia.pl\/index.php\/wp-json\/wp\/v2\/product\/5627","targetHints":{"allow":["GET"]}}],"collection":[{"href":"http:\/\/klubmamgdynia.pl\/index.php\/wp-json\/wp\/v2\/product"}],"about":[{"href":"http:\/\/klubmamgdynia.pl\/index.php\/wp-json\/wp\/v2\/types\/product"}],"replies":[{"embeddable":true,"href":"http:\/\/klubmamgdynia.pl\/index.php\/wp-json\/wp\/v2\/comments?post=5627"}],"wp:featuredmedia":[{"embeddable":true,"href":"http:\/\/klubmamgdynia.pl\/index.php\/wp-json\/wp\/v2\/media\/5628"}],"wp:attachment":[{"href":"http:\/\/klubmamgdynia.pl\/index.php\/wp-json\/wp\/v2\/media?parent=5627"}],"wp:term":[{"taxonomy":"product_cat","embeddable":true,"href":"http:\/\/klubmamgdynia.pl\/index.php\/wp-json\/wp\/v2\/product_cat?post=5627"},{"taxonomy":"product_tag","embeddable":true,"href":"http:\/\/klubmamgdynia.pl\/index.php\/wp-json\/wp\/v2\/product_tag?post=5627"}],"curies":[{"name":"wp","href":"https:\/\/api.w.org\/{rel}","templated":true}]}}