{"id":5629,"date":"2011-05-23T09:40:47","date_gmt":"2011-05-23T07:40:47","guid":{"rendered":"http:\/\/klubmamgdynia.pl\/index.php\/produkt\/be-be-s-collection-mata-do-raczkowania-odi-bodi-ecru-100x135cm-bezowy\/"},"modified":"2026-04-04T11:33:39","modified_gmt":"2026-04-04T09:33:39","slug":"be-be-s-collection-mata-do-raczkowania-odi-bodi-ecru-100x135cm-bezowy","status":"publish","type":"product","link":"http:\/\/klubmamgdynia.pl\/index.php\/produkt\/be-be-s-collection-mata-do-raczkowania-odi-bodi-ecru-100x135cm-bezowy\/","title":{"rendered":"Be Be 'S Collection Mata Do Raczkowania Odi &amp; Bodi Ecru 100X135Cm Be\u017cowy"},"content":{"rendered":"<p>Ta przytulna, mi\u0119kka mata do raczkowania jest doskona\u0142ym produktem dla Twojego dziecka, szczeg\u00f3lnie ze wzgl\u0119du na jego grube i przytulne wype\u0142nienie oraz zastosowan\u0105 tkanin\u0119. Tw\u00f3j maluszek mo\u017ce raczkowa\u0107 i bawi\u0107 si\u0119, a jej rozmiar poywoli r\u00f3wnie\u017c mamie i tacie z Tob\u0105 usi\u0105\u015b\u0107. Zastosowanie najwy\u017cszej jako\u015bci tkanin i najwy\u017csza staranno\u015b\u0107 w przetwarzaniu wyr\u00f3\u017cniaj\u0105 ten artyku\u0142. Szczeg\u00f3\u0142y: wymiary: ok. 100 x 135 cm materia\u0142: 80% bawe\u0142na, 20% poliester wype\u0142nienie: 100% poliester produkt sprawdzony pod wzgl\u0119dem zawarto\u015bci substancji szkodliwych \u00d6ko-Tex Standard 100 Produkt nale\u017cy pra\u0107 w temp. do 30\u00b0C.<\/p>\n<h2>Be Be S Collection Mata Do Raczkowania Odi &amp; Bodi Ecru 100X135Cm Be\u017cowy Bebes Collection<\/h2>\n<p>cytat o rodzinie, cytat o przyja\u017ani, znane misie z bajek, darmowy szablon list do miko\u0142aja, podchwytliwe zagadki i odpowiedzi, podchwytliwe zagadki na inteligencj\u0119, kolorowanki ninjago, tymoteusz znaczenie imienia, jeremi, daniel imie, Keyword, pierniki na bo\u017ce narodzenie, zagadki wiosenne dla dzieci, zagadki dla dzieci 14 lat<\/p>\n<p>yyyyy<\/p>\n<p>&nbsp;<\/p>\n","protected":false},"excerpt":{"rendered":"<p>Ta przytulna, mi\u0119kka mata do raczkowania jest doskona\u0142ym produktem dla Twojego dziecka, szczeg\u00f3lnie ze wzgl\u0119du na jego grube i przytulne wype\u0142nienie oraz zastosowan\u0105 tkanin\u0119. Tw\u00f3j maluszek mo\u017ce raczkowa\u0107 i bawi\u0107 si\u0119, a jej rozmiar poywoli r\u00f3wnie\u017c mamie i tacie z Tob\u0105 usi\u0105\u015b\u0107. Zastosowanie najwy\u017cszej jako\u015bci tkanin i najwy\u017csza staranno\u015b\u0107 w przetwarzaniu wyr\u00f3\u017cniaj\u0105 ten artyku\u0142. Szczeg\u00f3\u0142y: [&hellip;]<\/p>\n","protected":false},"featured_media":5630,"comment_status":"closed","ping_status":"open","template":"","meta":[],"product_cat":[1377,55],"product_tag":[611,622,747,588,799,796],"class_list":["post-5629","product","type-product","status-publish","has-post-thumbnail","hentry","product_cat-bebes-collection","product_cat-maty-edukacyjne","product_tag-bajki-do-czytania-psi-patrol","product_tag-fajne-zagadki","product_tag-malowanki-do-druku","product_tag-wzruszajace-slowa-dla-przyjaciela","product_tag-zagadka-logiczna","product_tag-zagatki"],"_links":{"self":[{"href":"http:\/\/klubmamgdynia.pl\/index.php\/wp-json\/wp\/v2\/product\/5629","targetHints":{"allow":["GET"]}}],"collection":[{"href":"http:\/\/klubmamgdynia.pl\/index.php\/wp-json\/wp\/v2\/product"}],"about":[{"href":"http:\/\/klubmamgdynia.pl\/index.php\/wp-json\/wp\/v2\/types\/product"}],"replies":[{"embeddable":true,"href":"http:\/\/klubmamgdynia.pl\/index.php\/wp-json\/wp\/v2\/comments?post=5629"}],"wp:featuredmedia":[{"embeddable":true,"href":"http:\/\/klubmamgdynia.pl\/index.php\/wp-json\/wp\/v2\/media\/5630"}],"wp:attachment":[{"href":"http:\/\/klubmamgdynia.pl\/index.php\/wp-json\/wp\/v2\/media?parent=5629"}],"wp:term":[{"taxonomy":"product_cat","embeddable":true,"href":"http:\/\/klubmamgdynia.pl\/index.php\/wp-json\/wp\/v2\/product_cat?post=5629"},{"taxonomy":"product_tag","embeddable":true,"href":"http:\/\/klubmamgdynia.pl\/index.php\/wp-json\/wp\/v2\/product_tag?post=5629"}],"curies":[{"name":"wp","href":"https:\/\/api.w.org\/{rel}","templated":true}]}}