{"id":563,"date":"2014-12-28T18:36:03","date_gmt":"2014-12-28T17:36:03","guid":{"rendered":"http:\/\/klubmamgdynia.pl\/index.php\/produkt\/brio-zestaw-kolejowy-deluxe-classic-33424\/"},"modified":"2026-05-01T20:28:02","modified_gmt":"2026-05-01T18:28:02","slug":"brio-zestaw-kolejowy-deluxe-classic-33424","status":"publish","type":"product","link":"http:\/\/klubmamgdynia.pl\/index.php\/produkt\/brio-zestaw-kolejowy-deluxe-classic-33424\/","title":{"rendered":"Brio Zestaw Kolejowy Deluxe Classic (33424)"},"content":{"rendered":"<p>Podobnie jak prawdziwy poci\u0105g, ten klasyczny drewniany model pnie si\u0119 na szczyt wzg\u00f3rza i zatrzymuje si\u0119 na stacji. I czy to nie sprawa magii, spos\u00f3b w jaki s\u0105 ze sob\u0105 po\u0142\u0105czone wagoniki? Odkryj czaruj\u0105c\u0105 przygod\u0119, kt\u00f3ra nigdy si\u0119 nie ko\u0144czy!<\/p>\n<h2>Brio Zestaw Kolejowy Deluxe Classic (33424) Brio<\/h2>\n<p>pi\u0119kne cytaty o synku, cytat z kubusia puchatka o mi\u0142o\u015bci, zaproszenia urodzinowe do wydruku chomikuj, m\u0105dra my\u015bl na dobranoc, prezenty na roczek, zagadki dla 7 latk\u00f3w, mini zoo dolno\u015bl\u0105skie, atrakcje dla dzieci wroc\u0142aw i okolice, pozytywne cytaty mama cytaty, choinka z bibu\u0142y, cytaty o macierzy\u0144stwie, testy katarynka, bajka na dobranoc do czytania, buziak gify na dobranoc smieszne<\/p>\n<p>yyyyy<\/p>\n<p>&nbsp;<\/p>\n","protected":false},"excerpt":{"rendered":"<p>Podobnie jak prawdziwy poci\u0105g, ten klasyczny drewniany model pnie si\u0119 na szczyt wzg\u00f3rza i zatrzymuje si\u0119 na stacji. I czy to nie sprawa magii, spos\u00f3b w jaki s\u0105 ze sob\u0105 po\u0142\u0105czone wagoniki? Odkryj czaruj\u0105c\u0105 przygod\u0119, kt\u00f3ra nigdy si\u0119 nie ko\u0144czy! Brio Zestaw Kolejowy Deluxe Classic (33424) Brio pi\u0119kne cytaty o synku, cytat z kubusia puchatka [&hellip;]<\/p>\n","protected":false},"featured_media":564,"comment_status":"closed","ping_status":"open","template":"","meta":[],"product_cat":[78,56],"product_tag":[624,665,586,756],"class_list":["post-563","product","type-product","status-publish","has-post-thumbnail","hentry","product_cat-brio","product_cat-kolejki","product_tag-krotkie-zagadki","product_tag-proste-zagadki","product_tag-smieszne-zagadki","product_tag-zaproszenie-na-urodziny-do-druku"],"_links":{"self":[{"href":"http:\/\/klubmamgdynia.pl\/index.php\/wp-json\/wp\/v2\/product\/563","targetHints":{"allow":["GET"]}}],"collection":[{"href":"http:\/\/klubmamgdynia.pl\/index.php\/wp-json\/wp\/v2\/product"}],"about":[{"href":"http:\/\/klubmamgdynia.pl\/index.php\/wp-json\/wp\/v2\/types\/product"}],"replies":[{"embeddable":true,"href":"http:\/\/klubmamgdynia.pl\/index.php\/wp-json\/wp\/v2\/comments?post=563"}],"wp:featuredmedia":[{"embeddable":true,"href":"http:\/\/klubmamgdynia.pl\/index.php\/wp-json\/wp\/v2\/media\/564"}],"wp:attachment":[{"href":"http:\/\/klubmamgdynia.pl\/index.php\/wp-json\/wp\/v2\/media?parent=563"}],"wp:term":[{"taxonomy":"product_cat","embeddable":true,"href":"http:\/\/klubmamgdynia.pl\/index.php\/wp-json\/wp\/v2\/product_cat?post=563"},{"taxonomy":"product_tag","embeddable":true,"href":"http:\/\/klubmamgdynia.pl\/index.php\/wp-json\/wp\/v2\/product_tag?post=563"}],"curies":[{"name":"wp","href":"https:\/\/api.w.org\/{rel}","templated":true}]}}