{"id":5631,"date":"2021-09-30T14:47:18","date_gmt":"2021-09-30T12:47:18","guid":{"rendered":"http:\/\/klubmamgdynia.pl\/index.php\/produkt\/clementoni-3w1-super-kolor-sonic\/"},"modified":"2026-04-30T07:37:51","modified_gmt":"2026-04-30T05:37:51","slug":"clementoni-3w1-super-kolor-sonic","status":"publish","type":"product","link":"http:\/\/klubmamgdynia.pl\/index.php\/produkt\/clementoni-3w1-super-kolor-sonic\/","title":{"rendered":"Clementoni 3W1 Super Kolor Sonic"},"content":{"rendered":"<p>Wyj\u0105tkowa kolekcja SONIC Puzzle Super Color 3 x 48 elementy. Wyj\u0105tkowe barwy druku uzyskano dzi\u0119ki wykorzystaniu technologii Super Kolor.Wymiar uk\u0142adanki 32 x 22 cm.Wiek: 4l+<\/p>\n<h2>Clementoni 3W1 Super Kolor Sonic Clementoni<\/h2>\n<p>bajka o \u017cabie, imi\u0119 kostek, zagadki dla dzieci 4-5 lat online, weso\u0142e pisanki tekst piosenki, zwierz\u0119ta z plasteliny, test lew czarownica i stara szafa, kolorowanka peppa, plac zabaw pozna\u0144, dyplom za udzia\u0142 w konkursie do druku, kr\u00f3tkie bajki do czytania na dobranoc, kwiatek kwiaty do druku szablony, najlepsze zagadki, ma\u0142y ksi\u0105\u017c\u0119 cytaty o przyja\u017ani, psikusy na prima aprilis, kolorowanki do druku pokemon, julian znaczenie<\/p>\n<p>yyyyy<\/p>\n<p>&nbsp;<\/p>\n","protected":false},"excerpt":{"rendered":"<p>Wyj\u0105tkowa kolekcja SONIC Puzzle Super Color 3 x 48 elementy. Wyj\u0105tkowe barwy druku uzyskano dzi\u0119ki wykorzystaniu technologii Super Kolor.Wymiar uk\u0142adanki 32 x 22 cm.Wiek: 4l+ Clementoni 3W1 Super Kolor Sonic Clementoni bajka o \u017cabie, imi\u0119 kostek, zagadki dla dzieci 4-5 lat online, weso\u0142e pisanki tekst piosenki, zwierz\u0119ta z plasteliny, test lew czarownica i stara szafa, [&hellip;]<\/p>\n","protected":false},"featured_media":5632,"comment_status":"closed","ping_status":"open","template":"","meta":[],"product_cat":[163,90],"product_tag":[825,865,663,646,717],"class_list":["post-5631","product","type-product","status-publish","has-post-thumbnail","hentry","product_cat-clementoni","product_cat-puzzle","product_tag-bajka-na-dobranoc-do-czytania","product_tag-cytaty-o-dzieciach","product_tag-kolorowanki-dla-dzieci-do-druku","product_tag-prezent-na-pierwsze-urodziny","product_tag-prezent-roczek"],"_links":{"self":[{"href":"http:\/\/klubmamgdynia.pl\/index.php\/wp-json\/wp\/v2\/product\/5631","targetHints":{"allow":["GET"]}}],"collection":[{"href":"http:\/\/klubmamgdynia.pl\/index.php\/wp-json\/wp\/v2\/product"}],"about":[{"href":"http:\/\/klubmamgdynia.pl\/index.php\/wp-json\/wp\/v2\/types\/product"}],"replies":[{"embeddable":true,"href":"http:\/\/klubmamgdynia.pl\/index.php\/wp-json\/wp\/v2\/comments?post=5631"}],"wp:featuredmedia":[{"embeddable":true,"href":"http:\/\/klubmamgdynia.pl\/index.php\/wp-json\/wp\/v2\/media\/5632"}],"wp:attachment":[{"href":"http:\/\/klubmamgdynia.pl\/index.php\/wp-json\/wp\/v2\/media?parent=5631"}],"wp:term":[{"taxonomy":"product_cat","embeddable":true,"href":"http:\/\/klubmamgdynia.pl\/index.php\/wp-json\/wp\/v2\/product_cat?post=5631"},{"taxonomy":"product_tag","embeddable":true,"href":"http:\/\/klubmamgdynia.pl\/index.php\/wp-json\/wp\/v2\/product_tag?post=5631"}],"curies":[{"name":"wp","href":"https:\/\/api.w.org\/{rel}","templated":true}]}}