{"id":5633,"date":"2012-04-01T08:10:03","date_gmt":"2012-04-01T06:10:03","guid":{"rendered":"http:\/\/klubmamgdynia.pl\/index.php\/produkt\/sapphire-kids-mata-puzzle-z-obrzezami-sk-26\/"},"modified":"2026-05-17T22:35:39","modified_gmt":"2026-05-17T20:35:39","slug":"sapphire-kids-mata-puzzle-z-obrzezami-sk-26","status":"publish","type":"product","link":"http:\/\/klubmamgdynia.pl\/index.php\/produkt\/sapphire-kids-mata-puzzle-z-obrzezami-sk-26\/","title":{"rendered":"Sapphire Kids Mata Puzzle Z Obrze\u017cami Sk-26"},"content":{"rendered":"<p>Mata puzzle z obrze\u017cami Sapphire Kids SK-26 &#8211; zwierz\u0105tka. Produkt wykonany z bezpiecznej pianki pozwala na stworzenie idealnego miejsca do zabawy dla malucha. Dziecko mo\u017ce samodzielnie uk\u0142ada\u0107 poszczeg\u00f3lne elementy, przez co szybko uczy si\u0119 zapami\u0119tywania kszta\u0142t\u00f3w oraz \u0107wiczy zdolno\u015bci manualne. A przede wszystkim &#8211; po prosty \u015bwietnie si\u0119 bawi!<\/p>\n<h2>Sapphire Kids Mata Puzzle Z Obrze\u017cami Sk-26 <\/h2>\n<p>prezent dla ch\u0142opca na roczek, miko\u0142ajek &#8211; test z odpowiedziami, gry ruchowe dla dzieci, kr\u00f3tkie \u017cyczenia wielkanocne dla dzieci, prezent dla 7 latki, wzruszaj\u0105c\u0105 piosenka dla taty, kolorowanki do druku, pomys\u0142 na prima aprilis, zabawki na roczek, prezent dla trzynastolatki, bajka dla niemowlaka, imie iwo, julian, pieski, cytaty korczak, lokomotywa kolorowanka, kolorowanki do druku kotki, bajka o \u017cabie, \u015bmieszne zagadki z odpowiedziami, labirynty dla dzieci, prezent na roczek dla chrze\u015bniaka<\/p>\n<p>yyyyy<\/p>\n<p>&nbsp;<\/p>\n","protected":false},"excerpt":{"rendered":"<p>Mata puzzle z obrze\u017cami Sapphire Kids SK-26 &#8211; zwierz\u0105tka. Produkt wykonany z bezpiecznej pianki pozwala na stworzenie idealnego miejsca do zabawy dla malucha. Dziecko mo\u017ce samodzielnie uk\u0142ada\u0107 poszczeg\u00f3lne elementy, przez co szybko uczy si\u0119 zapami\u0119tywania kszta\u0142t\u00f3w oraz \u0107wiczy zdolno\u015bci manualne. A przede wszystkim &#8211; po prosty \u015bwietnie si\u0119 bawi! Sapphire Kids Mata Puzzle Z Obrze\u017cami [&hellip;]<\/p>\n","protected":false},"featured_media":5634,"comment_status":"closed","ping_status":"open","template":"","meta":[],"product_cat":[55],"product_tag":[654,768,726,840],"class_list":["post-5633","product","type-product","status-publish","has-post-thumbnail","hentry","product_cat-maty-edukacyjne","product_tag-krotkie-bajki-dla-dzieci-do-czytania","product_tag-krotkie-zagadki-logiczne","product_tag-quiz-zemsta","product_tag-stare-bajki"],"_links":{"self":[{"href":"http:\/\/klubmamgdynia.pl\/index.php\/wp-json\/wp\/v2\/product\/5633","targetHints":{"allow":["GET"]}}],"collection":[{"href":"http:\/\/klubmamgdynia.pl\/index.php\/wp-json\/wp\/v2\/product"}],"about":[{"href":"http:\/\/klubmamgdynia.pl\/index.php\/wp-json\/wp\/v2\/types\/product"}],"replies":[{"embeddable":true,"href":"http:\/\/klubmamgdynia.pl\/index.php\/wp-json\/wp\/v2\/comments?post=5633"}],"wp:featuredmedia":[{"embeddable":true,"href":"http:\/\/klubmamgdynia.pl\/index.php\/wp-json\/wp\/v2\/media\/5634"}],"wp:attachment":[{"href":"http:\/\/klubmamgdynia.pl\/index.php\/wp-json\/wp\/v2\/media?parent=5633"}],"wp:term":[{"taxonomy":"product_cat","embeddable":true,"href":"http:\/\/klubmamgdynia.pl\/index.php\/wp-json\/wp\/v2\/product_cat?post=5633"},{"taxonomy":"product_tag","embeddable":true,"href":"http:\/\/klubmamgdynia.pl\/index.php\/wp-json\/wp\/v2\/product_tag?post=5633"}],"curies":[{"name":"wp","href":"https:\/\/api.w.org\/{rel}","templated":true}]}}