{"id":5635,"date":"2016-03-05T08:36:11","date_gmt":"2016-03-05T07:36:11","guid":{"rendered":"http:\/\/klubmamgdynia.pl\/index.php\/produkt\/timaro-puzzle-1000el-riverside-glen\/"},"modified":"2026-05-17T22:13:37","modified_gmt":"2026-05-17T20:13:37","slug":"timaro-puzzle-1000el-riverside-glen","status":"publish","type":"product","link":"http:\/\/klubmamgdynia.pl\/index.php\/produkt\/timaro-puzzle-1000el-riverside-glen\/","title":{"rendered":"Timaro Puzzle 1000El. Riverside Glen"},"content":{"rendered":"<p>Puzzle 2000 element\u00f3w.Uk\u0142adanka ma pe\u0142ny format o wymiarach 100 x 70 cm.Wysoka jako\u015b\u0107 nadruku &#8211; uk\u0142adanka jak i pude\u0142ko ma pi\u0119kne satynowe wyko\u0144czenie daj\u0105ce wysoki komfort uk\u0142adania.Idealne dopasowanie element\u00f3w &#8211; elementy uk\u0142adanki maj\u0105 bardzo zr\u00f3\u017cnicowane kszta\u0142ty i \u017caden bok elementu nie pasuje w inne ni\u017c przeznaczone miejsce.Wiek: +14EAN: 5903728730622<\/p>\n<h2>Timaro Puzzle 1000El. Riverside Glen <\/h2>\n<p>prezenty dla 16 latki, malowanki dla dzieci do druku, zagadki logiczne z odpowiedziami, cytaty o dzieciach i rodzinie, p\u0142atki \u015bniegu szablon, znaczenie imienia lilia, kolorowe listki tekst, quiz opowie\u015bci z narnii, bajki dla dzieci online, test asiunia, dzie\u0144 pluszowego misia 2021<\/p>\n<p>yyyyy<\/p>\n<p>&nbsp;<\/p>\n","protected":false},"excerpt":{"rendered":"<p>Puzzle 2000 element\u00f3w.Uk\u0142adanka ma pe\u0142ny format o wymiarach 100 x 70 cm.Wysoka jako\u015b\u0107 nadruku &#8211; uk\u0142adanka jak i pude\u0142ko ma pi\u0119kne satynowe wyko\u0144czenie daj\u0105ce wysoki komfort uk\u0142adania.Idealne dopasowanie element\u00f3w &#8211; elementy uk\u0142adanki maj\u0105 bardzo zr\u00f3\u017cnicowane kszta\u0142ty i \u017caden bok elementu nie pasuje w inne ni\u017c przeznaczone miejsce.Wiek: +14EAN: 5903728730622 Timaro Puzzle 1000El. Riverside Glen prezenty [&hellip;]<\/p>\n","protected":false},"featured_media":5636,"comment_status":"closed","ping_status":"open","template":"","meta":[],"product_cat":[90],"product_tag":[763,654,695,738],"class_list":["post-5635","product","type-product","status-publish","has-post-thumbnail","hentry","product_cat-puzzle","product_tag-fabian","product_tag-krotkie-bajki-dla-dzieci-do-czytania","product_tag-rzadkie-imiona-zenskie","product_tag-wroclaw-dla-dzieci"],"_links":{"self":[{"href":"http:\/\/klubmamgdynia.pl\/index.php\/wp-json\/wp\/v2\/product\/5635","targetHints":{"allow":["GET"]}}],"collection":[{"href":"http:\/\/klubmamgdynia.pl\/index.php\/wp-json\/wp\/v2\/product"}],"about":[{"href":"http:\/\/klubmamgdynia.pl\/index.php\/wp-json\/wp\/v2\/types\/product"}],"replies":[{"embeddable":true,"href":"http:\/\/klubmamgdynia.pl\/index.php\/wp-json\/wp\/v2\/comments?post=5635"}],"wp:featuredmedia":[{"embeddable":true,"href":"http:\/\/klubmamgdynia.pl\/index.php\/wp-json\/wp\/v2\/media\/5636"}],"wp:attachment":[{"href":"http:\/\/klubmamgdynia.pl\/index.php\/wp-json\/wp\/v2\/media?parent=5635"}],"wp:term":[{"taxonomy":"product_cat","embeddable":true,"href":"http:\/\/klubmamgdynia.pl\/index.php\/wp-json\/wp\/v2\/product_cat?post=5635"},{"taxonomy":"product_tag","embeddable":true,"href":"http:\/\/klubmamgdynia.pl\/index.php\/wp-json\/wp\/v2\/product_tag?post=5635"}],"curies":[{"name":"wp","href":"https:\/\/api.w.org\/{rel}","templated":true}]}}