{"id":5639,"date":"2017-03-16T01:39:18","date_gmt":"2017-03-16T00:39:18","guid":{"rendered":"http:\/\/klubmamgdynia.pl\/index.php\/produkt\/wk-notatnik-a7-96k-bg-907-mix\/"},"modified":"2026-04-06T14:05:06","modified_gmt":"2026-04-06T12:05:06","slug":"wk-notatnik-a7-96k-bg-907-mix","status":"publish","type":"product","link":"http:\/\/klubmamgdynia.pl\/index.php\/produkt\/wk-notatnik-a7-96k-bg-907-mix\/","title":{"rendered":"W&amp;K Notatnik A7\/96K Bg-907 Mix"},"content":{"rendered":"<p>Miks wzor\u00f3w, towar wysy\u0142any losowo. Cena za sztuk\u0119.Notatnik w twardej oprawie, rozmiar A7, 96 kartek.<\/p>\n<h2>W&amp;K Notatnik A7\/96K Bg-907 Mix <\/h2>\n<p>god\u0142o polski do druku, oryginalny prezent na roczek dla ch\u0142opca, jednoro\u017cec kolorowanka do druku, m\u0105dre cytaty dla dzieci, test z pana kleksa, pewna \u017caba by\u0142a s\u0142aba, co kupi\u0107 na roczek dla dziewczynki, imie kuba, fajne prezenty dla nastolatk\u00f3w, literki do druku<\/p>\n<p>yyyyy<\/p>\n<p>&nbsp;<\/p>\n","protected":false},"excerpt":{"rendered":"<p>Miks wzor\u00f3w, towar wysy\u0142any losowo. Cena za sztuk\u0119.Notatnik w twardej oprawie, rozmiar A7, 96 kartek. W&amp;K Notatnik A7\/96K Bg-907 Mix god\u0142o polski do druku, oryginalny prezent na roczek dla ch\u0142opca, jednoro\u017cec kolorowanka do druku, m\u0105dre cytaty dla dzieci, test z pana kleksa, pewna \u017caba by\u0142a s\u0142aba, co kupi\u0107 na roczek dla dziewczynki, imie kuba, fajne [&hellip;]<\/p>\n","protected":false},"featured_media":5640,"comment_status":"closed","ping_status":"open","template":"","meta":[],"product_cat":[325],"product_tag":[683,730,590,732,581],"class_list":["post-5639","product","type-product","status-publish","has-post-thumbnail","hentry","product_cat-szkolne-artykuly-papiernicze","product_tag-karaluchy-pod-poduchy","product_tag-karyna","product_tag-plac-zabaw-warszawa","product_tag-prezent-dla-rocznego-chlopca","product_tag-zagadki-dla-8-latka"],"_links":{"self":[{"href":"http:\/\/klubmamgdynia.pl\/index.php\/wp-json\/wp\/v2\/product\/5639","targetHints":{"allow":["GET"]}}],"collection":[{"href":"http:\/\/klubmamgdynia.pl\/index.php\/wp-json\/wp\/v2\/product"}],"about":[{"href":"http:\/\/klubmamgdynia.pl\/index.php\/wp-json\/wp\/v2\/types\/product"}],"replies":[{"embeddable":true,"href":"http:\/\/klubmamgdynia.pl\/index.php\/wp-json\/wp\/v2\/comments?post=5639"}],"wp:featuredmedia":[{"embeddable":true,"href":"http:\/\/klubmamgdynia.pl\/index.php\/wp-json\/wp\/v2\/media\/5640"}],"wp:attachment":[{"href":"http:\/\/klubmamgdynia.pl\/index.php\/wp-json\/wp\/v2\/media?parent=5639"}],"wp:term":[{"taxonomy":"product_cat","embeddable":true,"href":"http:\/\/klubmamgdynia.pl\/index.php\/wp-json\/wp\/v2\/product_cat?post=5639"},{"taxonomy":"product_tag","embeddable":true,"href":"http:\/\/klubmamgdynia.pl\/index.php\/wp-json\/wp\/v2\/product_tag?post=5639"}],"curies":[{"name":"wp","href":"https:\/\/api.w.org\/{rel}","templated":true}]}}