{"id":5641,"date":"2013-09-26T02:31:45","date_gmt":"2013-09-26T00:31:45","guid":{"rendered":"http:\/\/klubmamgdynia.pl\/index.php\/produkt\/aquarius-ukladanka-puzzle-nasa-mission-51x71cm-1000el\/"},"modified":"2026-05-17T22:24:01","modified_gmt":"2026-05-17T20:24:01","slug":"aquarius-ukladanka-puzzle-nasa-mission-51x71cm-1000el","status":"publish","type":"product","link":"http:\/\/klubmamgdynia.pl\/index.php\/produkt\/aquarius-ukladanka-puzzle-nasa-mission-51x71cm-1000el\/","title":{"rendered":"Aquarius Uk\u0142adanka Puzzle Nasa Mission 51X71Cm 1000El."},"content":{"rendered":"<p>Dzieci zas\u0142uguj\u0105 na to co najlepsze, dlatego przedstawiamy Ci uk\u0142adanka puzzle Aquarius NASA Mission 51 x 71 cm 1000 Cz\u0119\u015bci, idealny dla tych, kt\u00f3rzy szukaj\u0105 produkt\u00f3w wysokiej jako\u015bci dla dzieci! Zdob\u0105d\u017a Aquarius w najlepszych cenach!Liczba sztuk: 1000 Cz\u0119\u015bciWymiary ok.: 51 x 71 cm&#8230;<\/p>\n<h2>Aquarius Uk\u0142adanka Puzzle Nasa Mission 51X71Cm 1000El. Aquarius<\/h2>\n<p>\u015bwinka peppa do czytania, hejka tu lenka quizy, origami dla dzieci, \u0142amig\u0142\u00f3wki dla dzieci do wydruku, kolorowanki my little pony, wierszyki na \u015bmigusa dyngusa, zagadki matematyczne dla dzieci, ciekawe zagadki, rysunki dla pocz\u0105tkuj\u0105cych, kolorowanki lato, \u015bmieszne zagadki, test z lektury ten obcy<\/p>\n<p>yyyyy<\/p>\n<p>&nbsp;<\/p>\n","protected":false},"excerpt":{"rendered":"<p>Dzieci zas\u0142uguj\u0105 na to co najlepsze, dlatego przedstawiamy Ci uk\u0142adanka puzzle Aquarius NASA Mission 51 x 71 cm 1000 Cz\u0119\u015bci, idealny dla tych, kt\u00f3rzy szukaj\u0105 produkt\u00f3w wysokiej jako\u015bci dla dzieci! Zdob\u0105d\u017a Aquarius w najlepszych cenach!Liczba sztuk: 1000 Cz\u0119\u015bciWymiary ok.: 51 x 71 cm&#8230; Aquarius Uk\u0142adanka Puzzle Nasa Mission 51X71Cm 1000El. Aquarius \u015bwinka peppa do czytania, [&hellip;]<\/p>\n","protected":false},"featured_media":5642,"comment_status":"closed","ping_status":"open","template":"","meta":[],"product_cat":[1378,90],"product_tag":[745,814,601],"class_list":["post-5641","product","type-product","status-publish","has-post-thumbnail","hentry","product_cat-aquarius","product_cat-puzzle","product_tag-prezent-dla-15-latki","product_tag-prezenty-dla-nastolatek","product_tag-zagadki-co-to-jest"],"_links":{"self":[{"href":"http:\/\/klubmamgdynia.pl\/index.php\/wp-json\/wp\/v2\/product\/5641","targetHints":{"allow":["GET"]}}],"collection":[{"href":"http:\/\/klubmamgdynia.pl\/index.php\/wp-json\/wp\/v2\/product"}],"about":[{"href":"http:\/\/klubmamgdynia.pl\/index.php\/wp-json\/wp\/v2\/types\/product"}],"replies":[{"embeddable":true,"href":"http:\/\/klubmamgdynia.pl\/index.php\/wp-json\/wp\/v2\/comments?post=5641"}],"wp:featuredmedia":[{"embeddable":true,"href":"http:\/\/klubmamgdynia.pl\/index.php\/wp-json\/wp\/v2\/media\/5642"}],"wp:attachment":[{"href":"http:\/\/klubmamgdynia.pl\/index.php\/wp-json\/wp\/v2\/media?parent=5641"}],"wp:term":[{"taxonomy":"product_cat","embeddable":true,"href":"http:\/\/klubmamgdynia.pl\/index.php\/wp-json\/wp\/v2\/product_cat?post=5641"},{"taxonomy":"product_tag","embeddable":true,"href":"http:\/\/klubmamgdynia.pl\/index.php\/wp-json\/wp\/v2\/product_tag?post=5641"}],"curies":[{"name":"wp","href":"https:\/\/api.w.org\/{rel}","templated":true}]}}