{"id":5643,"date":"2014-07-09T23:11:29","date_gmt":"2014-07-09T21:11:29","guid":{"rendered":"http:\/\/klubmamgdynia.pl\/index.php\/produkt\/lansinoh-laktator-elektryczny-2piersi\/"},"modified":"2026-04-06T03:07:23","modified_gmt":"2026-04-06T01:07:23","slug":"lansinoh-laktator-elektryczny-2piersi","status":"publish","type":"product","link":"http:\/\/klubmamgdynia.pl\/index.php\/produkt\/lansinoh-laktator-elektryczny-2piersi\/","title":{"rendered":"Lansinoh Laktator elektryczny (2piersi)"},"content":{"rendered":"<p>Lansinoh Laktator elektryczny (2piersi) to wyj\u0105tkowo efektywny i wydajny, pozwala na jedno lub obustronne odci\u0105ganie pokarmu by oszcz\u0119dzi\u0107 czas.<\/p>\n<h2>Lansinoh Laktator elektryczny (2piersi) Lansinoh laboratories<\/h2>\n<p>bajka na dobranoc, quiz o wio\u015bnie, imi\u0119 kostek, pieski, smieszne zagadki, pola znaczenie imienia, trudne zagadki logiczne z odpowiedziami, kolorowanka ze zdj\u0119cia, rysunek kota<\/p>\n<p>yyyyy<\/p>\n<p>&nbsp;<\/p>\n","protected":false},"excerpt":{"rendered":"<p>Lansinoh Laktator elektryczny (2piersi) to wyj\u0105tkowo efektywny i wydajny, pozwala na jedno lub obustronne odci\u0105ganie pokarmu by oszcz\u0119dzi\u0107 czas. Lansinoh Laktator elektryczny (2piersi) Lansinoh laboratories bajka na dobranoc, quiz o wio\u015bnie, imi\u0119 kostek, pieski, smieszne zagadki, pola znaczenie imienia, trudne zagadki logiczne z odpowiedziami, kolorowanka ze zdj\u0119cia, rysunek kota yyyyy &nbsp;<\/p>\n","protected":false},"featured_media":5644,"comment_status":"closed","ping_status":"open","template":"","meta":[],"product_cat":[1016,1379],"product_tag":[666,863,683,640,678],"class_list":["post-5643","product","type-product","status-publish","has-post-thumbnail","hentry","product_cat-laktatory","product_cat-lansinoh-laboratories","product_tag-afrykanskie-imiona","product_tag-bajki-dla-dziewczynek","product_tag-karaluchy-pod-poduchy","product_tag-prezent-dla-rocznej-dziewczynki","product_tag-prezent-na-roczek-dla-dziewczynki"],"_links":{"self":[{"href":"http:\/\/klubmamgdynia.pl\/index.php\/wp-json\/wp\/v2\/product\/5643","targetHints":{"allow":["GET"]}}],"collection":[{"href":"http:\/\/klubmamgdynia.pl\/index.php\/wp-json\/wp\/v2\/product"}],"about":[{"href":"http:\/\/klubmamgdynia.pl\/index.php\/wp-json\/wp\/v2\/types\/product"}],"replies":[{"embeddable":true,"href":"http:\/\/klubmamgdynia.pl\/index.php\/wp-json\/wp\/v2\/comments?post=5643"}],"wp:featuredmedia":[{"embeddable":true,"href":"http:\/\/klubmamgdynia.pl\/index.php\/wp-json\/wp\/v2\/media\/5644"}],"wp:attachment":[{"href":"http:\/\/klubmamgdynia.pl\/index.php\/wp-json\/wp\/v2\/media?parent=5643"}],"wp:term":[{"taxonomy":"product_cat","embeddable":true,"href":"http:\/\/klubmamgdynia.pl\/index.php\/wp-json\/wp\/v2\/product_cat?post=5643"},{"taxonomy":"product_tag","embeddable":true,"href":"http:\/\/klubmamgdynia.pl\/index.php\/wp-json\/wp\/v2\/product_tag?post=5643"}],"curies":[{"name":"wp","href":"https:\/\/api.w.org\/{rel}","templated":true}]}}