{"id":5645,"date":"2023-07-27T02:34:06","date_gmt":"2023-07-27T00:34:06","guid":{"rendered":"http:\/\/klubmamgdynia.pl\/?post_type=product&#038;p=5645"},"modified":"2026-04-20T14:01:16","modified_gmt":"2026-04-20T12:01:16","slug":"victoria-naklejki-na-zeszyt-auta-zestaw-11","status":"publish","type":"product","link":"http:\/\/klubmamgdynia.pl\/index.php\/produkt\/victoria-naklejki-na-zeszyt-auta-zestaw-11\/","title":{"rendered":"Victoria Naklejki Na Zeszyt Auta Zestaw 11"},"content":{"rendered":"<h2>Victoria Naklejki Na Zeszyt Auta Zestaw 11 Victoria<\/h2>\n<p>zgadywanki dla dzieci, atrakcje dla dzieci we wroc\u0142awiu, lucjan imi\u0119, smok wawelski bajka, cytaty o wychowaniu dzieci, prima aprilis pomys\u0142y, kolorowanki lol, kaczuszka, jak narysowac kota, wiersz o wakacjach<\/p>\n<p>yyyyy<\/p>\n<p>&nbsp;<\/p>\n","protected":false},"excerpt":{"rendered":"<p>Victoria Naklejki Na Zeszyt Auta Zestaw 11 Victoria zgadywanki dla dzieci, atrakcje dla dzieci we wroc\u0142awiu, lucjan imi\u0119, smok wawelski bajka, cytaty o wychowaniu dzieci, prima aprilis pomys\u0142y, kolorowanki lol, kaczuszka, jak narysowac kota, wiersz o wakacjach yyyyy &nbsp;<\/p>\n","protected":false},"featured_media":5646,"comment_status":"closed","ping_status":"open","template":"","meta":[],"product_cat":[325,1380],"product_tag":[859,763,847,850],"class_list":["post-5645","product","type-product","status-publish","has-post-thumbnail","hentry","product_cat-szkolne-artykuly-papiernicze","product_cat-victoria","product_tag-dobranoc-pchly-na-noc","product_tag-fabian","product_tag-kolorowanki-pokemon","product_tag-wroclaw-atrakcje-dla-dzieci"],"_links":{"self":[{"href":"http:\/\/klubmamgdynia.pl\/index.php\/wp-json\/wp\/v2\/product\/5645","targetHints":{"allow":["GET"]}}],"collection":[{"href":"http:\/\/klubmamgdynia.pl\/index.php\/wp-json\/wp\/v2\/product"}],"about":[{"href":"http:\/\/klubmamgdynia.pl\/index.php\/wp-json\/wp\/v2\/types\/product"}],"replies":[{"embeddable":true,"href":"http:\/\/klubmamgdynia.pl\/index.php\/wp-json\/wp\/v2\/comments?post=5645"}],"wp:featuredmedia":[{"embeddable":true,"href":"http:\/\/klubmamgdynia.pl\/index.php\/wp-json\/wp\/v2\/media\/5646"}],"wp:attachment":[{"href":"http:\/\/klubmamgdynia.pl\/index.php\/wp-json\/wp\/v2\/media?parent=5645"}],"wp:term":[{"taxonomy":"product_cat","embeddable":true,"href":"http:\/\/klubmamgdynia.pl\/index.php\/wp-json\/wp\/v2\/product_cat?post=5645"},{"taxonomy":"product_tag","embeddable":true,"href":"http:\/\/klubmamgdynia.pl\/index.php\/wp-json\/wp\/v2\/product_tag?post=5645"}],"curies":[{"name":"wp","href":"https:\/\/api.w.org\/{rel}","templated":true}]}}