{"id":5649,"date":"2023-11-03T17:04:12","date_gmt":"2023-11-03T16:04:12","guid":{"rendered":"http:\/\/klubmamgdynia.pl\/?post_type=product&#038;p=5649"},"modified":"2026-04-28T15:20:41","modified_gmt":"2026-04-28T13:20:41","slug":"berjuan-ubrania-dla-lalek-3016-22","status":"publish","type":"product","link":"http:\/\/klubmamgdynia.pl\/index.php\/produkt\/berjuan-ubrania-dla-lalek-3016-22\/","title":{"rendered":"Berjuan Ubrania Dla Lalek 3016-22"},"content":{"rendered":"<p>Dzieci zas\u0142uguj\u0105 na to co najlepsze, dlatego przedstawiamy Ci Ubrania dla lalek Berjuan 3016-22, idealny dla tych, kt\u00f3rzy szukaj\u0105 produkt\u00f3w wysokiej jako\u015bci dla dzieci! Zdob\u0105d\u017a Berjuan w najlepszych cenach!Zalecany Wiek: + 3 latZasilana bateriami: NieWymagany monta\u017c: NieRodzaj: Ubrania dla lalekStyl: trykotZawiera: KapeluszKolor: Koral<\/p>\n<h2>Berjuan Ubrania Dla Lalek 3016-22 Berjuan<\/h2>\n<p>darmowe kolorowanki do druku, gabriel, kr\u00f3tkie bajki dla dzieci, miasto dzieci.pl, jesienne zagadki, lucyna, andrzejki kolorowanki do druku, cytaty ma\u0142y ksi\u0105\u017ce, zagadki dla ma\u0142ych dzieci, cytaty dla mamy od c\u00f3rki, zagadki podchwytliwe, asiunia test, kolorowanka do druku lol, psi patrol do czytania, opisy o dzieciach, darmowe bajki dla dzieci, minionki kolorowanka, m\u0105dre bajki dla dzieci do czytania, wiersz o marzannie, halloween dla dzieci 2021<\/p>\n<p>yyyyy<\/p>\n<p>&nbsp;<\/p>\n","protected":false},"excerpt":{"rendered":"<p>Dzieci zas\u0142uguj\u0105 na to co najlepsze, dlatego przedstawiamy Ci Ubrania dla lalek Berjuan 3016-22, idealny dla tych, kt\u00f3rzy szukaj\u0105 produkt\u00f3w wysokiej jako\u015bci dla dzieci! Zdob\u0105d\u017a Berjuan w najlepszych cenach!Zalecany Wiek: + 3 latZasilana bateriami: NieWymagany monta\u017c: NieRodzaj: Ubrania dla lalekStyl: trykotZawiera: KapeluszKolor: Koral Berjuan Ubrania Dla Lalek 3016-22 Berjuan darmowe kolorowanki do druku, gabriel, kr\u00f3tkie [&hellip;]<\/p>\n","protected":false},"featured_media":5650,"comment_status":"closed","ping_status":"open","template":"","meta":[],"product_cat":[943,50],"product_tag":[871,864,578,586,615],"class_list":["post-5649","product","type-product","status-publish","has-post-thumbnail","hentry","product_cat-berjuan","product_cat-ubranka-i-buty-dla-lalek","product_tag-bajka-o-smoku-wawelskim","product_tag-basen-warszawa","product_tag-fajne-zarty-na-prima-aprilis","product_tag-smieszne-zagadki","product_tag-znane-misie-z-filmow-animowanych"],"_links":{"self":[{"href":"http:\/\/klubmamgdynia.pl\/index.php\/wp-json\/wp\/v2\/product\/5649","targetHints":{"allow":["GET"]}}],"collection":[{"href":"http:\/\/klubmamgdynia.pl\/index.php\/wp-json\/wp\/v2\/product"}],"about":[{"href":"http:\/\/klubmamgdynia.pl\/index.php\/wp-json\/wp\/v2\/types\/product"}],"replies":[{"embeddable":true,"href":"http:\/\/klubmamgdynia.pl\/index.php\/wp-json\/wp\/v2\/comments?post=5649"}],"wp:featuredmedia":[{"embeddable":true,"href":"http:\/\/klubmamgdynia.pl\/index.php\/wp-json\/wp\/v2\/media\/5650"}],"wp:attachment":[{"href":"http:\/\/klubmamgdynia.pl\/index.php\/wp-json\/wp\/v2\/media?parent=5649"}],"wp:term":[{"taxonomy":"product_cat","embeddable":true,"href":"http:\/\/klubmamgdynia.pl\/index.php\/wp-json\/wp\/v2\/product_cat?post=5649"},{"taxonomy":"product_tag","embeddable":true,"href":"http:\/\/klubmamgdynia.pl\/index.php\/wp-json\/wp\/v2\/product_tag?post=5649"}],"curies":[{"name":"wp","href":"https:\/\/api.w.org\/{rel}","templated":true}]}}