{"id":565,"date":"2013-01-27T06:31:14","date_gmt":"2013-01-27T05:31:14","guid":{"rendered":"http:\/\/klubmamgdynia.pl\/?post_type=product&#038;p=565"},"modified":"2026-04-28T23:49:35","modified_gmt":"2026-04-28T21:49:35","slug":"brio-kolejka-zestaw-zaladunek-w-porcie-33061","status":"publish","type":"product","link":"http:\/\/klubmamgdynia.pl\/index.php\/produkt\/brio-kolejka-zestaw-zaladunek-w-porcie-33061\/","title":{"rendered":"Brio Kolejka Zestaw Za\u0142adunek W Porcie 33061"},"content":{"rendered":"<p>Kolejka Drewniana BRIO 33061 Port Prze\u0142adunkowy Port<br \/>\nprze\u0142adunkowy to kolejna ciekawa propozycja od firmy BRIO. Zestaw umo\u017cliwia nam<br \/>\nsprawdzenia w praktyce jak wygl\u0105da transport \u0142\u0105czony. Po owalnej trasie porusza<br \/>\nsi\u0119 lokomotywa wraz z jednym wagonem. Kolejka jest zasilana bateri\u0105 i ma<br \/>\nmo\u017cliwo\u015b\u0107 samodzielnej jazdy do przodu i do ty\u0142u. Wagon posiada rozsuwan\u0105<br \/>\nobudow\u0119, a w \u015brodku znajduje si\u0119 \u0142adunek. Przy pomocy nadbrze\u017cnego d\u017awigu<br \/>\nzaopatrzonego w magnes, mo\u017cemy prze\u0142adowa\u0107 towar z poci\u0105gu na statek, kt\u00f3ry r\u00f3wnie\u017c<br \/>\njest w zestawie. Statek transportowy posiada dwie zamykane \u0142adownie na towary.<br \/>\n\u017beby statek zosta\u0142 za\u0142adowany musi wp\u0142yn\u0105\u0107 wewn\u0105trz toru, mo\u017ce to zrobi\u0107 dzi\u0119ki<br \/>\npodnoszonemu mostowi, kt\u00f3ry jest jednym z element\u00f3w trasy.                             <\/p>\n<p>Wszystkie zestawy firmy BRIO s\u0105 kompatybilne z systemami<br \/>\nkolejek drewnianych wi\u0119kszo\u015bci znanych firm (BigJigs, IKEA, MAXIM, Fisher<br \/>\nPrice, TESCO, Eichhorn, Woodyland, itp.) Ilo\u015b\u0107 element\u00f3w: 16 Producent: BRIO<br \/>\nWiek dziecka: 3+ Nr katalogowy: 33061 Wymiary opakowania: 39 cm x 30 cm x 12 cm<br \/>\nBRIO to szwedzka firma zabawkarska istniej\u0105ca na rynku od ponad 130 lat.<br \/>\nProdukty firmy wykonywane s\u0105 z najwy\u017cszej jako\u015bci materia\u0142\u00f3w bezpiecznych dla<br \/>\ndziecka. Produktem flagowym firmy s\u0105 kolejki drewniane BRIO, kt\u00f3re s\u0105<br \/>\npierwowzorem dla wszystkich innych producent\u00f3w. Zabawki BRIO opr\u00f3cz wysokiej<br \/>\njako\u015bci cechuje r\u00f3wnie\u017c ciekawe wzornictwo i dba\u0142o\u015b\u0107 o najmniejsze szczeg\u00f3\u0142y.<br \/>\nKolejka Drewniana BRIO poch\u0142onie na wiele godzin ka\u017cde dziecko, a dzi\u0119ki<br \/>\nuniwersalnemu systemowi tor\u00f3w, kolejk\u0119 b\u0119dzie mo\u017cna rozbudowywa\u0107 o nowe<br \/>\nelementy, czy te\u017c \u0142\u0105czy\u0107 z kolejkami innych firm.<\/p>\n<h2>Brio Kolejka Zestaw Za\u0142adunek W Porcie 33061 Brio<\/h2>\n<p>kolorowanki miasto, lato lato lato czeka, iwo, najpi\u0119kniejsze piosenki \u015bwi\u0105teczne dla dzieci, test z lektury asiunia joanna papuzi\u0144ska<\/p>\n<p>yyyyy<\/p>\n<p>&nbsp;<\/p>\n","protected":false},"excerpt":{"rendered":"<p>Kolejka Drewniana BRIO 33061 Port Prze\u0142adunkowy Port prze\u0142adunkowy to kolejna ciekawa propozycja od firmy BRIO. Zestaw umo\u017cliwia nam sprawdzenia w praktyce jak wygl\u0105da transport \u0142\u0105czony. Po owalnej trasie porusza si\u0119 lokomotywa wraz z jednym wagonem. Kolejka jest zasilana bateri\u0105 i ma mo\u017cliwo\u015b\u0107 samodzielnej jazdy do przodu i do ty\u0142u. Wagon posiada rozsuwan\u0105 obudow\u0119, a w [&hellip;]<\/p>\n","protected":false},"featured_media":566,"comment_status":"closed","ping_status":"open","template":"","meta":[],"product_cat":[78,56],"product_tag":[765,734,798,769],"class_list":["post-565","product","type-product","status-publish","has-post-thumbnail","hentry","product_cat-brio","product_cat-kolejki","product_tag-atrakcje-dla-dzieci-warszawa","product_tag-milan-imie","product_tag-prezenty-dla-nastolatki","product_tag-psi-patrol-do-czytania"],"_links":{"self":[{"href":"http:\/\/klubmamgdynia.pl\/index.php\/wp-json\/wp\/v2\/product\/565","targetHints":{"allow":["GET"]}}],"collection":[{"href":"http:\/\/klubmamgdynia.pl\/index.php\/wp-json\/wp\/v2\/product"}],"about":[{"href":"http:\/\/klubmamgdynia.pl\/index.php\/wp-json\/wp\/v2\/types\/product"}],"replies":[{"embeddable":true,"href":"http:\/\/klubmamgdynia.pl\/index.php\/wp-json\/wp\/v2\/comments?post=565"}],"wp:featuredmedia":[{"embeddable":true,"href":"http:\/\/klubmamgdynia.pl\/index.php\/wp-json\/wp\/v2\/media\/566"}],"wp:attachment":[{"href":"http:\/\/klubmamgdynia.pl\/index.php\/wp-json\/wp\/v2\/media?parent=565"}],"wp:term":[{"taxonomy":"product_cat","embeddable":true,"href":"http:\/\/klubmamgdynia.pl\/index.php\/wp-json\/wp\/v2\/product_cat?post=565"},{"taxonomy":"product_tag","embeddable":true,"href":"http:\/\/klubmamgdynia.pl\/index.php\/wp-json\/wp\/v2\/product_tag?post=565"}],"curies":[{"name":"wp","href":"https:\/\/api.w.org\/{rel}","templated":true}]}}