{"id":5651,"date":"2021-05-05T00:16:12","date_gmt":"2021-05-04T22:16:12","guid":{"rendered":"http:\/\/klubmamgdynia.pl\/index.php\/produkt\/berjuan-lalka-mosquidolls-myszka-24-cm\/"},"modified":"2026-05-02T17:17:29","modified_gmt":"2026-05-02T15:17:29","slug":"berjuan-lalka-mosquidolls-myszka-24-cm","status":"publish","type":"product","link":"http:\/\/klubmamgdynia.pl\/index.php\/produkt\/berjuan-lalka-mosquidolls-myszka-24-cm\/","title":{"rendered":"Berjuan Lalka Mosquidolls Myszka (24 Cm)"},"content":{"rendered":"<p>Dzieci zas\u0142uguj\u0105 na to co najlepsze, dlatego przedstawiamy Ci Lalka Mosquidolls Berjuan Myszka (24 cm), idealny dla tych, kt\u00f3rzy szukaj\u0105 produkt\u00f3w wysokiej jako\u015bci dla dzieci! Zdob\u0105d\u017a Berjuan w najlepszych cenach!Zalecany Wiek: + 3 lat3+ latZasilana bateriami: NieKolor: Bia\u0142yD\u0142ugo\u015b\u0107: 24 cmW\u0142a\u015bciwo\u015bci: Odstraszacz komar\u00f3wTestowany dermatologicznieTestowany dermatologicznieOkres: 6 miesi\u0119cy&#8230;<\/p>\n<h2>Berjuan Lalka Mosquidolls Myszka (24 Cm) Berjuan<\/h2>\n<p>test z opowie\u015bci z narnii, stare wiersze dla dzieci, kolorowanki do druku dla dziewczyn, imie paula<\/p>\n<p>yyyyy<\/p>\n<p>&nbsp;<\/p>\n","protected":false},"excerpt":{"rendered":"<p>Dzieci zas\u0142uguj\u0105 na to co najlepsze, dlatego przedstawiamy Ci Lalka Mosquidolls Berjuan Myszka (24 cm), idealny dla tych, kt\u00f3rzy szukaj\u0105 produkt\u00f3w wysokiej jako\u015bci dla dzieci! Zdob\u0105d\u017a Berjuan w najlepszych cenach!Zalecany Wiek: + 3 lat3+ latZasilana bateriami: NieKolor: Bia\u0142yD\u0142ugo\u015b\u0107: 24 cmW\u0142a\u015bciwo\u015bci: Odstraszacz komar\u00f3wTestowany dermatologicznieTestowany dermatologicznieOkres: 6 miesi\u0119cy&#8230; Berjuan Lalka Mosquidolls Myszka (24 Cm) Berjuan test z [&hellip;]<\/p>\n","protected":false},"featured_media":5652,"comment_status":"closed","ping_status":"open","template":"","meta":[],"product_cat":[943,65],"product_tag":[728,847,842,823,811],"class_list":["post-5651","product","type-product","status-publish","has-post-thumbnail","hentry","product_cat-berjuan","product_cat-lalki","product_tag-bezwarunkowa-milosc-do-dziecka-cytaty","product_tag-kolorowanki-pokemon","product_tag-plac-zabaw-poznan","product_tag-zagadki-dla-dzieci-7-lat","product_tag-zagadki-logiczne-dla-dzieci"],"_links":{"self":[{"href":"http:\/\/klubmamgdynia.pl\/index.php\/wp-json\/wp\/v2\/product\/5651","targetHints":{"allow":["GET"]}}],"collection":[{"href":"http:\/\/klubmamgdynia.pl\/index.php\/wp-json\/wp\/v2\/product"}],"about":[{"href":"http:\/\/klubmamgdynia.pl\/index.php\/wp-json\/wp\/v2\/types\/product"}],"replies":[{"embeddable":true,"href":"http:\/\/klubmamgdynia.pl\/index.php\/wp-json\/wp\/v2\/comments?post=5651"}],"wp:featuredmedia":[{"embeddable":true,"href":"http:\/\/klubmamgdynia.pl\/index.php\/wp-json\/wp\/v2\/media\/5652"}],"wp:attachment":[{"href":"http:\/\/klubmamgdynia.pl\/index.php\/wp-json\/wp\/v2\/media?parent=5651"}],"wp:term":[{"taxonomy":"product_cat","embeddable":true,"href":"http:\/\/klubmamgdynia.pl\/index.php\/wp-json\/wp\/v2\/product_cat?post=5651"},{"taxonomy":"product_tag","embeddable":true,"href":"http:\/\/klubmamgdynia.pl\/index.php\/wp-json\/wp\/v2\/product_tag?post=5651"}],"curies":[{"name":"wp","href":"https:\/\/api.w.org\/{rel}","templated":true}]}}