{"id":5653,"date":"2014-02-12T19:59:31","date_gmt":"2014-02-12T18:59:31","guid":{"rendered":"http:\/\/klubmamgdynia.pl\/index.php\/produkt\/bigjigs-toys-drewniany-piornik-z-wyposazeniem\/"},"modified":"2026-04-27T08:24:55","modified_gmt":"2026-04-27T06:24:55","slug":"bigjigs-toys-drewniany-piornik-z-wyposazeniem","status":"publish","type":"product","link":"http:\/\/klubmamgdynia.pl\/index.php\/produkt\/bigjigs-toys-drewniany-piornik-z-wyposazeniem\/","title":{"rendered":"Bigjigs Toys Drewniany Pi\u00f3rnik Z Wyposa\u017ceniem"},"content":{"rendered":"<p>Drewniany pi\u00f3rnik zasuwany deseczk\u0105.W \u015brodku znajduje si\u0119:linijka4 o\u0142\u00f3wkitemper\u00f3wka.Kod paskowy: 0691621002339Rok wydania: 2018Kod wydawcy: 38262Oprawa: TwardaFormat: 22.0&#215;05.0cmG\u0142\u0119boko\u015b\u0107 (mm): 25Waga: 0.124Dzia\u0142\/Kategorie: Artyku\u0142y szkolne i papiernicze \/ Artyku\u0142y szkolne \/ Pi\u00f3rniki \/ Z wyposa\u017ceniemJ\u0119zyki: polskiGrupa towarowa: Artyku\u0142y papiernicze<\/p>\n<h2>Bigjigs Toys Drewniany Pi\u00f3rnik Z Wyposa\u017ceniem BIGJIGS TOYS<\/h2>\n<p>gda\u0144sk atrakcje dla m\u0142odzie\u017cy, kolorowanki do druku dla doros\u0142ych, pi\u0119kne kr\u00f3tkie wiersze, zagadki o zwierz\u0119tach, urodziny dziecka pomys\u0142y, zaproszenie na urodziny do druku pdf, quiz o minecraft, maska psi patrol do druku, mia imie, zagadki rymowane, prezent dla pi\u0119tnastolatka, kwiecien plecien, kolorowanki na dzie\u0144 niepodleg\u0142o\u015bci do wydruku, bajki dla dzieci od 7 do 10 lat, cytaty z ma\u0142ego ksi\u0119cia, pomys\u0142y na pakowanie prezent\u00f3w, pia, bianka<\/p>\n<p>yyyyy<\/p>\n<p>&nbsp;<\/p>\n","protected":false},"excerpt":{"rendered":"<p>Drewniany pi\u00f3rnik zasuwany deseczk\u0105.W \u015brodku znajduje si\u0119:linijka4 o\u0142\u00f3wkitemper\u00f3wka.Kod paskowy: 0691621002339Rok wydania: 2018Kod wydawcy: 38262Oprawa: TwardaFormat: 22.0&#215;05.0cmG\u0142\u0119boko\u015b\u0107 (mm): 25Waga: 0.124Dzia\u0142\/Kategorie: Artyku\u0142y szkolne i papiernicze \/ Artyku\u0142y szkolne \/ Pi\u00f3rniki \/ Z wyposa\u017ceniemJ\u0119zyki: polskiGrupa towarowa: Artyku\u0142y papiernicze Bigjigs Toys Drewniany Pi\u00f3rnik Z Wyposa\u017ceniem BIGJIGS TOYS gda\u0144sk atrakcje dla m\u0142odzie\u017cy, kolorowanki do druku dla doros\u0142ych, pi\u0119kne kr\u00f3tkie wiersze, [&hellip;]<\/p>\n","protected":false},"featured_media":5654,"comment_status":"closed","ping_status":"open","template":"","meta":[],"product_cat":[1372,976],"product_tag":[864,749,647],"class_list":["post-5653","product","type-product","status-publish","has-post-thumbnail","hentry","product_cat-bigjigs-toys","product_cat-piorniki","product_tag-basen-warszawa","product_tag-najlepsze-zarty-na-prima-aprilis","product_tag-warszawa-z-dzieckiem"],"_links":{"self":[{"href":"http:\/\/klubmamgdynia.pl\/index.php\/wp-json\/wp\/v2\/product\/5653","targetHints":{"allow":["GET"]}}],"collection":[{"href":"http:\/\/klubmamgdynia.pl\/index.php\/wp-json\/wp\/v2\/product"}],"about":[{"href":"http:\/\/klubmamgdynia.pl\/index.php\/wp-json\/wp\/v2\/types\/product"}],"replies":[{"embeddable":true,"href":"http:\/\/klubmamgdynia.pl\/index.php\/wp-json\/wp\/v2\/comments?post=5653"}],"wp:featuredmedia":[{"embeddable":true,"href":"http:\/\/klubmamgdynia.pl\/index.php\/wp-json\/wp\/v2\/media\/5654"}],"wp:attachment":[{"href":"http:\/\/klubmamgdynia.pl\/index.php\/wp-json\/wp\/v2\/media?parent=5653"}],"wp:term":[{"taxonomy":"product_cat","embeddable":true,"href":"http:\/\/klubmamgdynia.pl\/index.php\/wp-json\/wp\/v2\/product_cat?post=5653"},{"taxonomy":"product_tag","embeddable":true,"href":"http:\/\/klubmamgdynia.pl\/index.php\/wp-json\/wp\/v2\/product_tag?post=5653"}],"curies":[{"name":"wp","href":"https:\/\/api.w.org\/{rel}","templated":true}]}}