{"id":5655,"date":"2023-05-08T08:28:53","date_gmt":"2023-05-08T06:28:53","guid":{"rendered":"http:\/\/klubmamgdynia.pl\/?post_type=product&#038;p=5655"},"modified":"2026-04-04T20:26:58","modified_gmt":"2026-04-04T18:26:58","slug":"gibsons-puzzle-1000el-oksford-oxfordshire-anglia-g3","status":"publish","type":"product","link":"http:\/\/klubmamgdynia.pl\/index.php\/produkt\/gibsons-puzzle-1000el-oksford-oxfordshire-anglia-g3\/","title":{"rendered":"Gibsons Puzzle 1000El. Oksford\/Oxfordshire\/Anglia G3"},"content":{"rendered":"<p>Gibsons to rodzinna firma zajmuj\u0105ca si\u0119 produkcj\u0105 puzzli i gier planszowych. Za\u0142o\u017cona w Londynie w 1919 roku, dostarcza rozrywk\u0119 pokoleniom od ponad 100 lat, a ich motywem przewodnim jest tworzenie produkt\u00f3w najwy\u017cszej jako\u015bci dla wszystkich grup wiekowych.Dlaczego warto wybra\u0107 puzzle marki Gibsons?:Puzzle wytwarzane s\u0105 w Wielkiej Brytanii i Europie, a do ich produkcji u\u017cywany jest karton o najwy\u017cszej gramaturze na rynku. Wsp\u00f3\u0142praca z ca\u0142\u0105 rzesz\u0105 utalentowanych artyst\u00f3w pozwala stworzy\u0107 nowoczesne i ciekawe wzory, od nostalgicznych scen po hipnotyzuj\u0105ce nadruki. Pi\u0119knie ilustrowane elementy s\u0105 zaprojektowane tak, aby idealnie do siebie pasowa\u0142y. Puzzle marki Gibsons s\u0105 przyjazne dla planety. Wykonane s\u0105 w 100% z tektury pochodz\u0105cej z recyklingu i zabezpieczone zak\u0142adkami, a nie foli\u0105 termokurczliw\u0105, aby zmniejszy\u0107 ilo\u015b\u0107 plastiku jednorazowego u\u017cytku. Pude\u0142ko ma b\u0142yszcz\u0105c\u0105 pow\u0142ok\u0119 dla dodatkowej ochrony, ale dzi\u0119ki temu zyska\u0142o tak\u017ce nowy, \u015bwie\u017cy wygl\u0105d. NAZWA PUZZLE 1000 OKSFORD\/OXFORDSHIRE\/ANGLIA G3 PRODUCENT GIBSONS WIEK 12+ ILO\u015a\u0106 ELEMENT\u00d3W 1000 EAN 5012269062922 Znajd\u017a podobne wed\u0142ug klucza: GIBSONS PUZZLE PUZZLE_1000 (458624)<\/p>\n<h2>Gibsons Puzzle 1000El. Oksford\/Oxfordshire\/Anglia G3 Gibsons<\/h2>\n<p>zagadki wiosna, kolorowanka pikachu, kolorowanki pi\u0142karskie, zagadki \u015bmieszne dla dzieci, kawa\u0142y na prima aprilis dla rodzic\u00f3w, aneta, quizy psi patrol, gaja imi\u0119, sandra imie, kolorowanka lol surprise, kolorowanka peppa<\/p>\n<p>yyyyy<\/p>\n<p>&nbsp;<\/p>\n","protected":false},"excerpt":{"rendered":"<p>Gibsons to rodzinna firma zajmuj\u0105ca si\u0119 produkcj\u0105 puzzli i gier planszowych. Za\u0142o\u017cona w Londynie w 1919 roku, dostarcza rozrywk\u0119 pokoleniom od ponad 100 lat, a ich motywem przewodnim jest tworzenie produkt\u00f3w najwy\u017cszej jako\u015bci dla wszystkich grup wiekowych.Dlaczego warto wybra\u0107 puzzle marki Gibsons?:Puzzle wytwarzane s\u0105 w Wielkiej Brytanii i Europie, a do ich produkcji u\u017cywany jest [&hellip;]<\/p>\n","protected":false},"featured_media":5656,"comment_status":"closed","ping_status":"open","template":"","meta":[],"product_cat":[1360,90],"product_tag":[836,640,711,869,805],"class_list":["post-5655","product","type-product","status-publish","has-post-thumbnail","hentry","product_cat-gibsons","product_cat-puzzle","product_tag-co-kupic-dziecku-na-roczek","product_tag-prezent-dla-rocznej-dziewczynki","product_tag-prezenty-dla-nastolatkow","product_tag-zagadki-na-logike","product_tag-znaczenie-imienia-alan"],"_links":{"self":[{"href":"http:\/\/klubmamgdynia.pl\/index.php\/wp-json\/wp\/v2\/product\/5655","targetHints":{"allow":["GET"]}}],"collection":[{"href":"http:\/\/klubmamgdynia.pl\/index.php\/wp-json\/wp\/v2\/product"}],"about":[{"href":"http:\/\/klubmamgdynia.pl\/index.php\/wp-json\/wp\/v2\/types\/product"}],"replies":[{"embeddable":true,"href":"http:\/\/klubmamgdynia.pl\/index.php\/wp-json\/wp\/v2\/comments?post=5655"}],"wp:featuredmedia":[{"embeddable":true,"href":"http:\/\/klubmamgdynia.pl\/index.php\/wp-json\/wp\/v2\/media\/5656"}],"wp:attachment":[{"href":"http:\/\/klubmamgdynia.pl\/index.php\/wp-json\/wp\/v2\/media?parent=5655"}],"wp:term":[{"taxonomy":"product_cat","embeddable":true,"href":"http:\/\/klubmamgdynia.pl\/index.php\/wp-json\/wp\/v2\/product_cat?post=5655"},{"taxonomy":"product_tag","embeddable":true,"href":"http:\/\/klubmamgdynia.pl\/index.php\/wp-json\/wp\/v2\/product_tag?post=5655"}],"curies":[{"name":"wp","href":"https:\/\/api.w.org\/{rel}","templated":true}]}}