{"id":5657,"date":"2012-10-20T02:30:59","date_gmt":"2012-10-20T00:30:59","guid":{"rendered":"http:\/\/klubmamgdynia.pl\/index.php\/produkt\/winning-moves-monopoly-square-katowice-spodek-1000el\/"},"modified":"2026-04-23T16:11:36","modified_gmt":"2026-04-23T14:11:36","slug":"winning-moves-monopoly-square-katowice-spodek-1000el","status":"publish","type":"product","link":"http:\/\/klubmamgdynia.pl\/index.php\/produkt\/winning-moves-monopoly-square-katowice-spodek-1000el\/","title":{"rendered":"Winning Moves Monopoly Square Katowice Spodek 1000El."},"content":{"rendered":"<p>Puzzle 1000 element\u00f3w Monopoly. Katowice &#8211; Spodek. Uk\u0142adanka sk\u0142ada si\u0119 na niezwyk\u0142e uj\u0119cie katowickiej hali sportowo-widowiskowej. Puzzle odwzorowuj\u0105 w zwi\u0119kszonej skali faktyczny element gry. Po do\u0142o\u017ceniu ostatniego puzzla, nie zapomnij o powieszeniu plakatu, kt\u00f3ry Pan Monopoly dorzuca gratis!&#8230;<\/p>\n<h2>Winning Moves Monopoly Square Katowice Spodek 1000El. Winning Moves<\/h2>\n<p>kolorowe kanapki kanapki dla dzieci, prezenty na 1 roczek, ko\u0142ysanki teksty, zagadki na logike, zaproszenie na urodziny dziecka do druku, prezenty roczek, kolorowanki dla dziewczyn<\/p>\n<p>yyyyy<\/p>\n<p>&nbsp;<\/p>\n","protected":false},"excerpt":{"rendered":"<p>Puzzle 1000 element\u00f3w Monopoly. Katowice &#8211; Spodek. Uk\u0142adanka sk\u0142ada si\u0119 na niezwyk\u0142e uj\u0119cie katowickiej hali sportowo-widowiskowej. Puzzle odwzorowuj\u0105 w zwi\u0119kszonej skali faktyczny element gry. Po do\u0142o\u017ceniu ostatniego puzzla, nie zapomnij o powieszeniu plakatu, kt\u00f3ry Pan Monopoly dorzuca gratis!&#8230; Winning Moves Monopoly Square Katowice Spodek 1000El. Winning Moves kolorowe kanapki kanapki dla dzieci, prezenty na 1 [&hellip;]<\/p>\n","protected":false},"featured_media":5658,"comment_status":"closed","ping_status":"open","template":"","meta":[],"product_cat":[90,226],"product_tag":[658,669,582,746,779],"class_list":["post-5657","product","type-product","status-publish","has-post-thumbnail","hentry","product_cat-puzzle","product_cat-winning-moves","product_tag-alan-znaczenie-imienia","product_tag-kolorowanki","product_tag-nauka-pisania-literek-do-wydruku-pdf","product_tag-zagadki-typu-co-to-jest","product_tag-zarty-na-prima-aprilis-w-domu"],"_links":{"self":[{"href":"http:\/\/klubmamgdynia.pl\/index.php\/wp-json\/wp\/v2\/product\/5657","targetHints":{"allow":["GET"]}}],"collection":[{"href":"http:\/\/klubmamgdynia.pl\/index.php\/wp-json\/wp\/v2\/product"}],"about":[{"href":"http:\/\/klubmamgdynia.pl\/index.php\/wp-json\/wp\/v2\/types\/product"}],"replies":[{"embeddable":true,"href":"http:\/\/klubmamgdynia.pl\/index.php\/wp-json\/wp\/v2\/comments?post=5657"}],"wp:featuredmedia":[{"embeddable":true,"href":"http:\/\/klubmamgdynia.pl\/index.php\/wp-json\/wp\/v2\/media\/5658"}],"wp:attachment":[{"href":"http:\/\/klubmamgdynia.pl\/index.php\/wp-json\/wp\/v2\/media?parent=5657"}],"wp:term":[{"taxonomy":"product_cat","embeddable":true,"href":"http:\/\/klubmamgdynia.pl\/index.php\/wp-json\/wp\/v2\/product_cat?post=5657"},{"taxonomy":"product_tag","embeddable":true,"href":"http:\/\/klubmamgdynia.pl\/index.php\/wp-json\/wp\/v2\/product_tag?post=5657"}],"curies":[{"name":"wp","href":"https:\/\/api.w.org\/{rel}","templated":true}]}}