{"id":5659,"date":"2010-12-23T14:53:59","date_gmt":"2010-12-23T13:53:59","guid":{"rendered":"http:\/\/klubmamgdynia.pl\/index.php\/produkt\/polsyr-naklejki-na-zeszyty-male-psy-25ark\/"},"modified":"2026-04-05T23:52:04","modified_gmt":"2026-04-05T21:52:04","slug":"polsyr-naklejki-na-zeszyty-male-psy-25ark","status":"publish","type":"product","link":"http:\/\/klubmamgdynia.pl\/index.php\/produkt\/polsyr-naklejki-na-zeszyty-male-psy-25ark\/","title":{"rendered":"Polsyr Naklejki Na Zeszyty Ma\u0142e Psy 25Ark."},"content":{"rendered":"<h2>Polsyr Naklejki Na Zeszyty Ma\u0142e Psy 25Ark. <\/h2>\n<p>motylek, tabliczka mno\u017cenia zadania do druku, lato lato lato czeka, wzory zaprosze\u0144 zaproszenie na urodziny szablon do druku, wilga, cicha noc po angielsku, bajki na dobranoc, \u0142\u00f3d\u017a atrakcje dla dzieci, ma\u0142y ksi\u0105\u017c\u0119 cytaty o mi\u0142o\u015bci, dzieci pl, piosenka na dzie\u0144 nauczyciela przedszkole, quiz opowie\u015bci z narnii lew czarownica i stara szafa, ci\u0119\u017ckie zagadki, zagadki dla dzieci 4-5 lat online, piesek do kolorowania, kondrad imie, kolorowanki kotka, aforyzmy o dzieciach, bajka o smoku wawelskim<\/p>\n<p>yyyyy<\/p>\n<p>&nbsp;<\/p>\n","protected":false},"excerpt":{"rendered":"<p>Polsyr Naklejki Na Zeszyty Ma\u0142e Psy 25Ark. motylek, tabliczka mno\u017cenia zadania do druku, lato lato lato czeka, wzory zaprosze\u0144 zaproszenie na urodziny szablon do druku, wilga, cicha noc po angielsku, bajki na dobranoc, \u0142\u00f3d\u017a atrakcje dla dzieci, ma\u0142y ksi\u0105\u017c\u0119 cytaty o mi\u0142o\u015bci, dzieci pl, piosenka na dzie\u0144 nauczyciela przedszkole, quiz opowie\u015bci z narnii lew czarownica [&hellip;]<\/p>\n","protected":false},"featured_media":5660,"comment_status":"closed","ping_status":"open","template":"","meta":[],"product_cat":[325],"product_tag":[864,769,840],"class_list":["post-5659","product","type-product","status-publish","has-post-thumbnail","hentry","product_cat-szkolne-artykuly-papiernicze","product_tag-basen-warszawa","product_tag-psi-patrol-do-czytania","product_tag-stare-bajki"],"_links":{"self":[{"href":"http:\/\/klubmamgdynia.pl\/index.php\/wp-json\/wp\/v2\/product\/5659","targetHints":{"allow":["GET"]}}],"collection":[{"href":"http:\/\/klubmamgdynia.pl\/index.php\/wp-json\/wp\/v2\/product"}],"about":[{"href":"http:\/\/klubmamgdynia.pl\/index.php\/wp-json\/wp\/v2\/types\/product"}],"replies":[{"embeddable":true,"href":"http:\/\/klubmamgdynia.pl\/index.php\/wp-json\/wp\/v2\/comments?post=5659"}],"wp:featuredmedia":[{"embeddable":true,"href":"http:\/\/klubmamgdynia.pl\/index.php\/wp-json\/wp\/v2\/media\/5660"}],"wp:attachment":[{"href":"http:\/\/klubmamgdynia.pl\/index.php\/wp-json\/wp\/v2\/media?parent=5659"}],"wp:term":[{"taxonomy":"product_cat","embeddable":true,"href":"http:\/\/klubmamgdynia.pl\/index.php\/wp-json\/wp\/v2\/product_cat?post=5659"},{"taxonomy":"product_tag","embeddable":true,"href":"http:\/\/klubmamgdynia.pl\/index.php\/wp-json\/wp\/v2\/product_tag?post=5659"}],"curies":[{"name":"wp","href":"https:\/\/api.w.org\/{rel}","templated":true}]}}