{"id":5663,"date":"2018-07-08T16:21:06","date_gmt":"2018-07-08T14:21:06","guid":{"rendered":"http:\/\/klubmamgdynia.pl\/index.php\/produkt\/mudpuppy-puzzle-w-woreczku-zwierzeta-swiata-45980\/"},"modified":"2026-04-06T01:27:14","modified_gmt":"2026-04-05T23:27:14","slug":"mudpuppy-puzzle-w-woreczku-zwierzeta-swiata-45980","status":"publish","type":"product","link":"http:\/\/klubmamgdynia.pl\/index.php\/produkt\/mudpuppy-puzzle-w-woreczku-zwierzeta-swiata-45980\/","title":{"rendered":"Mudpuppy Puzzle W Woreczku Zwierz\u0119ta \u015awiata (45980)"},"content":{"rendered":"<p>Zestaw puzzli podr\u00f3\u017cnych Zwierz\u0119ta \u015bwiata ameryka\u0144skiej marki MUDPUPPY sk\u0142ada si\u0119 z 36 element\u00f3w, por\u0119cznych dla ma\u0142ych dzieci, zapakowanych w wygodny do transportu mu\u015blinowy woreczek z zielonym wzorem puzzli, \u015bci\u0105gany sznurkiem. U\u0142o\u017cony z nich obrazek przedstawia dzikie zwierz\u0119ta na turkusowym tle, m. in. tygrysa, flaminga, tukana, krokodyla i koal\u0119. Wielko\u015bci\u0105 dostosowany jest do rozmiar\u00f3w samolotowego stolika. Zestaw zawiera obrazek puzzli do u\u0142o\u017cenia. \u0141adny design i przyjazne barwy dodatkowo zach\u0119caj\u0105 malca do zabawy. Puzzle idealnie nadaj\u0105 si\u0119 na prezent.Uk\u0142adanie puzzli stymuluje pami\u0119\u0107, koncentracj\u0119 i sprawno\u015b\u0107 manualn\u0105 ju\u017c od najm\u0142odszych lat. MUDPUPPY dba te\u017c o to, by uk\u0142adanki dostarcza\u0142y dzieciom dodatkowych wra\u017ce\u0144 empirycznych, si\u0119ga po lubiane motywy, pi\u0119kne kolory i por\u0119czne formaty, kt\u00f3re sprawdzaj\u0105 si\u0119 w domu i w podr\u00f3\u017cy.kategoria: puzzlewiek: 3+liczba element\u00f3w: 36materia\u0142: karton, mu\u015blinwymiary opakowania: 16,5 x 19 cmAmeryka\u0144ska marka zabawek edukacyjnych MUDPUPPY powsta\u0142a w 1992 roku. Dzi\u015b jest znana na ca\u0142ym \u015bwiecie i cieszy si\u0119 powszechnym zaufaniem rodzic\u00f3w. Skupia si\u0119 na tworzeniu produkt\u00f3w, zach\u0119caj\u0105cych dzieci do tw\u00f3rczej aktywno\u015bci, a przy tym wspieraj\u0105cych ich rozw\u00f3j i stymuluj\u0105cych wyobra\u017ani\u0119. Oferta marki to g\u0142\u00f3wnie puzzle, gry, uk\u0142adanki oraz zestawy kreatywne, w tym tematyczne komplety magnes\u00f3w czy naklejek.Projekty MUDPUPPY inspirowane s\u0105 sztuk\u0105, m. in. ilustracj\u0105 dla dzieci. Marka stale wsp\u00f3\u0142pracuje ze wsp\u00f3\u0142czesnymi artystami, a jej produkty s\u0105 wci\u0105\u017c nagradzane za kreatywno\u015b\u0107, u\u017cyteczno\u015b\u0107 i innowacyjno\u015b\u0107.<\/p>\n<h2>Mudpuppy Puzzle W Woreczku Zwierz\u0119ta \u015awiata (45980) Mudpuppy<\/h2>\n<p>quiz o minecraft, jeremi, test z lektury pies kt\u00f3ry je\u017adzi\u0142 kolej\u0105, dzie\u0144 matki w\u0142asnor\u0119czny prezent dla mamy od dziecka, babciu droga babciu tekst, prezent dla dziecka na roczek, pola imie, super zings do druku, malowanie kamieni, prezent dla 15 latka, cytat o przyja\u017ani, gad\u017cety dla nastolatka, jak narysowa\u0107 psa, wystawy dla dzieci warszawa, romantyczna bajka na dobranoc, imiona dla ch\u0142opc\u00f3w, minecraft szablony do druku<\/p>\n<p>yyyyy<\/p>\n<p>&nbsp;<\/p>\n","protected":false},"excerpt":{"rendered":"<p>Zestaw puzzli podr\u00f3\u017cnych Zwierz\u0119ta \u015bwiata ameryka\u0144skiej marki MUDPUPPY sk\u0142ada si\u0119 z 36 element\u00f3w, por\u0119cznych dla ma\u0142ych dzieci, zapakowanych w wygodny do transportu mu\u015blinowy woreczek z zielonym wzorem puzzli, \u015bci\u0105gany sznurkiem. U\u0142o\u017cony z nich obrazek przedstawia dzikie zwierz\u0119ta na turkusowym tle, m. in. tygrysa, flaminga, tukana, krokodyla i koal\u0119. Wielko\u015bci\u0105 dostosowany jest do rozmiar\u00f3w samolotowego stolika. [&hellip;]<\/p>\n","protected":false},"featured_media":5664,"comment_status":"closed","ping_status":"open","template":"","meta":[],"product_cat":[1344,90],"product_tag":[848,651,820],"class_list":["post-5663","product","type-product","status-publish","has-post-thumbnail","hentry","product_cat-mudpuppy","product_cat-puzzle","product_tag-cytat-o-rodzinie","product_tag-quizy-online","product_tag-ziemia-wyspa-zielona-tekst"],"_links":{"self":[{"href":"http:\/\/klubmamgdynia.pl\/index.php\/wp-json\/wp\/v2\/product\/5663","targetHints":{"allow":["GET"]}}],"collection":[{"href":"http:\/\/klubmamgdynia.pl\/index.php\/wp-json\/wp\/v2\/product"}],"about":[{"href":"http:\/\/klubmamgdynia.pl\/index.php\/wp-json\/wp\/v2\/types\/product"}],"replies":[{"embeddable":true,"href":"http:\/\/klubmamgdynia.pl\/index.php\/wp-json\/wp\/v2\/comments?post=5663"}],"wp:featuredmedia":[{"embeddable":true,"href":"http:\/\/klubmamgdynia.pl\/index.php\/wp-json\/wp\/v2\/media\/5664"}],"wp:attachment":[{"href":"http:\/\/klubmamgdynia.pl\/index.php\/wp-json\/wp\/v2\/media?parent=5663"}],"wp:term":[{"taxonomy":"product_cat","embeddable":true,"href":"http:\/\/klubmamgdynia.pl\/index.php\/wp-json\/wp\/v2\/product_cat?post=5663"},{"taxonomy":"product_tag","embeddable":true,"href":"http:\/\/klubmamgdynia.pl\/index.php\/wp-json\/wp\/v2\/product_tag?post=5663"}],"curies":[{"name":"wp","href":"https:\/\/api.w.org\/{rel}","templated":true}]}}