{"id":5665,"date":"2021-07-02T04:33:20","date_gmt":"2021-07-02T02:33:20","guid":{"rendered":"http:\/\/klubmamgdynia.pl\/index.php\/produkt\/zeszyt-a5-32k-linia-podw-dwukolor-lamin-mix-dziewczecy-p15-majewski\/"},"modified":"2026-04-27T19:48:36","modified_gmt":"2026-04-27T17:48:36","slug":"zeszyt-a5-32k-linia-podw-dwukolor-lamin-mix-dziewczecy-p15-majewski","status":"publish","type":"product","link":"http:\/\/klubmamgdynia.pl\/index.php\/produkt\/zeszyt-a5-32k-linia-podw-dwukolor-lamin-mix-dziewczecy-p15-majewski\/","title":{"rendered":"Zeszyt A5 32K Linia Podw Dwukolor Lamin Mix Dziewcz\u0119cy P15 Majewski"},"content":{"rendered":"<p>Zeszyty Unipap charakteryzuje wysoka jako\u015b\u0107 papieru, estetyczne wyko\u0144czenia, modna grafika ok\u0142adek. Ok\u0142adka kredowa z zadrukiem wewn\u0119trznym o gramaturze 250 g\/m2 wykorzystuje najnowsze motywy wzornicze UNIPAP.Cechy produktu:ilo\u015b\u0107 kartek &#8211; 32format &#8211; A5wk\u0142ad zeszytu &#8211; papier offsetgramatura papieru &#8211; 70 g\/m2ok\u0142adka &#8211; kredowa, laminowanaliniatura &#8211; linia dwukolorowacechy szczeg\u00f3lne &#8211; czerwony margines, zaokr\u0105glone rogi.Dost\u0119pne r\u00f3\u017cne warianty ok\u0142adek. Towar wysy\u0142any losowo<\/p>\n<h2>Zeszyt A5 32K Linia Podw Dwukolor Lamin Mix Dziewcz\u0119cy P15 Majewski <\/h2>\n<p>wakacyjne kolorowanki, kr\u00f3tkie cytaty o mamie, ogr\u00f3d bajek, proste przepisy dla dzieci, myszka miki kolorowanka, rzadkie imiona \u017ce\u0144skie<\/p>\n<p>yyyyy<\/p>\n<p>&nbsp;<\/p>\n","protected":false},"excerpt":{"rendered":"<p>Zeszyty Unipap charakteryzuje wysoka jako\u015b\u0107 papieru, estetyczne wyko\u0144czenia, modna grafika ok\u0142adek. Ok\u0142adka kredowa z zadrukiem wewn\u0119trznym o gramaturze 250 g\/m2 wykorzystuje najnowsze motywy wzornicze UNIPAP.Cechy produktu:ilo\u015b\u0107 kartek &#8211; 32format &#8211; A5wk\u0142ad zeszytu &#8211; papier offsetgramatura papieru &#8211; 70 g\/m2ok\u0142adka &#8211; kredowa, laminowanaliniatura &#8211; linia dwukolorowacechy szczeg\u00f3lne &#8211; czerwony margines, zaokr\u0105glone rogi.Dost\u0119pne r\u00f3\u017cne warianty ok\u0142adek. Towar [&hellip;]<\/p>\n","protected":false},"featured_media":5666,"comment_status":"closed","ping_status":"open","template":"","meta":[],"product_cat":[325],"product_tag":[817,660,828,785,782],"class_list":["post-5665","product","type-product","status-publish","has-post-thumbnail","hentry","product_cat-szkolne-artykuly-papiernicze","product_tag-bajka-terapeutyczna-o-emocjach","product_tag-bianka","product_tag-filmy-wigilijne-dla-dzieci","product_tag-prezent-dla-nastolatkow","product_tag-zagadki-dla-dzieci-z-odpowiedziami"],"_links":{"self":[{"href":"http:\/\/klubmamgdynia.pl\/index.php\/wp-json\/wp\/v2\/product\/5665","targetHints":{"allow":["GET"]}}],"collection":[{"href":"http:\/\/klubmamgdynia.pl\/index.php\/wp-json\/wp\/v2\/product"}],"about":[{"href":"http:\/\/klubmamgdynia.pl\/index.php\/wp-json\/wp\/v2\/types\/product"}],"replies":[{"embeddable":true,"href":"http:\/\/klubmamgdynia.pl\/index.php\/wp-json\/wp\/v2\/comments?post=5665"}],"wp:featuredmedia":[{"embeddable":true,"href":"http:\/\/klubmamgdynia.pl\/index.php\/wp-json\/wp\/v2\/media\/5666"}],"wp:attachment":[{"href":"http:\/\/klubmamgdynia.pl\/index.php\/wp-json\/wp\/v2\/media?parent=5665"}],"wp:term":[{"taxonomy":"product_cat","embeddable":true,"href":"http:\/\/klubmamgdynia.pl\/index.php\/wp-json\/wp\/v2\/product_cat?post=5665"},{"taxonomy":"product_tag","embeddable":true,"href":"http:\/\/klubmamgdynia.pl\/index.php\/wp-json\/wp\/v2\/product_tag?post=5665"}],"curies":[{"name":"wp","href":"https:\/\/api.w.org\/{rel}","templated":true}]}}