{"id":5669,"date":"2012-06-26T06:59:37","date_gmt":"2012-06-26T04:59:37","guid":{"rendered":"http:\/\/klubmamgdynia.pl\/index.php\/produkt\/lol-surprise-lalka-dance-dance-dance-117902\/"},"modified":"2026-04-20T16:59:54","modified_gmt":"2026-04-20T14:59:54","slug":"lol-surprise-lalka-dance-dance-dance-117902","status":"publish","type":"product","link":"http:\/\/klubmamgdynia.pl\/index.php\/produkt\/lol-surprise-lalka-dance-dance-dance-117902\/","title":{"rendered":"LOL Surprise Lalka Dance Dance Dance 117902"},"content":{"rendered":"<p>L.O.L. SURPRISE &#8211; Laleczka LOL w kuli Dance Dance Dance                            <\/p>\n<p>Dance Dance Dance to nowa LOLowa ekipa B.Bs, kt\u00f3ra kr\u00f3luje na parkiecie prezentuj\u0105c r\u00f3\u017cne style taneczne i sw\u00f3j niepowtarzalny estradowy styl.<br \/>\nZupe\u0142nie nowa seria LOL Surprise Dance Dance Dance zawieraj\u0105ca laleczki, lalki OMG oraz niesamowity kabriolet Dance Machine zachwyci dziewczynki przenosz\u0105c je do \u015bwiata muzyki i ta\u0144ca.                            <\/p>\n<p>Ka\u017cdy, magiczny zestaw z serii Dance Dance Dance kryje w sobie 8 niespodzianek do zabawy, ukrytych pod kolejnymi warstwami. Na ko\u0144cu podr\u00f3\u017cy z odkrywaniem czeka \u015bliczna, kolekcjonerska laleczka z absolutnie zaskakuj\u0105cymi cechami!                            <\/p>\n<p>Odpakuj 8 Niespodzianek z lalkami LOL Surprise Dance Dance Dance, w tym \u015bwiat\u0142o ultrafioletowe, aby odkry\u0107 dodatkowe, \u015bwiec\u0105ce niespodzianki! Ka\u017cda lalka ma do\u0142\u0105czon\u0105 Kart\u0119 Ta\u0144ca zawieraj\u0105ca holograficzn\u0105 grafik\u0119, kt\u00f3ra naprawd\u0119 si\u0119 porusza, pokazuj\u0105c, jak wykona\u0107 wyj\u0105tkowy ruch taneczny. Poka\u017c ruchy swojej lalki na parkiecie, kt\u00f3rymi naprawd\u0119 mo\u017cesz kr\u0119ci\u0107! Dodatkowo, mo\u017cesz po\u0142\u0105czy\u0107 ka\u017cdy parkiet z serii Dance Dance Dance i zakr\u0119ci\u0107 nimi na raz!                            <\/p>\n<p>Zbierz wszystkie 12 lalek LOL Surprise Dance Dance Dance i we\u017a udzia\u0142 w najwi\u0119kszym ta\u0144cu, jaki wszech\u015bwiat kiedykolwiek widzia\u0142!                            <\/p>\n<p>Pod ka\u017cd\u0105 z warstw znajduje si\u0119 niespodzianka, a na samym ko\u0144cu ukryta jest laleczka. \u015aci\u0105gaj\u0105c kolorowe folie kolejno natrafiamy na:<\/p>\n<p>niespodzianka pierwsza &#8211; karta taneczna<br \/>\nniespodzianka druga \u2013buteleczka<br \/>\nniespodzianka trzecia \u2013 akcesorium<br \/>\nniespodzianka czwarta \u2013 ubranko dla laleczki<br \/>\nniespodzianka pi\u0105ta &#8211; buciki<br \/>\nniespodzianka sz\u00f3sta &#8211; latarka<br \/>\nniespodzianka si\u00f3dma &#8211; wiruj\u0105cy podest taneczny, kt\u00f3ry mo\u017cna \u0142\u0105czy\u0107 z innymi podestami z serii<br \/>\nniespodzianka \u00f3sma &#8211; \u015bliczna laleczka Dance Dance Dance<br \/>\nopakowanie &#8211; kula Zawarto\u015b\u0107 zestawu:<\/p>\n<p>laleczka niespodzianka z serii Dance Dance Dance(lalki wysy\u0142ane losowo)<br \/>\nakcesoria<br \/>\nkarta taneczna<br \/>\nplastikowa kula, w kt\u00f3rej mo\u017cna przechowywa\u0107 lalk\u0119 i akcesoria<\/p>\n<h2>LOL Surprise Lalka Dance Dance Dance 117902 LOL Surprise<\/h2>\n<p>literki, zabawy z pi\u0142k\u0105 dla dzieci, krzy\u017c\u00f3wki dla dzieci do druku, prezent dla rocznego ch\u0142opca, basen dla dzieci warszawa, co mo\u017cna zrobi\u0107 z rolek po papierze toaletowym, kolorowanki do druku zwierz\u0119ta, zagadki dla dzieci 10 12 lat z odpowiedziami, matylda znaczenie imienia, lol kolorowanki do druku, minecraft quiz<\/p>\n<p>yyyyy<\/p>\n<p>&nbsp;<\/p>\n","protected":false},"excerpt":{"rendered":"<p>L.O.L. SURPRISE &#8211; Laleczka LOL w kuli Dance Dance Dance Dance Dance Dance to nowa LOLowa ekipa B.Bs, kt\u00f3ra kr\u00f3luje na parkiecie prezentuj\u0105c r\u00f3\u017cne style taneczne i sw\u00f3j niepowtarzalny estradowy styl. Zupe\u0142nie nowa seria LOL Surprise Dance Dance Dance zawieraj\u0105ca laleczki, lalki OMG oraz niesamowity kabriolet Dance Machine zachwyci dziewczynki przenosz\u0105c je do \u015bwiata muzyki [&hellip;]<\/p>\n","protected":false},"featured_media":5670,"comment_status":"closed","ping_status":"open","template":"","meta":[],"product_cat":[65,294],"product_tag":[854,851,614,634,633],"class_list":["post-5669","product","type-product","status-publish","has-post-thumbnail","hentry","product_cat-lalki","product_cat-lol-surprise","product_tag-cytaty-rodzina","product_tag-jak-narysowac-kota","product_tag-pia","product_tag-zagadki-wielkanocne-dla-dzieci","product_tag-zagadki-z-odpowiedziami"],"_links":{"self":[{"href":"http:\/\/klubmamgdynia.pl\/index.php\/wp-json\/wp\/v2\/product\/5669","targetHints":{"allow":["GET"]}}],"collection":[{"href":"http:\/\/klubmamgdynia.pl\/index.php\/wp-json\/wp\/v2\/product"}],"about":[{"href":"http:\/\/klubmamgdynia.pl\/index.php\/wp-json\/wp\/v2\/types\/product"}],"replies":[{"embeddable":true,"href":"http:\/\/klubmamgdynia.pl\/index.php\/wp-json\/wp\/v2\/comments?post=5669"}],"wp:featuredmedia":[{"embeddable":true,"href":"http:\/\/klubmamgdynia.pl\/index.php\/wp-json\/wp\/v2\/media\/5670"}],"wp:attachment":[{"href":"http:\/\/klubmamgdynia.pl\/index.php\/wp-json\/wp\/v2\/media?parent=5669"}],"wp:term":[{"taxonomy":"product_cat","embeddable":true,"href":"http:\/\/klubmamgdynia.pl\/index.php\/wp-json\/wp\/v2\/product_cat?post=5669"},{"taxonomy":"product_tag","embeddable":true,"href":"http:\/\/klubmamgdynia.pl\/index.php\/wp-json\/wp\/v2\/product_tag?post=5669"}],"curies":[{"name":"wp","href":"https:\/\/api.w.org\/{rel}","templated":true}]}}