{"id":567,"date":"2022-08-02T03:32:12","date_gmt":"2022-08-02T01:32:12","guid":{"rendered":"http:\/\/klubmamgdynia.pl\/index.php\/produkt\/timeline-polska\/"},"modified":"2026-04-25T01:00:03","modified_gmt":"2026-04-24T23:00:03","slug":"timeline-polska","status":"publish","type":"product","link":"http:\/\/klubmamgdynia.pl\/index.php\/produkt\/timeline-polska\/","title":{"rendered":"Timeline: Polska"},"content":{"rendered":"<p>Czy odgadniesz chronologiczn\u0105 kolejno\u015b\u0107 wa\u017cnych i ciekawych wydarze\u0144 z historii Polski?<\/p>\n<p>Czy wiesz, \u017ce spinacz biurowy wynalaz\u0142 Polak? A mo\u017ce jeste\u015b w stanie odgadn\u0105\u0107 dat\u0119 tego wydarzenia? Pami\u0119tasz, kiedy Polska odzyska\u0142a niepodleg\u0142o\u015b\u0107? Jak my\u015blisz, co zbudowano wcze\u015bniej: Bazylik\u0119 Mariack\u0105 w Gda\u0144sku czy kopalni\u0119 soli w Wieliczce? Wybierz jedn\u0105 z posiadanych w r\u0119ku kart i zdecyduj, czy prezentowane przez ni\u0105 wydarzenie mia\u0142o miejsce przed tym, kt\u00f3re le\u017cy ju\u017c na stole, czy po nim. Nast\u0119pnie odwr\u00f3\u0107 kart\u0119 i sprawd\u017a, czy masz racj\u0119! Nie musisz zna\u0107 \u017cadnych dat i wydarze\u0144, wystarczy dedukcja i troch\u0119 szcz\u0119\u015bcia.                            <\/p>\n<p>Gra Timeline: Polska nale\u017cy do bestsellerowej serii gier, kt\u00f3re podbi\u0142y ca\u0142y \u015bwiat, ale karty znajduj\u0105ce si\u0119 w tej wersji, dotycz\u0105 tylko wydarze\u0144 z Polski. Z gr\u0105 &#8222;Timeline: Polska&#8221; historia okazuje si\u0119 by\u0107 nie tylko ciekawa, ale wr\u0119cz fascynuj\u0105ca! Poznaj niezwyk\u0142e wydarzenia z historii naszego kraju, z kt\u00f3rych mo\u017cemy by\u0107 dumni.                            <\/p>\n<p>Timeline: Polska to idealny spos\u00f3b na nauk\u0119 przez zabaw\u0119. Gracze nawet nie zorientuj\u0105 si\u0119, jak wiele zostanie im w g\u0142owach ju\u017c po pierwszej, kr\u00f3tkiej rozgrywce. Gra jest idealnym narz\u0119dziem do wykorzystania przy nauce historii, ale te\u017c \u015bwietnym sposobem na integracj\u0119 grupy.Podstawowe informacje:Liczba graczy:\u00a02 &#8211; 8 os\u00f3bWiek:\u00a0od 8 latZawarto\u015b\u0107 pude\u0142ka:110 kartinstrukcja<\/p>\n<h2>Timeline: Polska Rebel<\/h2>\n<p>wroc\u0142aw dla dzieci, \u015bmieszne kanapki kanapki dla dzieci, \u015bmieszne kanapki kanapki dla dzieci, opis rodzina, platformy edukacyjne dla dzieci, atrakcje dla dzieci tr\u00f3jmiasto, zagadki wielkanocne przedszkole, \u017carty prima aprilis, narodziny dziecka cytaty, lato lato lato czeka tekst, michalina, lol do druku, cytaty korczaka, co na prezent dla nastolatk\u00f3w, co robi\u0107 z dzieckiem w warszawie, zagadki i odpowiedzi<\/p>\n<p>yyyyy<\/p>\n<p>&nbsp;<\/p>\n","protected":false},"excerpt":{"rendered":"<p>Czy odgadniesz chronologiczn\u0105 kolejno\u015b\u0107 wa\u017cnych i ciekawych wydarze\u0144 z historii Polski? Czy wiesz, \u017ce spinacz biurowy wynalaz\u0142 Polak? A mo\u017ce jeste\u015b w stanie odgadn\u0105\u0107 dat\u0119 tego wydarzenia? Pami\u0119tasz, kiedy Polska odzyska\u0142a niepodleg\u0142o\u015b\u0107? Jak my\u015blisz, co zbudowano wcze\u015bniej: Bazylik\u0119 Mariack\u0105 w Gda\u0144sku czy kopalni\u0119 soli w Wieliczce? Wybierz jedn\u0105 z posiadanych w r\u0119ku kart i zdecyduj, [&hellip;]<\/p>\n","protected":false},"featured_media":568,"comment_status":"closed","ping_status":"open","template":"","meta":[],"product_cat":[220,219],"product_tag":[658,816,711,675],"class_list":["post-567","product","type-product","status-publish","has-post-thumbnail","hentry","product_cat-gry-karciane","product_cat-rebel","product_tag-alan-znaczenie-imienia","product_tag-place-zabaw-warszawa","product_tag-prezenty-dla-nastolatkow","product_tag-test-z-lektury-kajko-i-kokosz-szkola-latania"],"_links":{"self":[{"href":"http:\/\/klubmamgdynia.pl\/index.php\/wp-json\/wp\/v2\/product\/567","targetHints":{"allow":["GET"]}}],"collection":[{"href":"http:\/\/klubmamgdynia.pl\/index.php\/wp-json\/wp\/v2\/product"}],"about":[{"href":"http:\/\/klubmamgdynia.pl\/index.php\/wp-json\/wp\/v2\/types\/product"}],"replies":[{"embeddable":true,"href":"http:\/\/klubmamgdynia.pl\/index.php\/wp-json\/wp\/v2\/comments?post=567"}],"wp:featuredmedia":[{"embeddable":true,"href":"http:\/\/klubmamgdynia.pl\/index.php\/wp-json\/wp\/v2\/media\/568"}],"wp:attachment":[{"href":"http:\/\/klubmamgdynia.pl\/index.php\/wp-json\/wp\/v2\/media?parent=567"}],"wp:term":[{"taxonomy":"product_cat","embeddable":true,"href":"http:\/\/klubmamgdynia.pl\/index.php\/wp-json\/wp\/v2\/product_cat?post=567"},{"taxonomy":"product_tag","embeddable":true,"href":"http:\/\/klubmamgdynia.pl\/index.php\/wp-json\/wp\/v2\/product_tag?post=567"}],"curies":[{"name":"wp","href":"https:\/\/api.w.org\/{rel}","templated":true}]}}