{"id":5673,"date":"2013-03-09T16:05:23","date_gmt":"2013-03-09T15:05:23","guid":{"rendered":"http:\/\/klubmamgdynia.pl\/index.php\/produkt\/plum-zestaw-drewnianych-hustawek-meerkat\/"},"modified":"2026-04-14T15:24:38","modified_gmt":"2026-04-14T13:24:38","slug":"plum-zestaw-drewnianych-hustawek-meerkat","status":"publish","type":"product","link":"http:\/\/klubmamgdynia.pl\/index.php\/produkt\/plum-zestaw-drewnianych-hustawek-meerkat\/","title":{"rendered":"Plum Zestaw Drewnianych Hu\u015btawek Meerkat"},"content":{"rendered":"<p>Niech rozpocznie si\u0119 przygoda ze wspania\u0142ym zestawem hu\u015btawek ogrodowych! Wykonane z wysokiej jako\u015bci, certyfikowanych przez FSC i impregnowanych ci\u015bnieniowo okr\u0105g\u0142ych s\u0142upk\u00f3w drewnianych. Zestaw zawiera: hu\u015btawk\u0119, hu\u015btawk\u0119 \u017caglow\u0105 2-osobow\u0105, mi\u0119kk\u0105 lin\u0119 wspinaczkow\u0105 oraz poziom do zabawy ze zje\u017cd\u017calni\u0105 falow\u0105 o d\u0142ugo\u015bci 1,80 m. Szczeg\u00f3\u0142y: Wymiary: 330 x 330 x 220 cm Maksymalna waga u\u017cytkownika: 50 kg W tym zje\u017cd\u017calnia falowa Materia\u0142: drewno Wiek: od 3 lat Uwaga Nieodpowiednie dla dzieci poni\u017cej 3 lat. Niebezpiecze\u0144stwo obra\u017ce\u0144! Ryzyko upadku! Tylko do u\u017cytku zewn\u0119trznego. Tylko do u\u017cytku prywatnego.<\/p>\n<h2>Plum Zestaw Drewnianych Hu\u015btawek Meerkat Plum<\/h2>\n<p>rysowanki, wierszyki o wakacjach kr\u00f3tkie, cytaty o macierzy\u0144stwie, mi\u0142osz imi\u0119, gwiazdka do druku, o mamie, quiz bo\u017ce narodzenie, jak zrobi\u0107 samolot z papieru<\/p>\n<p>yyyyy<\/p>\n<p>&nbsp;<\/p>\n","protected":false},"excerpt":{"rendered":"<p>Niech rozpocznie si\u0119 przygoda ze wspania\u0142ym zestawem hu\u015btawek ogrodowych! Wykonane z wysokiej jako\u015bci, certyfikowanych przez FSC i impregnowanych ci\u015bnieniowo okr\u0105g\u0142ych s\u0142upk\u00f3w drewnianych. Zestaw zawiera: hu\u015btawk\u0119, hu\u015btawk\u0119 \u017caglow\u0105 2-osobow\u0105, mi\u0119kk\u0105 lin\u0119 wspinaczkow\u0105 oraz poziom do zabawy ze zje\u017cd\u017calni\u0105 falow\u0105 o d\u0142ugo\u015bci 1,80 m. Szczeg\u00f3\u0142y: Wymiary: 330 x 330 x 220 cm Maksymalna waga u\u017cytkownika: 50 kg [&hellip;]<\/p>\n","protected":false},"featured_media":5674,"comment_status":"closed","ping_status":"open","template":"","meta":[],"product_cat":[285,1381],"product_tag":[662,663,748,815,870,803],"class_list":["post-5673","product","type-product","status-publish","has-post-thumbnail","hentry","product_cat-place-zabaw","product_cat-plum","product_tag-bajki-na-dobranoc","product_tag-kolorowanki-dla-dzieci-do-druku","product_tag-okolice-wroclawia-atrakcje","product_tag-ozdoby-choinkowe-dla-dzieci","product_tag-prezent-dla-chlopca-na-roczek","product_tag-szlaczki-do-druku"],"_links":{"self":[{"href":"http:\/\/klubmamgdynia.pl\/index.php\/wp-json\/wp\/v2\/product\/5673","targetHints":{"allow":["GET"]}}],"collection":[{"href":"http:\/\/klubmamgdynia.pl\/index.php\/wp-json\/wp\/v2\/product"}],"about":[{"href":"http:\/\/klubmamgdynia.pl\/index.php\/wp-json\/wp\/v2\/types\/product"}],"replies":[{"embeddable":true,"href":"http:\/\/klubmamgdynia.pl\/index.php\/wp-json\/wp\/v2\/comments?post=5673"}],"wp:featuredmedia":[{"embeddable":true,"href":"http:\/\/klubmamgdynia.pl\/index.php\/wp-json\/wp\/v2\/media\/5674"}],"wp:attachment":[{"href":"http:\/\/klubmamgdynia.pl\/index.php\/wp-json\/wp\/v2\/media?parent=5673"}],"wp:term":[{"taxonomy":"product_cat","embeddable":true,"href":"http:\/\/klubmamgdynia.pl\/index.php\/wp-json\/wp\/v2\/product_cat?post=5673"},{"taxonomy":"product_tag","embeddable":true,"href":"http:\/\/klubmamgdynia.pl\/index.php\/wp-json\/wp\/v2\/product_tag?post=5673"}],"curies":[{"name":"wp","href":"https:\/\/api.w.org\/{rel}","templated":true}]}}