{"id":5675,"date":"2016-01-27T14:40:48","date_gmt":"2016-01-27T13:40:48","guid":{"rendered":"http:\/\/klubmamgdynia.pl\/index.php\/produkt\/vtech-vm5261\/"},"modified":"2026-04-20T16:11:08","modified_gmt":"2026-04-20T14:11:08","slug":"vtech-vm5261","status":"publish","type":"product","link":"http:\/\/klubmamgdynia.pl\/index.php\/produkt\/vtech-vm5261\/","title":{"rendered":"VTech VM5261"},"content":{"rendered":"<p>VM5261 to najbardziej zaawansowana technologicznie niania video marki VTech. Nowoczesny design, du\u017cy 5-calowy kolorowym wy\u015bwietlacz, liczne funkcje oraz mo\u017cliwo\u015bci podgl\u0105du Male\u0144stwa, kt\u00f3re zapewni\u0105 Ci spok\u00f3j w czasie opieki nad dzieckiem.\u00a0                            <\/p>\n<p>VM5261Niania elektroniczna video z ekranem 5 cala\u00a0\u00a0                            <\/p>\n<p>DU\u017bY 5-CALOWY WY\u015aWIETLACZDu\u017cy ekran \u2013 wyra\u017aniejszy obraz. Dzi\u0119ki mo\u017cliwo\u015b\u0107 podejrzenia na ekranie co dzieje si\u0119 z Male\u0144stwem, nie musisz ci\u0105gle zagl\u0105da\u0107 do Jego pokoju. Mo\u017cesz skoncentrowa\u0107 si\u0119 na swoich sprawach, nie trac\u0105c kontroli nad tym co najwa\u017cniejsze \u2013 nad dobrostanem Male\u0144stwa. Na du\u017cym 5-calowym ekranie zobaczysz wszystko bardzo dok\u0142adnie.                            <\/p>\n<p>SZEROKOK\u0104TNY OBIEKTYWSzeroki k\u0105t widzenia. W zestawie znajduje si\u0119 dodatkowy obiektyw (tzw. rybie oko), kt\u00f3ry pozwala rozszerzy\u0107 pole widzenia kamery do 170 stopni. Teraz mo\u017cesz mie\u0107\u00a0 podgl\u0105d na niemal ca\u0142y pok\u00f3j dziecka.                            <\/p>\n<p>KIEROWANIE KAMER\u0104 PRZY POMOCY ODBIORNIKAWygoda. Mo\u017cesz zdalnie, przy pomocy odbiornika porusza\u0107 kamerk\u0105 w g\u00f3r\u0119, w d\u00f3\u0142 i na boki. Mo\u017cesz te\u017c przybli\u017cy\u0107 obraz. Funkcje wyj\u0105tkowo przydatne przy nieco starszym i bardziej ruchliwym dziecku. Zobacz jak eksploruje sw\u00f3j \u015bwiat. Miej pewno\u015b\u0107, \u017ce jest bezpieczne.                            <\/p>\n<p>DWUKIERUNKOWA KOMUNIKACJAUspok\u00f3j dziecko swoim g\u0142osem. Dzi\u0119ki dwukierunkowej komunikacji \u2013 tzw. funkcji Talk-Back nie tylko us\u0142yszysz swoje dziecko ale b\u0119dziesz mog\u0142a do niego m\u00f3wi\u0107. Twoje \u201eJu\u017c id\u0119 do Ciebie Kochanie\u201d sprawi, \u017ce Twoje Male\u0144stwo poczuje si\u0119 bezpiecznie.\u00a0                            <\/p>\n<p>5 USPOKAJAJ\u0104CYCH MELODII I 4 BIA\u0141E SZUMYSpokojne dziecko. Nie od dzi\u015b wiadomo, \u017ce jednostajne d\u017awi\u0119ki (tzw. bia\u0142e szumy) uspokajaj\u0105 dziecko. Rodzice cz\u0119sto w\u0142\u0105czaj\u0105 suszarki czy odkurzacze, \u017ceby pom\u00f3c dziecku zasn\u0105\u0107. Dlatego w\u0142a\u015bnie nasz\u0105 niani\u0119 wyposa\u017cyli\u015bmy w 4 bia\u0142e szumy \u2013 do wyboru przez dziecko i przez rodzica. Je\u015bli Tw\u00f3j Maluszek woli spokojne melodie \u2013 nasza niania mu je zagra pozwalaj\u0105c na wyciszenie i \u0142atwiejsze odp\u0142yni\u0119cie w krain\u0119 sn\u00f3w.\u00a0                            <\/p>\n<p>WSKA\u0179NIK TEMPERATURYW\u0142a\u015bciwa temperatura otoczenia to dobry sen. Na wy\u015bwietlaczu odbiornika stale wida\u0107 temperatur\u0119 panuj\u0105c\u0105 w pokoju dziecka. Dzi\u0119ki tej informacji b\u0119dziesz mog\u0142a odpowiednio zareagowa\u0107 \u2013 uchyli\u0107 okno lub przynie\u015b\u0107 dodatkowy kocyk.\u00a0                            <\/p>\n<p>AUTOMATYCZNY TRYB NOCNYWidzisz wszystko \u2013 nawet w nocy. Diody podczerwieni i kamera o niskiej jasno\u015bci, automatycznie wykrywaj\u0105 s\u0142abe \u015bwiat\u0142o i zapewni\u0105 wyra\u017any obraz nawet w ciemnych pomieszczeniach.                            <\/p>\n<p>My w VTech bardzo wierzymy w nasze produkty, dlatego na wszystkie nianie elektroniczne naszej marki udzielamy 3-letniej gwarancji. Jeste\u015bmy jedyn\u0105 firm\u0105 na rynku udzielaj\u0105c\u0105 tak d\u0142ugiej gwarancji.\u00a0 Niania elektroniczna VTech b\u0119dzie Wam towarzyszy\u0107 od okresu niemowl\u0119cego a\u017c do przedszkola &#8211; wci\u0105\u017c na gwarancji!\u00a0                            <\/p>\n<p>Cechy i funkcjeRodzaj: videoWy\u015bwietlacz LCD: Kolorowy wy\u015bwietlacz o przek\u0105tnej 5 cala\u00a0Technologia komunikacji: Bezprzewodowa technologia \u2013 2,4 GHzObiektyw dodatkowy: TAK. Szerokok\u0105tny obiektyw z polem widzenia 170 stopni\u00a0Automatyczny tryb nocny: TAK. Do\u015bwietlenie \u015bwiat\u0142em podczerwonym przy zbyt s\u0142abym o\u015bwietleniuCzujnik temperatury: TAK. Wy\u015bwietlanie temperatury w pomieszczeniu\u00a0Zasi\u0119g: do 300 m (w zale\u017cno\u015bci od przeszk\u00f3d na drodze sygna\u0142u)Funkcja Talk-back (dwustronna komunikacja): TAKZoom cyfrowy: TAK. Powi\u0119kszenie 1,3-krotneWska\u017anik nat\u0119\u017cenia d\u017awi\u0119ku: TAK. 9 poziom\u00f3w nat\u0119\u017cenia d\u017awi\u0119ku\u00a0Mo\u017cliwo\u015b\u0107 instalacji nadajnika na \u015bcianie: TAKKierowanie kamer\u0105: Elektryczne. Mo\u017cliwo\u015b\u0107 obracania, pochylania i powi\u0119kszania obrazu z poziomu odbiornikaRegulacja g\u0142o\u015bno\u015bci: 5 poziom\u00f3wOstrze\u017cenie o wyczerpaniu baterii: TAK                            <\/p>\n<p>Nianie elektroniczne marki VTech\u00a0nieoceniona pomoc w opiece nad MaluszkiemPozostaj\u0105c ze swoim Maluszkiem w domu, dobrze wyposa\u017cy\u0107 si\u0119 w\u00a0 urz\u0105dzenia, kt\u00f3re pomog\u0105 Ci w tym odpowiedzialnym zadaniu. Nianie elektroniczne marki VTech sprawi\u0105, \u017ce okres wczesnego macierzy\u0144stwa b\u0119dzie spokojniejszy a\u00a0 Ty b\u0119dziesz czu\u0142a si\u0119 bardziej wypocz\u0119ta.                            <\/p>\n<p>            VTech DM1212<\/p>\n<p>            VTech VM2251<\/p>\n<p>            VTech DM1211<\/p>\n<p>            VTech BM2000<\/p>\n<p>            VTech BM1000<\/p>\n<h2>VTech VM5261 VTech<\/h2>\n<p>quiz o minecraft, rysunek kota, aneta, podchwytliwe zagadki matematyczne, maski dla dzieci do druku, asiunia &#8211; test z lektury pdf, zabawka na roczek dla dziewczynki, bajki do czytania dla 6 latka, logiczne zagadki, kolorowanki konie do druku, fajne \u017carty na prima aprilis, prima aprilis zarty, w uk\u0142adzie s\u0142onecznym tekst, wiersze o wio\u015bnie jana brzechwy, kolorowanki winx<\/p>\n<p>yyyyy<\/p>\n<p>&nbsp;<\/p>\n","protected":false},"excerpt":{"rendered":"<p>VM5261 to najbardziej zaawansowana technologicznie niania video marki VTech. Nowoczesny design, du\u017cy 5-calowy kolorowym wy\u015bwietlacz, liczne funkcje oraz mo\u017cliwo\u015bci podgl\u0105du Male\u0144stwa, kt\u00f3re zapewni\u0105 Ci spok\u00f3j w czasie opieki nad dzieckiem.\u00a0 VM5261Niania elektroniczna video z ekranem 5 cala\u00a0\u00a0 DU\u017bY 5-CALOWY WY\u015aWIETLACZDu\u017cy ekran \u2013 wyra\u017aniejszy obraz. Dzi\u0119ki mo\u017cliwo\u015b\u0107 podejrzenia na ekranie co dzieje si\u0119 z Male\u0144stwem, nie [&hellip;]<\/p>\n","protected":false},"featured_media":5676,"comment_status":"closed","ping_status":"open","template":"","meta":[],"product_cat":[899,1203],"product_tag":[727,810,659],"class_list":["post-5675","product","type-product","status-publish","has-post-thumbnail","hentry","product_cat-nianie-elektroniczne-i-monitory-oddechu","product_cat-vtech","product_tag-godlo-polski-do-druku","product_tag-nauka-zegara-do-druku","product_tag-tupu-tup-po-sniegu-tekst"],"_links":{"self":[{"href":"http:\/\/klubmamgdynia.pl\/index.php\/wp-json\/wp\/v2\/product\/5675","targetHints":{"allow":["GET"]}}],"collection":[{"href":"http:\/\/klubmamgdynia.pl\/index.php\/wp-json\/wp\/v2\/product"}],"about":[{"href":"http:\/\/klubmamgdynia.pl\/index.php\/wp-json\/wp\/v2\/types\/product"}],"replies":[{"embeddable":true,"href":"http:\/\/klubmamgdynia.pl\/index.php\/wp-json\/wp\/v2\/comments?post=5675"}],"wp:featuredmedia":[{"embeddable":true,"href":"http:\/\/klubmamgdynia.pl\/index.php\/wp-json\/wp\/v2\/media\/5676"}],"wp:attachment":[{"href":"http:\/\/klubmamgdynia.pl\/index.php\/wp-json\/wp\/v2\/media?parent=5675"}],"wp:term":[{"taxonomy":"product_cat","embeddable":true,"href":"http:\/\/klubmamgdynia.pl\/index.php\/wp-json\/wp\/v2\/product_cat?post=5675"},{"taxonomy":"product_tag","embeddable":true,"href":"http:\/\/klubmamgdynia.pl\/index.php\/wp-json\/wp\/v2\/product_tag?post=5675"}],"curies":[{"name":"wp","href":"https:\/\/api.w.org\/{rel}","templated":true}]}}