{"id":5677,"date":"2015-05-17T19:57:12","date_gmt":"2015-05-17T17:57:12","guid":{"rendered":"http:\/\/klubmamgdynia.pl\/index.php\/produkt\/mudpuppy-puzzle-soczewkowe-z-ruchomym-obrazkiem-75-el-3d-dinozaury-5\/"},"modified":"2026-05-17T22:08:20","modified_gmt":"2026-05-17T20:08:20","slug":"mudpuppy-puzzle-soczewkowe-z-ruchomym-obrazkiem-75-el-3d-dinozaury-5","status":"publish","type":"product","link":"http:\/\/klubmamgdynia.pl\/index.php\/produkt\/mudpuppy-puzzle-soczewkowe-z-ruchomym-obrazkiem-75-el-3d-dinozaury-5\/","title":{"rendered":"Mudpuppy Puzzle Soczewkowe Z Ruchomym Obrazkiem 75 El. 3D Dinozaury 5+"},"content":{"rendered":"<p>Puzzle soczewkowe Dinozaury ameryka\u0144skiej marki MUDPUPPY nadaj\u0105 uk\u0142adaniu puzzli nowy wymiar \u2013 na samym z\u0142o\u017ceniu obrazka zabawa si\u0119 bowiem nie ko\u0144czy. Uk\u0142adanka sk\u0142ada si\u0119 z 75 element\u00f3w, kt\u00f3re po u\u0142o\u017ceniu tworz\u0105 obrazek o wymiarach 45 x 26 cm, przedstawiaj\u0105cy dinozaury w prehistorycznym krajobrazie. Dzi\u0119ki specjalnej technice druku, zwanej drukiem soczewkowym, ilustracja porusza si\u0119 i \u201eo\u017cywa\u201d w zale\u017cno\u015bci od tego, pod jakim k\u0105tem si\u0119 na ni\u0105 patrzy \u2013 zmienia si\u0119 nie tylko t\u0142o (posiadaj\u0105ce efekt g\u0142\u0119bi 3D), ale te\u017c bohaterowie uk\u0142adanki (zamiast dinozaur\u00f3w pojawiaj\u0105 si\u0119 ich szkielety) i ich otoczenie &#8211; wybucha wulkan, a meteoryt zbli\u017ca si\u0119 do ziemi.Puzzle te to niebanalny pomys\u0142 na rodzinn\u0105 rozrywk\u0119. Zaciekawi\u0105 i zachwyc\u0105 wszystkich. Zapakowane s\u0105 w estetyczne pude\u0142ko z atrakcyjn\u0105, r\u00f3wnie\u017c soczewkow\u0105 ilustracj\u0105. Idealnie nadaj\u0105 si\u0119 na prezent. Uk\u0142adanie puzzli stymuluje pami\u0119\u0107, koncentracj\u0119 i sprawno\u015b\u0107 manualn\u0105 ju\u017c od najm\u0142odszych lat. MUDPUPPY dba te\u017c o to, by uk\u0142adanki dostarcza\u0142y dzieciom dodatkowych wra\u017ce\u0144 empirycznych, si\u0119ga po lubiane motywy, pi\u0119kne kolory i por\u0119czne formaty. kategoria: puzzlewiek: 5+liczba element\u00f3w: 75materia\u0142: puzzle \u2013 karton w 90% pochodz\u0105cy z recyclingu, pude\u0142ko \u2013 karton w 70% pochodz\u0105cy z recyclinguwymiary opakowania: 23 x 18 x 5 cm Ameryka\u0144ska marka zabawek edukacyjnych MUDPUPPY powsta\u0142a w 1992 roku. Dzi\u015b jest znana na ca\u0142ym \u015bwiecie i cieszy si\u0119 powszechnym zaufaniem rodzic\u00f3w. Skupia si\u0119 na tworzeniu produkt\u00f3w, zach\u0119caj\u0105cych dzieci do tw\u00f3rczej aktywno\u015bci, a przy tym wspieraj\u0105cych ich rozw\u00f3j i stymuluj\u0105cych wyobra\u017ani\u0119. Oferta marki to g\u0142\u00f3wnie puzzle, gry, uk\u0142adanki oraz zestawy kreatywne, w tym tematyczne komplety magnes\u00f3w czy naklejek. Projekty MUDPUPPY inspirowane s\u0105 sztuk\u0105, m. in. ilustracj\u0105 dla dzieci. Marka stale wsp\u00f3\u0142pracuje ze wsp\u00f3\u0142czesnymi artystami, a jej produkty s\u0105 wci\u0105\u017c nagradzane za kreatywno\u015b\u0107, u\u017cyteczno\u015b\u0107 i innowacyjno\u015b\u0107.<\/p>\n<h2>Mudpuppy Puzzle Soczewkowe Z Ruchomym Obrazkiem 75 El. 3D Dinozaury 5+ Mudpuppy<\/h2>\n<p>najrzadsze imiona w polsce, zagadki dla m\u0142odzie\u017cy, flagi pa\u0144stw quiz, laurka dla mamy rysunek, tekst ko\u0142ysanki, zagadki logiczne na inteligencj\u0119 dla doros\u0142ych, ja\u015bmina, zagadki dla 7 latk\u00f3w, ma\u0142y ksi\u0105\u017c\u0119 cytaty o mi\u0142o\u015bci, literki do nauki pisania do druku, zagadki kr\u00f3tkie, tajemniczy ogr\u00f3d test z lektury, zagadki dla dzieci 10 lat, quizy dla przedszkolak\u00f3w, prezent dla 7 latka na urodziny, pokemon kolorowanki, cytat na dzie\u0144 mamy, quizy dla dzieci o zwierz\u0119tach, m\u0105dre cytaty dla dzieci<\/p>\n<p>yyyyy<\/p>\n<p>&nbsp;<\/p>\n","protected":false},"excerpt":{"rendered":"<p>Puzzle soczewkowe Dinozaury ameryka\u0144skiej marki MUDPUPPY nadaj\u0105 uk\u0142adaniu puzzli nowy wymiar \u2013 na samym z\u0142o\u017ceniu obrazka zabawa si\u0119 bowiem nie ko\u0144czy. Uk\u0142adanka sk\u0142ada si\u0119 z 75 element\u00f3w, kt\u00f3re po u\u0142o\u017ceniu tworz\u0105 obrazek o wymiarach 45 x 26 cm, przedstawiaj\u0105cy dinozaury w prehistorycznym krajobrazie. Dzi\u0119ki specjalnej technice druku, zwanej drukiem soczewkowym, ilustracja porusza si\u0119 i \u201eo\u017cywa\u201d [&hellip;]<\/p>\n","protected":false},"featured_media":5678,"comment_status":"closed","ping_status":"open","template":"","meta":[],"product_cat":[1344,90],"product_tag":[871,729,586,641,860],"class_list":["post-5677","product","type-product","status-publish","has-post-thumbnail","hentry","product_cat-mudpuppy","product_cat-puzzle","product_tag-bajka-o-smoku-wawelskim","product_tag-madre-bajki-dla-dzieci-do-czytania","product_tag-smieszne-zagadki","product_tag-trudne-zagadki-logiczne","product_tag-zagadki-logiczne-dla-doroslych"],"_links":{"self":[{"href":"http:\/\/klubmamgdynia.pl\/index.php\/wp-json\/wp\/v2\/product\/5677","targetHints":{"allow":["GET"]}}],"collection":[{"href":"http:\/\/klubmamgdynia.pl\/index.php\/wp-json\/wp\/v2\/product"}],"about":[{"href":"http:\/\/klubmamgdynia.pl\/index.php\/wp-json\/wp\/v2\/types\/product"}],"replies":[{"embeddable":true,"href":"http:\/\/klubmamgdynia.pl\/index.php\/wp-json\/wp\/v2\/comments?post=5677"}],"wp:featuredmedia":[{"embeddable":true,"href":"http:\/\/klubmamgdynia.pl\/index.php\/wp-json\/wp\/v2\/media\/5678"}],"wp:attachment":[{"href":"http:\/\/klubmamgdynia.pl\/index.php\/wp-json\/wp\/v2\/media?parent=5677"}],"wp:term":[{"taxonomy":"product_cat","embeddable":true,"href":"http:\/\/klubmamgdynia.pl\/index.php\/wp-json\/wp\/v2\/product_cat?post=5677"},{"taxonomy":"product_tag","embeddable":true,"href":"http:\/\/klubmamgdynia.pl\/index.php\/wp-json\/wp\/v2\/product_tag?post=5677"}],"curies":[{"name":"wp","href":"https:\/\/api.w.org\/{rel}","templated":true}]}}