{"id":5679,"date":"2022-02-16T00:31:51","date_gmt":"2022-02-15T23:31:51","guid":{"rendered":"http:\/\/klubmamgdynia.pl\/index.php\/produkt\/artyk-zabawki-koraliki-do-nawlekania-cupcake-161896\/"},"modified":"2026-04-29T19:38:15","modified_gmt":"2026-04-29T17:38:15","slug":"artyk-zabawki-koraliki-do-nawlekania-cupcake-161896","status":"publish","type":"product","link":"http:\/\/klubmamgdynia.pl\/index.php\/produkt\/artyk-zabawki-koraliki-do-nawlekania-cupcake-161896\/","title":{"rendered":"Artyk Zabawki Koraliki Do Nawlekania Cupcake 161896"},"content":{"rendered":"<h2>Artyk Zabawki Koraliki Do Nawlekania Cupcake 161896 Artyk<\/h2>\n<p>bajki terapeutyczne o emocjach pdf, prezent dla ch\u0142opca na roczek, szablony papierowe lalki do ubierania do wydruku, test opowie\u015bci z narnii lew czarownica i stara szafa do druku, kawal na prima aprilis, kr\u00f3tkie bajki dla dzieci<\/p>\n<p>yyyyy<\/p>\n<p>&nbsp;<\/p>\n","protected":false},"excerpt":{"rendered":"<p>Artyk Zabawki Koraliki Do Nawlekania Cupcake 161896 Artyk bajki terapeutyczne o emocjach pdf, prezent dla ch\u0142opca na roczek, szablony papierowe lalki do ubierania do wydruku, test opowie\u015bci z narnii lew czarownica i stara szafa do druku, kawal na prima aprilis, kr\u00f3tkie bajki dla dzieci yyyyy &nbsp;<\/p>\n","protected":false},"featured_media":5680,"comment_status":"closed","ping_status":"open","template":"","meta":[],"product_cat":[336,21],"product_tag":[603,585,649],"class_list":["post-5679","product","type-product","status-publish","has-post-thumbnail","hentry","product_cat-artyk","product_cat-zabawki-plastyczne","product_tag-bajki-do-czytania","product_tag-kolorowanki-dla-chlopcow","product_tag-zagadki-dla-nastolatkow"],"_links":{"self":[{"href":"http:\/\/klubmamgdynia.pl\/index.php\/wp-json\/wp\/v2\/product\/5679","targetHints":{"allow":["GET"]}}],"collection":[{"href":"http:\/\/klubmamgdynia.pl\/index.php\/wp-json\/wp\/v2\/product"}],"about":[{"href":"http:\/\/klubmamgdynia.pl\/index.php\/wp-json\/wp\/v2\/types\/product"}],"replies":[{"embeddable":true,"href":"http:\/\/klubmamgdynia.pl\/index.php\/wp-json\/wp\/v2\/comments?post=5679"}],"wp:featuredmedia":[{"embeddable":true,"href":"http:\/\/klubmamgdynia.pl\/index.php\/wp-json\/wp\/v2\/media\/5680"}],"wp:attachment":[{"href":"http:\/\/klubmamgdynia.pl\/index.php\/wp-json\/wp\/v2\/media?parent=5679"}],"wp:term":[{"taxonomy":"product_cat","embeddable":true,"href":"http:\/\/klubmamgdynia.pl\/index.php\/wp-json\/wp\/v2\/product_cat?post=5679"},{"taxonomy":"product_tag","embeddable":true,"href":"http:\/\/klubmamgdynia.pl\/index.php\/wp-json\/wp\/v2\/product_tag?post=5679"}],"curies":[{"name":"wp","href":"https:\/\/api.w.org\/{rel}","templated":true}]}}