{"id":5681,"date":"2025-05-02T10:17:51","date_gmt":"2025-05-02T08:17:51","guid":{"rendered":"http:\/\/klubmamgdynia.pl\/?post_type=product&#038;p=5681"},"modified":"2026-04-06T15:10:44","modified_gmt":"2026-04-06T13:10:44","slug":"busse-kolorowanki-mein-pferde-malbuch-1298086116","status":"publish","type":"product","link":"http:\/\/klubmamgdynia.pl\/index.php\/produkt\/busse-kolorowanki-mein-pferde-malbuch-1298086116\/","title":{"rendered":"Busse Kolorowanki &#8222;Mein Pferde-Malbuch&#8221; (1298086116)"},"content":{"rendered":"<p>pi\u0119kne konie, kud\u0142ate kucyki, s\u0142odkie \u017arebaki &#8211; ta ksi\u0105\u017ceczka z kolorowankami w kszta\u0142cie podkowy zawiera ponad 30 przepi\u0119knych obrazk\u00f3w do kolorowaniailustracje autorstwa Philippa Ro\u00dfabroszura z t\u0142oczeniamiod 6 lat32 stronywewn\u0105trz jednokolorowa19 x 19 cm<\/p>\n<h2>Busse Kolorowanki &#8222;Mein Pferde-Malbuch&#8221; (1298086116) <\/h2>\n<p>list do gwiazdora, inteligentne zagadki, obrazki do druku, pomys\u0142 na laurk\u0119, ozdoby choinkowe dla dzieci, maska misia do druku, peppa do druku, test magiczne drzewo czerwone krzes\u0142o, basen warszawa, bajki na dobranoc psi patrol, kr\u00f3tkie \u017cyczenia wielkanocne dla dzieci, naj\u0142adniejsze ko\u0142ysanki dla dzieci, test spos\u00f3b na alcybiadesa, prezent na roczek dla dziewczynki, carmen imie, pia, janusz, stare piosenki dla dzieci teksty, wielkanocne zagadki<\/p>\n<p>yyyyy<\/p>\n<p>&nbsp;<\/p>\n","protected":false},"excerpt":{"rendered":"<p>pi\u0119kne konie, kud\u0142ate kucyki, s\u0142odkie \u017arebaki &#8211; ta ksi\u0105\u017ceczka z kolorowankami w kszta\u0142cie podkowy zawiera ponad 30 przepi\u0119knych obrazk\u00f3w do kolorowaniailustracje autorstwa Philippa Ro\u00dfabroszura z t\u0142oczeniamiod 6 lat32 stronywewn\u0105trz jednokolorowa19 x 19 cm Busse Kolorowanki &#8222;Mein Pferde-Malbuch&#8221; (1298086116) list do gwiazdora, inteligentne zagadki, obrazki do druku, pomys\u0142 na laurk\u0119, ozdoby choinkowe dla dzieci, maska misia [&hellip;]<\/p>\n","protected":false},"featured_media":5682,"comment_status":"closed","ping_status":"open","template":"","meta":[],"product_cat":[297],"product_tag":[585,749,835,822,710,715],"class_list":["post-5681","product","type-product","status-publish","has-post-thumbnail","hentry","product_cat-szkolne-artykuly-plastyczne","product_tag-kolorowanki-dla-chlopcow","product_tag-najlepsze-zarty-na-prima-aprilis","product_tag-radosc-dziecka-cytaty","product_tag-wierszyki-o-wakacjach-krotkie","product_tag-zagadki-dla-dzieci-10-12-lat","product_tag-zosia-samosia"],"_links":{"self":[{"href":"http:\/\/klubmamgdynia.pl\/index.php\/wp-json\/wp\/v2\/product\/5681","targetHints":{"allow":["GET"]}}],"collection":[{"href":"http:\/\/klubmamgdynia.pl\/index.php\/wp-json\/wp\/v2\/product"}],"about":[{"href":"http:\/\/klubmamgdynia.pl\/index.php\/wp-json\/wp\/v2\/types\/product"}],"replies":[{"embeddable":true,"href":"http:\/\/klubmamgdynia.pl\/index.php\/wp-json\/wp\/v2\/comments?post=5681"}],"wp:featuredmedia":[{"embeddable":true,"href":"http:\/\/klubmamgdynia.pl\/index.php\/wp-json\/wp\/v2\/media\/5682"}],"wp:attachment":[{"href":"http:\/\/klubmamgdynia.pl\/index.php\/wp-json\/wp\/v2\/media?parent=5681"}],"wp:term":[{"taxonomy":"product_cat","embeddable":true,"href":"http:\/\/klubmamgdynia.pl\/index.php\/wp-json\/wp\/v2\/product_cat?post=5681"},{"taxonomy":"product_tag","embeddable":true,"href":"http:\/\/klubmamgdynia.pl\/index.php\/wp-json\/wp\/v2\/product_tag?post=5681"}],"curies":[{"name":"wp","href":"https:\/\/api.w.org\/{rel}","templated":true}]}}