{"id":5687,"date":"2016-07-25T12:59:45","date_gmt":"2016-07-25T10:59:45","guid":{"rendered":"http:\/\/klubmamgdynia.pl\/index.php\/produkt\/beniamin-zeszyt-a5-32k-kratka-chlopiec-10szt\/"},"modified":"2026-05-01T13:26:51","modified_gmt":"2026-05-01T11:26:51","slug":"beniamin-zeszyt-a5-32k-kratka-chlopiec-10szt","status":"publish","type":"product","link":"http:\/\/klubmamgdynia.pl\/index.php\/produkt\/beniamin-zeszyt-a5-32k-kratka-chlopiec-10szt\/","title":{"rendered":"Beniamin Zeszyt A5\/32K Kratka Ch\u0142opiec 10Szt"},"content":{"rendered":"<p>Opakowanie zbiorcze 10 sztuk.Zeszyt w kratk\u0119. Format A5, ilo\u015b\u0107 kartek: 32. Imiennik na ok\u0142adce.EAN: 5904441103908Najcz\u0119\u015bciej zadawane pytaniaDlaczego warto zaopatrzy\u0107 si\u0119 w zestaw notes\u00f3w do szko\u0142y?Przez wszystkie lata nauki dzieci zr\u00f3\u017cnicowanych szk\u00f3\u0142 musz\u0105 mie\u0107 pewn\u0105 liczb\u0119 zeszyt\u00f3w do notatek. Mo\u017cna zaopatrzy\u0107 si\u0119 w nie osobno albo w specjalnym komplecie, w jakim znajduje si\u0119 kilka zeszyt\u00f3w o pasuj\u0105cych do siebie ok\u0142adkach. Je\u015bli Twoje dziecko lubi jaki\u015b motyw, pragnie zestaw pasuj\u0105cych do siebie ok\u0142adek, a Ty pragniesz troch\u0119 zaoszcz\u0119dzi\u0107 pieni\u0105dze \u2013 kup komplet. Zapewniamy zestawy z brulionami dla ch\u0142opc\u00f3w i dziewczynek, a tak\u017ce neutralne, w rozmiarze A5 i A4, z grubymi albo standardowymi cienkimi ok\u0142adkami. Nasze bruliony sprawdzaj\u0105 si\u0119 idealnie na ka\u017cdym poziomie nauki.<\/p>\n<h2>Beniamin Zeszyt A5\/32K Kratka Ch\u0142opiec 10Szt Beniamin<\/h2>\n<p>kolorowanki my little pony, matylda imie, zagadki logiczne trudne, bajki dla dzieci online, \u017carty prima aprilis, zagadki dla dzieci 6-7 lat online, imiona z bajek, olaf znaczenie imienia, prezent na roczek dla chrze\u015bniaka, kolorowe listki tekst, lol surprise kolorowanka, tr\u00f3jmiasto atrakcje dla dzieci, miko\u0142ajki dla dzieci warszawa 2021, szablon zaproszenia na urodziny do wydruku czarno bia\u0142e, literki do druku, bajka o piesku do czytania<\/p>\n<p>yyyyy<\/p>\n<p>&nbsp;<\/p>\n","protected":false},"excerpt":{"rendered":"<p>Opakowanie zbiorcze 10 sztuk.Zeszyt w kratk\u0119. Format A5, ilo\u015b\u0107 kartek: 32. Imiennik na ok\u0142adce.EAN: 5904441103908Najcz\u0119\u015bciej zadawane pytaniaDlaczego warto zaopatrzy\u0107 si\u0119 w zestaw notes\u00f3w do szko\u0142y?Przez wszystkie lata nauki dzieci zr\u00f3\u017cnicowanych szk\u00f3\u0142 musz\u0105 mie\u0107 pewn\u0105 liczb\u0119 zeszyt\u00f3w do notatek. Mo\u017cna zaopatrzy\u0107 si\u0119 w nie osobno albo w specjalnym komplecie, w jakim znajduje si\u0119 kilka zeszyt\u00f3w o [&hellip;]<\/p>\n","protected":false},"featured_media":5688,"comment_status":"closed","ping_status":"open","template":"","meta":[],"product_cat":[1376,325],"product_tag":[864,622,768],"class_list":["post-5687","product","type-product","status-publish","has-post-thumbnail","hentry","product_cat-beniamin","product_cat-szkolne-artykuly-papiernicze","product_tag-basen-warszawa","product_tag-fajne-zagadki","product_tag-krotkie-zagadki-logiczne"],"_links":{"self":[{"href":"http:\/\/klubmamgdynia.pl\/index.php\/wp-json\/wp\/v2\/product\/5687","targetHints":{"allow":["GET"]}}],"collection":[{"href":"http:\/\/klubmamgdynia.pl\/index.php\/wp-json\/wp\/v2\/product"}],"about":[{"href":"http:\/\/klubmamgdynia.pl\/index.php\/wp-json\/wp\/v2\/types\/product"}],"replies":[{"embeddable":true,"href":"http:\/\/klubmamgdynia.pl\/index.php\/wp-json\/wp\/v2\/comments?post=5687"}],"wp:featuredmedia":[{"embeddable":true,"href":"http:\/\/klubmamgdynia.pl\/index.php\/wp-json\/wp\/v2\/media\/5688"}],"wp:attachment":[{"href":"http:\/\/klubmamgdynia.pl\/index.php\/wp-json\/wp\/v2\/media?parent=5687"}],"wp:term":[{"taxonomy":"product_cat","embeddable":true,"href":"http:\/\/klubmamgdynia.pl\/index.php\/wp-json\/wp\/v2\/product_cat?post=5687"},{"taxonomy":"product_tag","embeddable":true,"href":"http:\/\/klubmamgdynia.pl\/index.php\/wp-json\/wp\/v2\/product_tag?post=5687"}],"curies":[{"name":"wp","href":"https:\/\/api.w.org\/{rel}","templated":true}]}}