{"id":5689,"date":"2021-06-19T23:39:20","date_gmt":"2021-06-19T21:39:20","guid":{"rendered":"http:\/\/klubmamgdynia.pl\/index.php\/produkt\/crocodile-creek-puzzle-48el-przeciwienstwa-gorace-i-zimne\/"},"modified":"2026-04-06T15:13:40","modified_gmt":"2026-04-06T13:13:40","slug":"crocodile-creek-puzzle-48el-przeciwienstwa-gorace-i-zimne","status":"publish","type":"product","link":"http:\/\/klubmamgdynia.pl\/index.php\/produkt\/crocodile-creek-puzzle-48el-przeciwienstwa-gorace-i-zimne\/","title":{"rendered":"Crocodile Creek Puzzle 48El. Przeciwie\u0144stwa Gor\u0105ce I Zimne"},"content":{"rendered":"<p>Puzzle 48 Gor\u0105ce i Zimne, Crocodile CreekDzieci uwielbiaj\u0105 przeciwie\u0144stwa! Crocodile Creek poszerzy\u0142o swoj\u0105 lini\u0119 puzzli Above &amp; Below uk\u0142adanki z przeciwie\u0144stwami. Ta przedstawia zwierz\u0119ta, kt\u00f3re \u017cyj\u0105 w zimnym i ciep\u0142ym klimacie. Wszystko po to, by uk\u0142adanie puzzli r\u00f3wnie\u017c edukowa\u0142o ma\u0142e g\u0142owy. Co \u017cyje w tropikach, a co w krainie lodu? Zabawka sk\u0142ania dzieci do por\u00f3wnywania obiekt\u00f3w i zauwa\u017cania r\u00f3\u017cnic. Co jest ma\u0142e, a co du\u017ce? Uk\u0142adanie puzzli \u0107wiczy koncentracj\u0119, pomaga si\u0119 wyciszy\u0107 i odstresowa\u0107.Po u\u0142o\u017ceniu obrazek ma rozmiar: 68,6 x 50,8 cm Wymiary opakowania: 27,9 x 27,9 x 5,1 cm Wiek: 4+ Waga: 250g<\/p>\n<h2>Crocodile Creek Puzzle 48El. Przeciwie\u0144stwa Gor\u0105ce I Zimne Crocodile Creek<\/h2>\n<p>zabawki na roczek, quiz znaki drogowe, jak narysowa\u0107 kota, co na roczek, quizy geograficzne<\/p>\n<p>yyyyy<\/p>\n<p>&nbsp;<\/p>\n","protected":false},"excerpt":{"rendered":"<p>Puzzle 48 Gor\u0105ce i Zimne, Crocodile CreekDzieci uwielbiaj\u0105 przeciwie\u0144stwa! Crocodile Creek poszerzy\u0142o swoj\u0105 lini\u0119 puzzli Above &amp; Below uk\u0142adanki z przeciwie\u0144stwami. Ta przedstawia zwierz\u0119ta, kt\u00f3re \u017cyj\u0105 w zimnym i ciep\u0142ym klimacie. Wszystko po to, by uk\u0142adanie puzzli r\u00f3wnie\u017c edukowa\u0142o ma\u0142e g\u0142owy. Co \u017cyje w tropikach, a co w krainie lodu? Zabawka sk\u0142ania dzieci do por\u00f3wnywania [&hellip;]<\/p>\n","protected":false},"featured_media":5690,"comment_status":"closed","ping_status":"open","template":"","meta":[],"product_cat":[1382,90],"product_tag":[750,753,641,760,592,849],"class_list":["post-5689","product","type-product","status-publish","has-post-thumbnail","hentry","product_cat-crocodile-creek","product_cat-puzzle","product_tag-imie-kostek","product_tag-kamila","product_tag-trudne-zagadki-logiczne","product_tag-zagadka-matematyczna","product_tag-zagadki-dla-dzieci","product_tag-zagadki-matematyczne-dla-dzieci"],"_links":{"self":[{"href":"http:\/\/klubmamgdynia.pl\/index.php\/wp-json\/wp\/v2\/product\/5689","targetHints":{"allow":["GET"]}}],"collection":[{"href":"http:\/\/klubmamgdynia.pl\/index.php\/wp-json\/wp\/v2\/product"}],"about":[{"href":"http:\/\/klubmamgdynia.pl\/index.php\/wp-json\/wp\/v2\/types\/product"}],"replies":[{"embeddable":true,"href":"http:\/\/klubmamgdynia.pl\/index.php\/wp-json\/wp\/v2\/comments?post=5689"}],"wp:featuredmedia":[{"embeddable":true,"href":"http:\/\/klubmamgdynia.pl\/index.php\/wp-json\/wp\/v2\/media\/5690"}],"wp:attachment":[{"href":"http:\/\/klubmamgdynia.pl\/index.php\/wp-json\/wp\/v2\/media?parent=5689"}],"wp:term":[{"taxonomy":"product_cat","embeddable":true,"href":"http:\/\/klubmamgdynia.pl\/index.php\/wp-json\/wp\/v2\/product_cat?post=5689"},{"taxonomy":"product_tag","embeddable":true,"href":"http:\/\/klubmamgdynia.pl\/index.php\/wp-json\/wp\/v2\/product_tag?post=5689"}],"curies":[{"name":"wp","href":"https:\/\/api.w.org\/{rel}","templated":true}]}}