{"id":569,"date":"2020-05-25T09:58:19","date_gmt":"2020-05-25T07:58:19","guid":{"rendered":"http:\/\/klubmamgdynia.pl\/index.php\/produkt\/borderlands-2-goty-gra-pc\/"},"modified":"2026-04-06T02:10:01","modified_gmt":"2026-04-06T00:10:01","slug":"borderlands-2-goty-gra-pc","status":"publish","type":"product","link":"http:\/\/klubmamgdynia.pl\/index.php\/produkt\/borderlands-2-goty-gra-pc\/","title":{"rendered":"Borderlands 2 GOTY (Gra PC)"},"content":{"rendered":"<p>W\u0142a\u015bciciele \u201eblaszak\u00f3w\u201d otrzymaj\u0105 gr\u0119 z grafik\u0105 najlepszej jako\u015bci.<\/p>\n<p>Autorzy zadbali o przyjemne doznania podczas gry, r\u00f3wnie\u017c o ca\u0142\u0105 mas\u0119 opcji sieciowych po\u0142\u0105czonych z dopracowanym interfejsem. Posiadaczy pierwszej cz\u0119\u015bci z zapisanym stanem gry czeka r\u00f3wnie\u017c mi\u0142a niespodzianka, mog\u0105 liczy\u0107 na bonusy uatrakcyjniaj\u0105ce rozgrywk\u0119. B\u0119d\u0105 to m.in. nowe sk\u00f3rki, i g\u0142owy postaci z jedynki. W nowej ods\u0142onie ca\u0142kowitemu przemodelowaniu uleg\u0142 system uzbrojenia, kt\u00f3ry by\u0142 wizyt\u00f3wk\u0105 pierwszej cz\u0119\u015bci. Producenci z Gearbox Software stworzyli wszystkie bronie od podstaw i w odr\u00f3\u017cnieniu od poprzednika, w Borderlands 2 nowe bronie nie b\u0119d\u0105 r\u00f3\u017cni\u0142y si\u0119 mi\u0119dzy sob\u0105 tylko statystykami, ale tak\u017ce wygl\u0105dem i zastosowaniem. R\u00f3wnie\u017c otoczenie, w jakim toczy si\u0119 akcja produkcji, uleg\u0142o znacznym modyfikacjom. Pandora nie jest ju\u017c tylko i wy\u0142\u0105cznie seri\u0105 pustynnych krajobraz\u00f3w, wzbogacona zosta\u0142a w nowe, urozmaicaj\u0105ce gr\u0119 lokacje, takie jak lodowe tundry, d\u017cungle czy skaliste wzg\u00f3rza.                            <\/p>\n<p>            Emocjonuj\u0105c\u0105 gr\u0119 zespo\u0142ow\u0105 zapewni du\u017ce zr\u00f3\u017cnicowanie postaci, gracze wsp\u00f3\u0142pracuj\u0105c ze sob\u0105 wzajemnie si\u0119 uzupe\u0142niaj\u0105.<\/p>\n<p>I tak Maya na przyk\u0142ad wykorzystuje w walce nadprzyrodzone moce, potrafi r\u00f3wnie\u017c leczy\u0107 swoich towarzyszy. Komandos Axton u\u017cywa ci\u0119\u017ckiego sprz\u0119tu bojowego (n.p.: mini bomby atomowe). Skryty zab\u00f3jca Zero pos\u0142uguje si\u0119 karabinem snajperskim albo katan\u0105. Z kolei Salvador atakuje wielkimi giwerami. Wygl\u0105d postaci mo\u017cemy modyfikowa\u0107 wed\u0142ug w\u0142asnego gustu, wybieraj\u0105c str\u00f3j, fryzur\u0119, i tym podobne elementy. To tylko przyk\u0142ady, bro\u0144 generowana jest losowo (oko\u0142o 17 milion\u00f3w unikalnych rodzaj\u00f3w) daj\u0105c niepowtarzalny, cz\u0119sto zwariowany a na pewno zaskakuj\u0105cy rezultat..<\/p>\n<h2>Borderlands 2 GOTY (Gra PC) 2K Games<\/h2>\n<p>prezent pod choink\u0119 dla 7 letniej dziewczynki, cytaty o nauczycielach, miasto dzieci, prezent dla rocznego dziecka, piosenka na dzie\u0144 nauczyciela przedszkole, lucyna, nauka pisania wyraz\u00f3w dla dzieci do druku pdf, gdzie strumyk p\u0142ynie z wolna, znaczenie imienia alan, nauka pisania literek do wydruku pdf, upominek dla nastolatk\u00f3w, gad\u017cety dla nastolatka, imie gaja, quiz opowie\u015bci z narnii lew czarownica i stara szafa, quiz dzieci z bullerbyn, tabliczka mno\u017cenia kolorowanki do wydruku, kawal na prima aprilis<\/p>\n<p>yyyyy<\/p>\n<p>&nbsp;<\/p>\n","protected":false},"excerpt":{"rendered":"<p>W\u0142a\u015bciciele \u201eblaszak\u00f3w\u201d otrzymaj\u0105 gr\u0119 z grafik\u0105 najlepszej jako\u015bci. Autorzy zadbali o przyjemne doznania podczas gry, r\u00f3wnie\u017c o ca\u0142\u0105 mas\u0119 opcji sieciowych po\u0142\u0105czonych z dopracowanym interfejsem. Posiadaczy pierwszej cz\u0119\u015bci z zapisanym stanem gry czeka r\u00f3wnie\u017c mi\u0142a niespodzianka, mog\u0105 liczy\u0107 na bonusy uatrakcyjniaj\u0105ce rozgrywk\u0119. B\u0119d\u0105 to m.in. nowe sk\u00f3rki, i g\u0142owy postaci z jedynki. W nowej ods\u0142onie [&hellip;]<\/p>\n","protected":false},"featured_media":570,"comment_status":"closed","ping_status":"open","template":"","meta":[],"product_cat":[221,222],"product_tag":[797,858,630,770],"class_list":["post-569","product","type-product","status-publish","has-post-thumbnail","hentry","product_cat-2k-games","product_cat-gry-pc","product_tag-kiekrz","product_tag-podchwytliwe-zagadki","product_tag-podchwytliwe-zagadki-z-odpowiedziami","product_tag-samolot-z-papieru"],"_links":{"self":[{"href":"http:\/\/klubmamgdynia.pl\/index.php\/wp-json\/wp\/v2\/product\/569","targetHints":{"allow":["GET"]}}],"collection":[{"href":"http:\/\/klubmamgdynia.pl\/index.php\/wp-json\/wp\/v2\/product"}],"about":[{"href":"http:\/\/klubmamgdynia.pl\/index.php\/wp-json\/wp\/v2\/types\/product"}],"replies":[{"embeddable":true,"href":"http:\/\/klubmamgdynia.pl\/index.php\/wp-json\/wp\/v2\/comments?post=569"}],"wp:featuredmedia":[{"embeddable":true,"href":"http:\/\/klubmamgdynia.pl\/index.php\/wp-json\/wp\/v2\/media\/570"}],"wp:attachment":[{"href":"http:\/\/klubmamgdynia.pl\/index.php\/wp-json\/wp\/v2\/media?parent=569"}],"wp:term":[{"taxonomy":"product_cat","embeddable":true,"href":"http:\/\/klubmamgdynia.pl\/index.php\/wp-json\/wp\/v2\/product_cat?post=569"},{"taxonomy":"product_tag","embeddable":true,"href":"http:\/\/klubmamgdynia.pl\/index.php\/wp-json\/wp\/v2\/product_tag?post=569"}],"curies":[{"name":"wp","href":"https:\/\/api.w.org\/{rel}","templated":true}]}}