{"id":5695,"date":"2014-10-09T02:58:32","date_gmt":"2014-10-09T00:58:32","guid":{"rendered":"http:\/\/klubmamgdynia.pl\/index.php\/produkt\/texpol-koty-paryskie-okrycie-kapielowe-bambusowe-z-kapturkiem-85x85-cm\/"},"modified":"2026-04-26T17:54:13","modified_gmt":"2026-04-26T15:54:13","slug":"texpol-koty-paryskie-okrycie-kapielowe-bambusowe-z-kapturkiem-85x85-cm","status":"publish","type":"product","link":"http:\/\/klubmamgdynia.pl\/index.php\/produkt\/texpol-koty-paryskie-okrycie-kapielowe-bambusowe-z-kapturkiem-85x85-cm\/","title":{"rendered":"Texpol Koty Paryskie Okrycie k\u0105pielowe bambusowe z kapturkiem 85&#215;85 cm"},"content":{"rendered":"<p>Tkanina bambusowa to niezwykle delikatny i przyjemny w dotyku materia\u0142, idealne rozwi\u0105zanie dla wra\u017cliwej sk\u00f3ry dziecka. Wykorzystanie w\u0142\u00f3kna bambusowego w okryciach i r\u0119cznikach kapi\u0119lowych czyni je niezwykle ch\u0142onnymi (w\u0142\u00f3kno bambusowe ch\u0142onie wilgo\u0107 o 60% lepiej ni\u017c bawe\u0142na). Ponadto bambus wykazuje w\u0142a\u015bciwo\u015bci antygrzybiczne, poch\u0142ania i neutralizuje nieprzyjemne zapachy. Okrycie k\u0105pielowe Texpol szyte jest w rozmiarze 85&#215;85 cm dzi\u0119ki czemu pos\u0142u\u017cy na d\u0142ugi okres piel\u0119gnacji noworodka. Wyko\u0144czony jest kolorowym, praktycznym kapturkiem, kt\u00f3ry zapobiega zsuwaniu si\u0119 okrycia i przekszta\u0142ca zwyk\u0142y r\u0119cznik w milutki szlafrok po k\u0105pieli. Okrycie niemowl\u0119ce bambusowe mo\u017cemy r\u00f3wnie\u017c wykorzysta\u0107 latem jako kocyk do otulania malucha, gdy\u017c w\u0142\u00f3kno bambusowe utrzymuje temperatur\u0119 o 3-4 stopnie ni\u017csz\u0105 ni\u017c otoczenie.Specyfikacja produktu:Wymiary r\u0119cznika: 85&#215;85 cmWymiary kapturka: 48&#215;24,50 cmSk\u0142ad: 100% cv bambusGramatura: 500 GSM<\/p>\n<h2>Texpol Koty Paryskie Okrycie k\u0105pielowe bambusowe z kapturkiem 85&#215;85 cm Texpol<\/h2>\n<p>prezent dla jedenastolatka, zabawki na roczek dla ch\u0142opca, pytania logiczne, kolorowanki star wars, kolorowanki disney, test z lektury kajko i kokosz szko\u0142a latania, imi\u0119 nadia, opis rodzina, imie nadia, zagadki dla rodziny, zagadki o przyborach szkolnych, atrakcje we wroc\u0142awiu dla dzieci, co kupi\u0107 na roczek dla ch\u0142opca, proste przepisy dla dzieci, pomys\u0142 na prezent na roczek, myszka miki kolorowanka, ninjago kolorowanka, zagadki o wiosnie, rysowanki, zagadki o zwierz\u0119tach domowych<\/p>\n<p>yyyyy<\/p>\n<p>&nbsp;<\/p>\n","protected":false},"excerpt":{"rendered":"<p>Tkanina bambusowa to niezwykle delikatny i przyjemny w dotyku materia\u0142, idealne rozwi\u0105zanie dla wra\u017cliwej sk\u00f3ry dziecka. Wykorzystanie w\u0142\u00f3kna bambusowego w okryciach i r\u0119cznikach kapi\u0119lowych czyni je niezwykle ch\u0142onnymi (w\u0142\u00f3kno bambusowe ch\u0142onie wilgo\u0107 o 60% lepiej ni\u017c bawe\u0142na). Ponadto bambus wykazuje w\u0142a\u015bciwo\u015bci antygrzybiczne, poch\u0142ania i neutralizuje nieprzyjemne zapachy. Okrycie k\u0105pielowe Texpol szyte jest w rozmiarze 85&#215;85 [&hellip;]<\/p>\n","protected":false},"featured_media":5696,"comment_status":"closed","ping_status":"open","template":"","meta":[],"product_cat":[30,1138],"product_tag":[630,798,841,620,641],"class_list":["post-5695","product","type-product","status-publish","has-post-thumbnail","hentry","product_cat-reczniki-i-okrycia-kapielowe","product_cat-texpol","product_tag-podchwytliwe-zagadki-z-odpowiedziami","product_tag-prezenty-dla-nastolatki","product_tag-quiz-o-flagach","product_tag-quiz-opowiesci-z-narnii","product_tag-trudne-zagadki-logiczne"],"_links":{"self":[{"href":"http:\/\/klubmamgdynia.pl\/index.php\/wp-json\/wp\/v2\/product\/5695","targetHints":{"allow":["GET"]}}],"collection":[{"href":"http:\/\/klubmamgdynia.pl\/index.php\/wp-json\/wp\/v2\/product"}],"about":[{"href":"http:\/\/klubmamgdynia.pl\/index.php\/wp-json\/wp\/v2\/types\/product"}],"replies":[{"embeddable":true,"href":"http:\/\/klubmamgdynia.pl\/index.php\/wp-json\/wp\/v2\/comments?post=5695"}],"wp:featuredmedia":[{"embeddable":true,"href":"http:\/\/klubmamgdynia.pl\/index.php\/wp-json\/wp\/v2\/media\/5696"}],"wp:attachment":[{"href":"http:\/\/klubmamgdynia.pl\/index.php\/wp-json\/wp\/v2\/media?parent=5695"}],"wp:term":[{"taxonomy":"product_cat","embeddable":true,"href":"http:\/\/klubmamgdynia.pl\/index.php\/wp-json\/wp\/v2\/product_cat?post=5695"},{"taxonomy":"product_tag","embeddable":true,"href":"http:\/\/klubmamgdynia.pl\/index.php\/wp-json\/wp\/v2\/product_tag?post=5695"}],"curies":[{"name":"wp","href":"https:\/\/api.w.org\/{rel}","templated":true}]}}