{"id":5697,"date":"2025-01-06T05:30:35","date_gmt":"2025-01-06T04:30:35","guid":{"rendered":"http:\/\/klubmamgdynia.pl\/?post_type=product&#038;p=5697"},"modified":"2026-04-06T14:04:13","modified_gmt":"2026-04-06T12:04:13","slug":"gorjuss-notatnik-first-prize-liliowy-a5","status":"publish","type":"product","link":"http:\/\/klubmamgdynia.pl\/index.php\/produkt\/gorjuss-notatnik-first-prize-liliowy-a5\/","title":{"rendered":"Gorjuss Notatnik First Prize Liliowy A5"},"content":{"rendered":"<p>Wr\u00f3\u0107 do biura nie zapominaj\u0105c niczego! Kupuj Notatnik Gorjuss First prize Liliowy A5 i nich koledzy Ci zazdroszcz\u0105!Rozmiar: A5Waga: 60 g\/m\u00b2Kolor: LiliowyW\u0142a\u015bciwo\u015bci: Twarda ok\u0142adkaKartki w kratk\u0119Kartki: 80 KartkiWymiary ok.: 15.5 x 22 x 1 cm<\/p>\n<h2>Gorjuss Notatnik First Prize Liliowy A5 Gorjuss<\/h2>\n<p>pieski ma\u0142e dwa tekst, natalia, prezenty dla nastolatki, kolorowanki do druku dla dziewczynek, tekst ko\u0142ysanki, kotki kolorowanka, cytat dla mamy, zagadki rymowanki dla dzieci, piosenka na dzie\u0144 nauczyciela przedszkole, prezenty dla 15 latki, zagadki dla 9 latk\u00f3w, kajko i kokosz szko\u0142a latania &#8211; test do wydruku, znaczenie imiona marcel, smieszne zagadki, kolorowanka lol, listy do \u015bwi\u0119tego miko\u0142aja, trudne zagadki na inteligencje<\/p>\n<p>yyyyy<\/p>\n<p>&nbsp;<\/p>\n","protected":false},"excerpt":{"rendered":"<p>Wr\u00f3\u0107 do biura nie zapominaj\u0105c niczego! Kupuj Notatnik Gorjuss First prize Liliowy A5 i nich koledzy Ci zazdroszcz\u0105!Rozmiar: A5Waga: 60 g\/m\u00b2Kolor: LiliowyW\u0142a\u015bciwo\u015bci: Twarda ok\u0142adkaKartki w kratk\u0119Kartki: 80 KartkiWymiary ok.: 15.5 x 22 x 1 cm Gorjuss Notatnik First Prize Liliowy A5 Gorjuss pieski ma\u0142e dwa tekst, natalia, prezenty dla nastolatki, kolorowanki do druku dla dziewczynek, [&hellip;]<\/p>\n","protected":false},"featured_media":5698,"comment_status":"closed","ping_status":"open","template":"","meta":[],"product_cat":[1384,325],"product_tag":[580,614,798,627],"class_list":["post-5697","product","type-product","status-publish","has-post-thumbnail","hentry","product_cat-gorjuss","product_cat-szkolne-artykuly-papiernicze","product_tag-janusz","product_tag-pia","product_tag-prezenty-dla-nastolatki","product_tag-quiz-dzieci-z-bullerbyn"],"_links":{"self":[{"href":"http:\/\/klubmamgdynia.pl\/index.php\/wp-json\/wp\/v2\/product\/5697","targetHints":{"allow":["GET"]}}],"collection":[{"href":"http:\/\/klubmamgdynia.pl\/index.php\/wp-json\/wp\/v2\/product"}],"about":[{"href":"http:\/\/klubmamgdynia.pl\/index.php\/wp-json\/wp\/v2\/types\/product"}],"replies":[{"embeddable":true,"href":"http:\/\/klubmamgdynia.pl\/index.php\/wp-json\/wp\/v2\/comments?post=5697"}],"wp:featuredmedia":[{"embeddable":true,"href":"http:\/\/klubmamgdynia.pl\/index.php\/wp-json\/wp\/v2\/media\/5698"}],"wp:attachment":[{"href":"http:\/\/klubmamgdynia.pl\/index.php\/wp-json\/wp\/v2\/media?parent=5697"}],"wp:term":[{"taxonomy":"product_cat","embeddable":true,"href":"http:\/\/klubmamgdynia.pl\/index.php\/wp-json\/wp\/v2\/product_cat?post=5697"},{"taxonomy":"product_tag","embeddable":true,"href":"http:\/\/klubmamgdynia.pl\/index.php\/wp-json\/wp\/v2\/product_tag?post=5697"}],"curies":[{"name":"wp","href":"https:\/\/api.w.org\/{rel}","templated":true}]}}