{"id":5703,"date":"2024-05-03T17:16:09","date_gmt":"2024-05-03T15:16:09","guid":{"rendered":"http:\/\/klubmamgdynia.pl\/?post_type=product&#038;p=5703"},"modified":"2026-04-03T22:24:25","modified_gmt":"2026-04-03T20:24:25","slug":"simba-kewin-w-koszuli-w-kratke","status":"publish","type":"product","link":"http:\/\/klubmamgdynia.pl\/index.php\/produkt\/simba-kewin-w-koszuli-w-kratke\/","title":{"rendered":"Simba Kewin w koszuli w kratk\u0119"},"content":{"rendered":"<p>Simba STEFFI Lalka Kevin w modnym ubraniu urozmaici dzieciom zabaw\u0119 w dom. Je\u015bli Twoja c\u00f3rka kolekcjonuje rodzin\u0119 lalek Steffi to uciszy si\u0119 na widok Pana Kevina. Topowe ubranka oczaruj\u0105 dziewczynki kochaj\u0105ce organizowa\u0107 pokazy modowe. Model prezentuje si\u0119 bardzo dostojnie w nowoczesnej kreacji.Partner Steffi w topowym stroju m\u0119skim zainspiruje ma\u0142e stylistki do kreowania fantastycznych scenek w \u015bwieci mody. Na lalkowej gali zostan\u0105 zaprezentowane najnowsze trendy. Kevin w roli modela zaprezentuje lu\u017any st\u00f3j weekendowy. Dziewczynki uwielbiaj\u0105 zabawy w przebieranie lalek i stylizowanie kreacji. Kevin ubarwi kreowane historie w \u015bwiecie mody. Uzupe\u0142nieniem m\u0119skiego stroju s\u0105 buty. Dost\u0119pne s\u0105 dwa wzory. Lalki wysy\u0142ane losowo.Zalety:\u2022 Lalka posiada ruchome ramiona i nogi;\u2022 Nowa linia ubranek i akcesori\u00f3w zachwyci mi\u0142o\u015bniczki zabaw w przebieranki;\u2022 Zabawki marki Simba s\u0105 solidnie wykonane z atestowanych tworzyw;\u2022 Ubrania oraz buty mo\u017cna zdj\u0105\u0107 i zamienia\u0107 na inne stylizacje;\u2022 Kevin zainspiruje dzieci do kreatywnych zabaw w mod\u0119, dom, rodzin\u0119.W zestawie:\u2022 Kevin w modnym ubraniu.Cechy:\u2022 Wiek dziecka: od 3 lat.\u2022 Zestaw wysy\u0142any losowo.<\/p>\n<h2>Simba Kewin w koszuli w kratk\u0119 Simba<\/h2>\n<p>piosenka dla mamy tekst, tabliczka mno\u017cenia kolorowanki do wydruku, karty pracy obrazki do wyklejania plastelin\u0105, zagadki o psach, prezenty dla nastolatk\u00f3w, szlaczki do druku, kolorowanki bajki, \u0142amig\u0142\u00f3wki s\u0142owne, \u0142\u0105czenie kropek, anastazja imi\u0119, quiz o kosmosie dla dzieci, prezent dla rocznego dziecka, zagadki o psach, \u015bw przemys\u0142aw, pytania zagadki, testy z lektury opowie\u015bci z narni lew czarownica i stara szafa<\/p>\n<p>yyyyy<\/p>\n<p>&nbsp;<\/p>\n","protected":false},"excerpt":{"rendered":"<p>Simba STEFFI Lalka Kevin w modnym ubraniu urozmaici dzieciom zabaw\u0119 w dom. Je\u015bli Twoja c\u00f3rka kolekcjonuje rodzin\u0119 lalek Steffi to uciszy si\u0119 na widok Pana Kevina. Topowe ubranka oczaruj\u0105 dziewczynki kochaj\u0105ce organizowa\u0107 pokazy modowe. Model prezentuje si\u0119 bardzo dostojnie w nowoczesnej kreacji.Partner Steffi w topowym stroju m\u0119skim zainspiruje ma\u0142e stylistki do kreowania fantastycznych scenek w [&hellip;]<\/p>\n","protected":false},"featured_media":5704,"comment_status":"closed","ping_status":"open","template":"","meta":[],"product_cat":[65,279],"product_tag":[808,789,751,714],"class_list":["post-5703","product","type-product","status-publish","has-post-thumbnail","hentry","product_cat-lalki","product_cat-simba","product_tag-imie-mia","product_tag-kaczuszka","product_tag-psi-patrol-kolorowanka","product_tag-zagadki-logiczne"],"_links":{"self":[{"href":"http:\/\/klubmamgdynia.pl\/index.php\/wp-json\/wp\/v2\/product\/5703","targetHints":{"allow":["GET"]}}],"collection":[{"href":"http:\/\/klubmamgdynia.pl\/index.php\/wp-json\/wp\/v2\/product"}],"about":[{"href":"http:\/\/klubmamgdynia.pl\/index.php\/wp-json\/wp\/v2\/types\/product"}],"replies":[{"embeddable":true,"href":"http:\/\/klubmamgdynia.pl\/index.php\/wp-json\/wp\/v2\/comments?post=5703"}],"wp:featuredmedia":[{"embeddable":true,"href":"http:\/\/klubmamgdynia.pl\/index.php\/wp-json\/wp\/v2\/media\/5704"}],"wp:attachment":[{"href":"http:\/\/klubmamgdynia.pl\/index.php\/wp-json\/wp\/v2\/media?parent=5703"}],"wp:term":[{"taxonomy":"product_cat","embeddable":true,"href":"http:\/\/klubmamgdynia.pl\/index.php\/wp-json\/wp\/v2\/product_cat?post=5703"},{"taxonomy":"product_tag","embeddable":true,"href":"http:\/\/klubmamgdynia.pl\/index.php\/wp-json\/wp\/v2\/product_tag?post=5703"}],"curies":[{"name":"wp","href":"https:\/\/api.w.org\/{rel}","templated":true}]}}