{"id":5707,"date":"2017-12-08T15:18:13","date_gmt":"2017-12-08T14:18:13","guid":{"rendered":"http:\/\/klubmamgdynia.pl\/index.php\/produkt\/gibsons-games-puzzle-stacja-waterloo-1000el\/"},"modified":"2026-04-14T21:36:28","modified_gmt":"2026-04-14T19:36:28","slug":"gibsons-games-puzzle-stacja-waterloo-1000el","status":"publish","type":"product","link":"http:\/\/klubmamgdynia.pl\/index.php\/produkt\/gibsons-games-puzzle-stacja-waterloo-1000el\/","title":{"rendered":"Gibsons Games Puzzle Stacja Waterloo 1000El."},"content":{"rendered":"<p>Gibsons to rodzinna firma zajmuj\u0105ca si\u0119 produkcj\u0105 puzzli i gier planszowych. Za\u0142o\u017cona w Londynie w 1919 roku, dostarcza rozrywk\u0119 pokoleniom od ponad 100 lat, a ich motywem przewodnim jest tworzenie produkt\u00f3w najwy\u017cszej jako\u015bci dla wszystkich grup wiekowych.Dlaczego warto wybra\u0107 puzzle marki Gibsons?:Puzzle wytwarzane s\u0105 w Wielkiej Brytanii i Europie, a do ich produkcji u\u017cywany jest karton o najwy\u017cszej gramaturze na rynku. Wsp\u00f3\u0142praca z ca\u0142\u0105 rzesz\u0105 utalentowanych artyst\u00f3w pozwala stworzy\u0107 nowoczesne i ciekawe wzory, od nostalgicznych scen po hipnotyzuj\u0105ce nadruki. Pi\u0119knie ilustrowane elementy s\u0105 zaprojektowane tak, aby idealnie do siebie pasowa\u0142y. Puzzle marki Gibsons s\u0105 przyjazne dla planety. Wykonane s\u0105 w 100% z tektury pochodz\u0105cej z recyklingu i zabezpieczone zak\u0142adkami, a nie foli\u0105 termokurczliw\u0105, aby zmniejszy\u0107 ilo\u015b\u0107 plastiku jednorazowego u\u017cytku. Pude\u0142ko ma b\u0142yszcz\u0105c\u0105 pow\u0142ok\u0119 dla dodatkowej ochrony, ale dzi\u0119ki temu zyska\u0142o tak\u017ce nowy, \u015bwie\u017cy wygl\u0105d.EAN: 5012269006049<\/p>\n<h2>Gibsons Games Puzzle Stacja Waterloo 1000El. Gibsons<\/h2>\n<p>bajki na dobranoc dla dzieci, desery dla dzieci, chase kolorowanka, zagadki logiczne, \u0142amig\u0142\u00f3wki logiczne dla dzieci, dobranoc zimowo, bajki dla dzieci do czytania na dobranoc, bajka terapeutyczna o dokuczaniu, zagadki \u015bwi\u0105teczne dla dzieci, delfinarium polska, halszka, kawa\u0142 na prima aprilis, wierszyki na smigus dyngus, test z lektury dynastia mizio\u0142k\u00f3w, maski zwierz\u0105t szablony do druku<\/p>\n<p>yyyyy<\/p>\n<p>&nbsp;<\/p>\n","protected":false},"excerpt":{"rendered":"<p>Gibsons to rodzinna firma zajmuj\u0105ca si\u0119 produkcj\u0105 puzzli i gier planszowych. Za\u0142o\u017cona w Londynie w 1919 roku, dostarcza rozrywk\u0119 pokoleniom od ponad 100 lat, a ich motywem przewodnim jest tworzenie produkt\u00f3w najwy\u017cszej jako\u015bci dla wszystkich grup wiekowych.Dlaczego warto wybra\u0107 puzzle marki Gibsons?:Puzzle wytwarzane s\u0105 w Wielkiej Brytanii i Europie, a do ich produkcji u\u017cywany jest [&hellip;]<\/p>\n","protected":false},"featured_media":5708,"comment_status":"closed","ping_status":"open","template":"","meta":[],"product_cat":[1360,90],"product_tag":[802,582,812],"class_list":["post-5707","product","type-product","status-publish","has-post-thumbnail","hentry","product_cat-gibsons","product_cat-puzzle","product_tag-co-kupic-dziewczynce-na-roczek","product_tag-nauka-pisania-literek-do-wydruku-pdf","product_tag-zagadki-logiczne-na-inteligencje"],"_links":{"self":[{"href":"http:\/\/klubmamgdynia.pl\/index.php\/wp-json\/wp\/v2\/product\/5707","targetHints":{"allow":["GET"]}}],"collection":[{"href":"http:\/\/klubmamgdynia.pl\/index.php\/wp-json\/wp\/v2\/product"}],"about":[{"href":"http:\/\/klubmamgdynia.pl\/index.php\/wp-json\/wp\/v2\/types\/product"}],"replies":[{"embeddable":true,"href":"http:\/\/klubmamgdynia.pl\/index.php\/wp-json\/wp\/v2\/comments?post=5707"}],"wp:featuredmedia":[{"embeddable":true,"href":"http:\/\/klubmamgdynia.pl\/index.php\/wp-json\/wp\/v2\/media\/5708"}],"wp:attachment":[{"href":"http:\/\/klubmamgdynia.pl\/index.php\/wp-json\/wp\/v2\/media?parent=5707"}],"wp:term":[{"taxonomy":"product_cat","embeddable":true,"href":"http:\/\/klubmamgdynia.pl\/index.php\/wp-json\/wp\/v2\/product_cat?post=5707"},{"taxonomy":"product_tag","embeddable":true,"href":"http:\/\/klubmamgdynia.pl\/index.php\/wp-json\/wp\/v2\/product_tag?post=5707"}],"curies":[{"name":"wp","href":"https:\/\/api.w.org\/{rel}","templated":true}]}}