{"id":5709,"date":"2020-09-22T10:16:15","date_gmt":"2020-09-22T08:16:15","guid":{"rendered":"http:\/\/klubmamgdynia.pl\/index.php\/produkt\/etui-simba-i-przyjaciele-001-disney-nadruk-pelny-czarny-producent-iphone-model-13-pro-max\/"},"modified":"2026-04-21T04:49:11","modified_gmt":"2026-04-21T02:49:11","slug":"etui-simba-i-przyjaciele-001-disney-nadruk-pelny-czarny-producent-iphone-model-13-pro-max","status":"publish","type":"product","link":"http:\/\/klubmamgdynia.pl\/index.php\/produkt\/etui-simba-i-przyjaciele-001-disney-nadruk-pelny-czarny-producent-iphone-model-13-pro-max\/","title":{"rendered":"Etui Simba i Przyjaciele 001 Disney Nadruk pe\u0142ny Czarny Producent: Iphone, Model: 13 PRO MAX"},"content":{"rendered":"<p>\u2022 W 100% oryginalny produkt Disney\u2122 &#8211; weryfikowany przez oficjalnych przedstawicieli Disney\u2122, na ka\u017cdym produkcie znajduje si\u0119 nota copyright, a na opakowaniu kod EAN i SKU potwierdzaj\u0105ce jego legalno\u015b\u0107 i oryginalno\u015b\u0107.\u2022 Maksymalna trwa\u0142o\u015b\u0107 \u2013 etui wykonane z najwy\u017cszej jako\u015bci materia\u0142u TPU (elastyczny, gi\u0119tki materia\u0142) z podwy\u017cszonymi, specjalnie wyprofilowanymi rantami. Grafika zosta\u0142a dodatkowo utrwalona najnowsz\u0105, specjalistyczn\u0105 technologi\u0105, kt\u00f3ra gwarantuje jej maksymaln\u0105 trwa\u0142o\u015b\u0107.\u2022 Unikalny design \u2013 podkr\u0119ci wygl\u0105d telefonu oraz podkre\u015bli Tw\u00f3j wyj\u0105tkowy styl i indywidualizm.\u2022 Gwarancja jako\u015bci &#8211; testy produkt\u00f3w wykonywane przez oficjalnych przedstawicieli brandu gwarantuj\u0105 jego najwy\u017csz\u0105 jako\u015b\u0107 oraz bezpiecze\u0144stwo u\u017cytkowania\u2022 Bezpiecze\u0144stwo u\u017cytkowania \u2013 wszystkie etui posiadaj\u0105 certyfikat REACH oraz specjalistyczne badania na ka\u017cdy z u\u017cytych materia\u0142\u00f3w (materia\u0142 z kt\u00f3rego wykonane jest etui, farby, utwardzacze grafiki itp.)\u2022 Dedykowane opakowania \u2013 ka\u017cde z etui zapakowane jest w dedykowane opakowanie.<\/p>\n<h2>Etui Simba i Przyjaciele 001 Disney Nadruk pe\u0142ny Czarny Producent: Iphone, Model: 13 PRO MAX Disney<\/h2>\n<p>quizy hobbit, czytanki na dobranoc, 45 pa\u0144stw europy i ich stolice quiz, kolorowanki do druku pieski<\/p>\n<p>yyyyy<\/p>\n<p>&nbsp;<\/p>\n","protected":false},"excerpt":{"rendered":"<p>\u2022 W 100% oryginalny produkt Disney\u2122 &#8211; weryfikowany przez oficjalnych przedstawicieli Disney\u2122, na ka\u017cdym produkcie znajduje si\u0119 nota copyright, a na opakowaniu kod EAN i SKU potwierdzaj\u0105ce jego legalno\u015b\u0107 i oryginalno\u015b\u0107.\u2022 Maksymalna trwa\u0142o\u015b\u0107 \u2013 etui wykonane z najwy\u017cszej jako\u015bci materia\u0142u TPU (elastyczny, gi\u0119tki materia\u0142) z podwy\u017cszonymi, specjalnie wyprofilowanymi rantami. Grafika zosta\u0142a dodatkowo utrwalona najnowsz\u0105, specjalistyczn\u0105 [&hellip;]<\/p>\n","protected":false},"featured_media":5710,"comment_status":"closed","ping_status":"open","template":"","meta":[],"product_cat":[275,1363],"product_tag":[831,865,685,680,753,769],"class_list":["post-5709","product","type-product","status-publish","has-post-thumbnail","hentry","product_cat-disney","product_cat-pokrowce-i-etui-do-telefonow","product_tag-bruno","product_tag-cytaty-o-dzieciach","product_tag-cytaty-o-rodzinie","product_tag-cytaty-z-malego-ksiecia","product_tag-kamila","product_tag-psi-patrol-do-czytania"],"_links":{"self":[{"href":"http:\/\/klubmamgdynia.pl\/index.php\/wp-json\/wp\/v2\/product\/5709","targetHints":{"allow":["GET"]}}],"collection":[{"href":"http:\/\/klubmamgdynia.pl\/index.php\/wp-json\/wp\/v2\/product"}],"about":[{"href":"http:\/\/klubmamgdynia.pl\/index.php\/wp-json\/wp\/v2\/types\/product"}],"replies":[{"embeddable":true,"href":"http:\/\/klubmamgdynia.pl\/index.php\/wp-json\/wp\/v2\/comments?post=5709"}],"wp:featuredmedia":[{"embeddable":true,"href":"http:\/\/klubmamgdynia.pl\/index.php\/wp-json\/wp\/v2\/media\/5710"}],"wp:attachment":[{"href":"http:\/\/klubmamgdynia.pl\/index.php\/wp-json\/wp\/v2\/media?parent=5709"}],"wp:term":[{"taxonomy":"product_cat","embeddable":true,"href":"http:\/\/klubmamgdynia.pl\/index.php\/wp-json\/wp\/v2\/product_cat?post=5709"},{"taxonomy":"product_tag","embeddable":true,"href":"http:\/\/klubmamgdynia.pl\/index.php\/wp-json\/wp\/v2\/product_tag?post=5709"}],"curies":[{"name":"wp","href":"https:\/\/api.w.org\/{rel}","templated":true}]}}