{"id":571,"date":"2018-12-30T12:38:47","date_gmt":"2018-12-30T11:38:47","guid":{"rendered":"http:\/\/klubmamgdynia.pl\/index.php\/produkt\/brio-zestaw-do-rozbudowy-3-33307\/"},"modified":"2026-04-27T18:25:14","modified_gmt":"2026-04-27T16:25:14","slug":"brio-zestaw-do-rozbudowy-3-33307","status":"publish","type":"product","link":"http:\/\/klubmamgdynia.pl\/index.php\/produkt\/brio-zestaw-do-rozbudowy-3-33307\/","title":{"rendered":"Brio Zestaw Do Rozbudowy 3 33307"},"content":{"rendered":"<p>Kolejka Drewniana BRIO 33307 Zestaw 11 Tor\u00f3w Rozjazdy W zestawie znajduje si\u0119 11 r\u00f3\u017cnych tor\u00f3w, umo\u017cliwiaj\u0105cych rozbudow\u0119 ka\u017cdego zestawu kolejki drewnianej. W sk\u0142ad zestawu wchodzi: skrzy\u017cowanie typu T, skrzy\u017cowanie typu X, dwa skrzy\u017cowanie typu Y, dwa podw\u00f3jne rozjazdy typu X, dwa bloki oporowe, dwa tory zjazdowe oraz jeden ma\u0142y \u0142\u0105cznik. Wszystkie tory s\u0105 starannie wykonane z wysokiej jako\u015bci drewna przez firm\u0119 BRIO. Wszystkie zestawy firmy BRIO s\u0105 kompatybilne z systemami kolejek drewnianych wi\u0119kszo\u015bci znanych firm (BigJigs, IKEA, MAXIM, Fisher Price, TESCO, Eichhorn, Woodyland, itp.) Ilo\u015b\u0107 element\u00f3w: 11 Producent: BRIO Wiek dziecka: 3+ Nr katalogowy: 33307 Wymiary opakowania: 29 cm x 16 cm x 9 cm BRIO to szwedzka firma zabawkarska istniej\u0105ca na rynku od ponad 130 lat. Produkty firmy wykonywane s\u0105 z najwy\u017cszej jako\u015bci materia\u0142\u00f3w bezpiecznych dla dziecka. Produktem flagowym firmy s\u0105 kolejki drewniane BRIO, kt\u00f3re s\u0105 pierwowzorem dla wszystkich innych producent\u00f3w. Zabawki BRIO opr\u00f3cz wysokiej jako\u015bci cechuje r\u00f3wnie\u017c ciekawe wzornictwo i dba\u0142o\u015b\u0107 o najmniejsze szczeg\u00f3\u0142y. Kolejka Drewniana BRIO poch\u0142onie na wiele godzin ka\u017cde dziecko, a dzi\u0119ki uniwersalnemu systemowi tor\u00f3w, kolejk\u0119 b\u0119dzie mo\u017cna rozbudowywa\u0107 o nowe elementy, czy te\u017c \u0142\u0105czy\u0107 z kolejkami innych firm.<\/p>\n<h2>Brio Zestaw Do Rozbudowy 3 33307 Brio<\/h2>\n<p>quiz felix net i nika oraz gang niewidzialnych ludzi, jak namalowa\u0107 psa, gdzie strumyk p\u0142ynie z wolna tekst, zagadki walentynkowe, my little pony kolorowanka, fajne \u017carty na prima aprilis, zimowe zagadki, literki do nauki pisania do druku, znaczenie imienia julian, sentencje ma\u0142y ksi\u0105\u017ce cytaty, quiz minecraft, malgorzata znaczenie imienia, swinka peppa do czytania, wakacyjne kolorowanki<\/p>\n<p>yyyyy<\/p>\n<p>&nbsp;<\/p>\n","protected":false},"excerpt":{"rendered":"<p>Kolejka Drewniana BRIO 33307 Zestaw 11 Tor\u00f3w Rozjazdy W zestawie znajduje si\u0119 11 r\u00f3\u017cnych tor\u00f3w, umo\u017cliwiaj\u0105cych rozbudow\u0119 ka\u017cdego zestawu kolejki drewnianej. W sk\u0142ad zestawu wchodzi: skrzy\u017cowanie typu T, skrzy\u017cowanie typu X, dwa skrzy\u017cowanie typu Y, dwa podw\u00f3jne rozjazdy typu X, dwa bloki oporowe, dwa tory zjazdowe oraz jeden ma\u0142y \u0142\u0105cznik. Wszystkie tory s\u0105 starannie wykonane [&hellip;]<\/p>\n","protected":false},"featured_media":572,"comment_status":"closed","ping_status":"open","template":"","meta":[],"product_cat":[78,56],"product_tag":[829,789,764,830],"class_list":["post-571","product","type-product","status-publish","has-post-thumbnail","hentry","product_cat-brio","product_cat-kolejki","product_tag-bajki-do-czytania-na-dobranoc","product_tag-kaczuszka","product_tag-prezenty-na-roczek-dla-dziewczynki","product_tag-rodzina-cytaty"],"_links":{"self":[{"href":"http:\/\/klubmamgdynia.pl\/index.php\/wp-json\/wp\/v2\/product\/571","targetHints":{"allow":["GET"]}}],"collection":[{"href":"http:\/\/klubmamgdynia.pl\/index.php\/wp-json\/wp\/v2\/product"}],"about":[{"href":"http:\/\/klubmamgdynia.pl\/index.php\/wp-json\/wp\/v2\/types\/product"}],"replies":[{"embeddable":true,"href":"http:\/\/klubmamgdynia.pl\/index.php\/wp-json\/wp\/v2\/comments?post=571"}],"wp:featuredmedia":[{"embeddable":true,"href":"http:\/\/klubmamgdynia.pl\/index.php\/wp-json\/wp\/v2\/media\/572"}],"wp:attachment":[{"href":"http:\/\/klubmamgdynia.pl\/index.php\/wp-json\/wp\/v2\/media?parent=571"}],"wp:term":[{"taxonomy":"product_cat","embeddable":true,"href":"http:\/\/klubmamgdynia.pl\/index.php\/wp-json\/wp\/v2\/product_cat?post=571"},{"taxonomy":"product_tag","embeddable":true,"href":"http:\/\/klubmamgdynia.pl\/index.php\/wp-json\/wp\/v2\/product_tag?post=571"}],"curies":[{"name":"wp","href":"https:\/\/api.w.org\/{rel}","templated":true}]}}