{"id":5713,"date":"2019-10-19T08:37:06","date_gmt":"2019-10-19T06:37:06","guid":{"rendered":"http:\/\/klubmamgdynia.pl\/index.php\/produkt\/wooden-city-drewniane-puzzle-delfiny-jewels-of-the-sea-250el-l\/"},"modified":"2026-04-19T04:22:34","modified_gmt":"2026-04-19T02:22:34","slug":"wooden-city-drewniane-puzzle-delfiny-jewels-of-the-sea-250el-l","status":"publish","type":"product","link":"http:\/\/klubmamgdynia.pl\/index.php\/produkt\/wooden-city-drewniane-puzzle-delfiny-jewels-of-the-sea-250el-l\/","title":{"rendered":"Wooden City Drewniane Puzzle Delfiny Jewels Of The Sea 250El. L"},"content":{"rendered":"<p>Puzzle drewniane Delfiny Jewels of the Sea 250 el.Poznajcie nowy rodzaj puzzli drewnianych produkowanych w Polsce.Uk\u0142adanie puzzli to wspania\u0142a rozrywka zar\u00f3wno dla dzieci, jak i doros\u0142ych. Umo\u017cliwia mi\u0142e sp\u0119dzenie popo\u0142udnia lub wieczoru, przez co ka\u017cdego dnia zyskuje ona nowo grono wielbicieli.Puzzle drewniane z figurkami dwustronneUk\u0142adanka sk\u0142ada si\u0119 ze 250 element\u00f3w. Ka\u017cdy z nich posiada indywidualny kszta\u0142t, co sprawia, \u017ce u\u0142o\u017cenie obrazka jest nie lada wyzwaniem. Puzzle te nie maj\u0105 klasycznych zako\u0144cze\u0144 oraz rog\u00f3w.Ponadto w zestawie znajduje si\u0119 40 figurek. Dzi\u0119ki temu Twoje dziecko w trakcie uk\u0142adania mo\u017ce zrobi\u0107 sobie przerw\u0119 i si\u0119 nimi pobawi\u0107.Dwustronne puzzle sprawi\u0105, \u017ce u\u0142o\u017cenie obrazka b\u0119dzie jeszcze nieco trudniejsze. Z jednej strony znajdziemy kolorowy obrazek przedstawiaj\u0105cy zdobione dwa delfiny, z drugiej za\u015b ciekawy dese\u0144.Puzzle wspaniale rozwijaj\u0105:Koncentracj\u0119Pami\u0119\u0107Cierpliwo\u015b\u0107Zdolno\u015bci manualneWyobra\u017ani\u0119 przestrzenn\u0105Kreatywne my\u015blenieKoordynacj\u0119 wzrokowo-ruchow\u0105Precyzj\u0119Jest to idealny upominek na prezent!Zar\u00f3wno same puzzle jak i opakowanie wykonane w 100% bezpiecznych dla dzieci materia\u0142\u00f3w &#8211; puzzle wyprodukowane s\u0105 z p\u0142yty z w\u0142\u00f3kna drewnianego. Zapakowane s\u0105 w papierow\u0105 torebk\u0119 oraz pude\u0142ko z tektury, wszystko jest niezafoliowane.Rozmiar puzzli: 375 x 254 mmSztuk: 250Unikalne kszta\u0142ty: 40EAN:5904151823721Grubo\u015b\u0107: 3 mmCzas uk\u0142adania: 180-240 min.Wiek: 8+CE, EN-71, ASTM D-4236<\/p>\n<h2>Wooden City Drewniane Puzzle Delfiny Jewels Of The Sea 250El. L Wooden City<\/h2>\n<p>\u0142amig\u0142\u00f3wki dla dzieci, znaki drogowe test, opis do zdj\u0119cia dziecka na fb, cytat o przyja\u017ani, kolorowanki na andrzejki do wydruku, pomys\u0142y na roczek, sentencje ma\u0142y ksi\u0105\u017ce cytaty, alan znaczenie imienia, ksi\u0105\u017cka dla dzieci online, zagadki logiczne na inteligencj\u0119, kamila, zagadki wielkanocne do druku, kolorowanki kotka, cytaty o dzieci\u0144stwie, quizy online, prezent dla 7 latka ch\u0142opca, kubu\u015b puchatek cytaty, prezent roczek, leonardo imi\u0119, zagadki dla dzieci 14 lat<\/p>\n<p>yyyyy<\/p>\n<p>&nbsp;<\/p>\n","protected":false},"excerpt":{"rendered":"<p>Puzzle drewniane Delfiny Jewels of the Sea 250 el.Poznajcie nowy rodzaj puzzli drewnianych produkowanych w Polsce.Uk\u0142adanie puzzli to wspania\u0142a rozrywka zar\u00f3wno dla dzieci, jak i doros\u0142ych. Umo\u017cliwia mi\u0142e sp\u0119dzenie popo\u0142udnia lub wieczoru, przez co ka\u017cdego dnia zyskuje ona nowo grono wielbicieli.Puzzle drewniane z figurkami dwustronneUk\u0142adanka sk\u0142ada si\u0119 ze 250 element\u00f3w. Ka\u017cdy z nich posiada indywidualny [&hellip;]<\/p>\n","protected":false},"featured_media":5714,"comment_status":"closed","ping_status":"open","template":"","meta":[],"product_cat":[90,231],"product_tag":[817,685,681,647,850,756],"class_list":["post-5713","product","type-product","status-publish","has-post-thumbnail","hentry","product_cat-puzzle","product_cat-wooden-city","product_tag-bajka-terapeutyczna-o-emocjach","product_tag-cytaty-o-rodzinie","product_tag-flagi-europy-quiz","product_tag-warszawa-z-dzieckiem","product_tag-wroclaw-atrakcje-dla-dzieci","product_tag-zaproszenie-na-urodziny-do-druku"],"_links":{"self":[{"href":"http:\/\/klubmamgdynia.pl\/index.php\/wp-json\/wp\/v2\/product\/5713","targetHints":{"allow":["GET"]}}],"collection":[{"href":"http:\/\/klubmamgdynia.pl\/index.php\/wp-json\/wp\/v2\/product"}],"about":[{"href":"http:\/\/klubmamgdynia.pl\/index.php\/wp-json\/wp\/v2\/types\/product"}],"replies":[{"embeddable":true,"href":"http:\/\/klubmamgdynia.pl\/index.php\/wp-json\/wp\/v2\/comments?post=5713"}],"wp:featuredmedia":[{"embeddable":true,"href":"http:\/\/klubmamgdynia.pl\/index.php\/wp-json\/wp\/v2\/media\/5714"}],"wp:attachment":[{"href":"http:\/\/klubmamgdynia.pl\/index.php\/wp-json\/wp\/v2\/media?parent=5713"}],"wp:term":[{"taxonomy":"product_cat","embeddable":true,"href":"http:\/\/klubmamgdynia.pl\/index.php\/wp-json\/wp\/v2\/product_cat?post=5713"},{"taxonomy":"product_tag","embeddable":true,"href":"http:\/\/klubmamgdynia.pl\/index.php\/wp-json\/wp\/v2\/product_tag?post=5713"}],"curies":[{"name":"wp","href":"https:\/\/api.w.org\/{rel}","templated":true}]}}